{"id":716018,"date":"2025-08-27T17:37:19","date_gmt":"2025-08-27T14:37:19","guid":{"rendered":"https:\/\/roveyayinevi.com.tr\/index.php\/urun\/dusler-diyari\/"},"modified":"2026-04-13T02:30:03","modified_gmt":"2026-04-12T23:30:03","slug":"dusler-diyari","status":"publish","type":"product","link":"https:\/\/roveyayinevi.com.tr\/index.php\/urun\/dusler-diyari\/","title":{"rendered":"D\u00fc\u015fler Diyar\u0131"},"content":{"rendered":"<p>Kemerlerinizi ba\u011flay\u0131n!..  \u00c7al\u0131nan g\u00fcl\u00fcc\u00fcklerin pe\u015fine d\u00fc\u015fece\u011fiz. \u0130yilikle k\u00f6t\u00fcl\u00fc\u011f\u00fcn sava\u015ft\u0131\u011f\u0131, ser\u00fcven dolu bir yolculu\u011fa \u00e7\u0131k\u0131yoruz\u2026  Bu yolculuk bizi D\u00fc\u015fler Diyar\u0131\u2019na g\u00f6t\u00fcrecek!.. Zihinlerimizde bir film karesi gibi canlanacak g\u00fc\u00e7l\u00fc bir hik\u00e2yeye\u2026 Ertan, B\u00fclent ve Kadri isimli \u00fc\u00e7 s\u0131n\u0131f arkada\u015f\u0131 kitaplar\u0131n tozunu almakla cezaland\u0131r\u0131l\u0131r ve ser\u00fcven ba\u015flar\u2026 Bir k\u00fct\u00fcphanenin tozlu raflar\u0131 aras\u0131nda ba\u015flayan fantastik hik\u00e2ye i\u00e7in buyurun kitab\u0131n sayfalar\u0131na\u2026 <\/p>\n","protected":false},"excerpt":{"rendered":"<p>Kemerlerinizi ba\u011flay\u0131n!.. \u00c7al\u0131nan g\u00fcl\u00fcc\u00fcklerin pe\u015fine d\u00fc\u015fece\u011fiz. \u0130yilikle k\u00f6t\u00fcl\u00fc\u011f\u00fcn sava\u015ft\u0131\u011f\u0131, ser\u00fcven dolu bir yolculu\u011fa \u00e7\u0131k\u0131yoruz\u2026 Bu yolculuk bizi D\u00fc\u015fler Diyar\u0131\u2019na g\u00f6t\u00fcrecek!.. Zihinlerimizde bir film karesi gibi canlanacak<span class=\"excerpt-hellip\"> [\u2026]<\/span><\/p>\n","protected":false},"featured_media":0,"template":"","meta":{"_monsterinsights_skip_tracking":false,"_monsterinsights_sitenote_active":false,"_monsterinsights_sitenote_note":"","_monsterinsights_sitenote_category":0},"product_brand":[],"product_cat":[12291,12711],"product_tag":[],"class_list":{"0":"post-716018","1":"product","2":"type-product","3":"status-publish","5":"product_cat-edebiyat","6":"product_cat-roman-oyku","7":"pa_cilt-ciltsiz","8":"pa_tur-kitap","9":"pa_yayinevi-bilgi-yayinevi","10":"pa_yazar-askin-gungor","12":"first","13":"instock","14":"sale","15":"shipping-taxable","16":"purchasable","17":"product-type-simple"},"_links":{"self":[{"href":"https:\/\/roveyayinevi.com.tr\/index.php\/wp-json\/wp\/v2\/product\/716018","targetHints":{"allow":["GET"]}}],"collection":[{"href":"https:\/\/roveyayinevi.com.tr\/index.php\/wp-json\/wp\/v2\/product"}],"about":[{"href":"https:\/\/roveyayinevi.com.tr\/index.php\/wp-json\/wp\/v2\/types\/product"}],"wp:attachment":[{"href":"https:\/\/roveyayinevi.com.tr\/index.php\/wp-json\/wp\/v2\/media?parent=716018"}],"wp:term":[{"taxonomy":"product_brand","embeddable":true,"href":"https:\/\/roveyayinevi.com.tr\/index.php\/wp-json\/wp\/v2\/product_brand?post=716018"},{"taxonomy":"product_cat","embeddable":true,"href":"https:\/\/roveyayinevi.com.tr\/index.php\/wp-json\/wp\/v2\/product_cat?post=716018"},{"taxonomy":"product_tag","embeddable":true,"href":"https:\/\/roveyayinevi.com.tr\/index.php\/wp-json\/wp\/v2\/product_tag?post=716018"}],"curies":[{"name":"wp","href":"https:\/\/api.w.org\/{rel}","templated":true}]}}