{"id":716016,"date":"2025-08-27T17:37:17","date_gmt":"2025-08-27T14:37:17","guid":{"rendered":"https:\/\/roveyayinevi.com.tr\/index.php\/urun\/hayatin-ortasinda-kitabin-kiyisinda\/"},"modified":"2026-04-16T02:24:29","modified_gmt":"2026-04-15T23:24:29","slug":"hayatin-ortasinda-kitabin-kiyisinda","status":"publish","type":"product","link":"https:\/\/roveyayinevi.com.tr\/index.php\/urun\/hayatin-ortasinda-kitabin-kiyisinda\/","title":{"rendered":"Hayat\u0131n Ortas\u0131nda Kitab\u0131n K\u0131y\u0131s\u0131nda"},"content":{"rendered":"<p>\u201cKald\u0131r\u0131mlar dostuydu \u015fairin, bense kald\u0131r\u0131mda y\u00fcr\u00fcyenleri, kald\u0131r\u0131mlarda oturanlar\u0131 ar\u0131yordum. \u00c7ay\u0131m\u0131 yudumlarken, tan\u0131\u015fmadan tan\u0131d\u0131\u011f\u0131m\u0131, konu\u015fmadan anla\u015faca\u011f\u0131m\u0131 umdu\u011fum, bakmadan bak\u0131\u015flar\u0131n\u0131 hissedece\u011fim bir amcayla kar\u015f\u0131 kar\u015f\u0131yayd\u0131m.\u201dHayat kimileri i\u00e7in reng\u00e2renk \u00e7i\u00e7eklerle dolu kimileri i\u00e7inse karanl\u0131k ve bo\u011fucudur. Asl\u0131nda hayat, siz onu daha anlaml\u0131 ya\u015famak istedi\u011finiz s\u00fcrece size i\u00e7indeki g\u00fczellikleri sunar  ve yar\u0131n g\u00fczel an\u0131lar diyece\u011finiz \u015feyleri bug\u00fcnden \u00f6n\u00fcn\u00fcze getirir.Ali B\u00fcy\u00fckaslan\u2019\u0131n zarif kaleminden sat\u0131rlara d\u00f6k\u00fclen bu eser, \u015fairleri, ki\u015fileri, kald\u0131r\u0131mlar\u0131, davulcular\u0131, \u00f6\u011frencileri, ya\u015fanm\u0131\u015fl\u0131klar\u0131, ya\u015fanacaklar\u0131 k\u0131sacas\u0131 hayat\u0131n tam ortas\u0131nda bulunanlar\u0131 konu ediniyor.<\/p>\n","protected":false},"excerpt":{"rendered":"<p>\u201cKald\u0131r\u0131mlar dostuydu \u015fairin, bense kald\u0131r\u0131mda y\u00fcr\u00fcyenleri, kald\u0131r\u0131mlarda oturanlar\u0131 ar\u0131yordum. \u00c7ay\u0131m\u0131 yudumlarken, tan\u0131\u015fmadan tan\u0131d\u0131\u011f\u0131m\u0131, konu\u015fmadan anla\u015faca\u011f\u0131m\u0131 umdu\u011fum, bakmadan bak\u0131\u015flar\u0131n\u0131 hissedece\u011fim bir amcayla kar\u015f\u0131 kar\u015f\u0131yayd\u0131m.\u201dHayat kimileri i\u00e7in reng\u00e2renk<span class=\"excerpt-hellip\"> [\u2026]<\/span><\/p>\n","protected":false},"featured_media":0,"template":"","meta":{"_monsterinsights_skip_tracking":false,"_monsterinsights_sitenote_active":false,"_monsterinsights_sitenote_note":"","_monsterinsights_sitenote_category":0},"product_brand":[],"product_cat":[12777,12291],"product_tag":[],"class_list":{"0":"post-716016","1":"product","2":"type-product","3":"status-publish","5":"product_cat-deneme","6":"product_cat-edebiyat","7":"pa_cilt-ciltsiz","8":"pa_tur-kitap","9":"pa_yayinevi-otto-yayinlari","10":"pa_yazar-ali-buyukaslan","12":"first","13":"instock","14":"sale","15":"shipping-taxable","16":"purchasable","17":"product-type-simple"},"_links":{"self":[{"href":"https:\/\/roveyayinevi.com.tr\/index.php\/wp-json\/wp\/v2\/product\/716016","targetHints":{"allow":["GET"]}}],"collection":[{"href":"https:\/\/roveyayinevi.com.tr\/index.php\/wp-json\/wp\/v2\/product"}],"about":[{"href":"https:\/\/roveyayinevi.com.tr\/index.php\/wp-json\/wp\/v2\/types\/product"}],"wp:attachment":[{"href":"https:\/\/roveyayinevi.com.tr\/index.php\/wp-json\/wp\/v2\/media?parent=716016"}],"wp:term":[{"taxonomy":"product_brand","embeddable":true,"href":"https:\/\/roveyayinevi.com.tr\/index.php\/wp-json\/wp\/v2\/product_brand?post=716016"},{"taxonomy":"product_cat","embeddable":true,"href":"https:\/\/roveyayinevi.com.tr\/index.php\/wp-json\/wp\/v2\/product_cat?post=716016"},{"taxonomy":"product_tag","embeddable":true,"href":"https:\/\/roveyayinevi.com.tr\/index.php\/wp-json\/wp\/v2\/product_tag?post=716016"}],"curies":[{"name":"wp","href":"https:\/\/api.w.org\/{rel}","templated":true}]}}