{"id":716012,"date":"2025-08-27T17:37:15","date_gmt":"2025-08-27T14:37:15","guid":{"rendered":"https:\/\/roveyayinevi.com.tr\/index.php\/urun\/genc-psikiyatristin-el-kitabi\/"},"modified":"2026-04-16T02:24:29","modified_gmt":"2026-04-15T23:24:29","slug":"genc-psikiyatristin-el-kitabi","status":"publish","type":"product","link":"https:\/\/roveyayinevi.com.tr\/index.php\/urun\/genc-psikiyatristin-el-kitabi\/","title":{"rendered":"Gen\u00e7 Psikiyatristin El Kitab\u0131"},"content":{"rendered":"<p>Kitap, \u00fcniversitelerin psikoloji b\u00f6l\u00fcmleri hocalar\u0131 ve \u00f6\u011frencileri ile alandaki psikologlar i\u00e7in de psikopatolojiye giri\u015f a\u00e7\u0131s\u0131ndan temel bir kitap niteli\u011findedir. Ruh sa\u011fl\u0131\u011f\u0131 ile ilgili meslek mensuplar\u0131 d\u0131\u015f\u0131nda psikiyatri konular\u0131na ilgi duyan bir\u00e7ok okuyucu i\u00e7in de temel psikiyatri bilgileri aktar\u0131lmaktad\u0131r.T\u0131bb\u0131n di\u011fer alanlar\u0131ndan farkl\u0131 olarak, psikiyatride tan\u0131 ve tedavi i\u015flemleri b\u00fcy\u00fck \u00f6l\u00e7\u00fcde hasta ile yap\u0131lan g\u00f6r\u00fc\u015fmelere ve bu g\u00f6r\u00fc\u015fmeler s\u0131ras\u0131nda elde edilen belirti ve bulgulara dayan\u0131r. Psikiyatrik muayene s\u0131ras\u0131nda ruhsal i\u015flevler sistemli bi\u00e7imde s\u0131rayla g\u00f6zden ge\u00e7irilerek bunlarla ilgili hastal\u0131k belirti ve bulgular\u0131 a\u00e7\u0131\u011fa \u00e7\u0131kart\u0131lmaya \u00e7al\u0131\u015f\u0131l\u0131r.Bu kitap \u00f6ncelikle psikiyatri ve psikoloji e\u011fitimi alan ve bu alanlarda \u00e7al\u0131\u015fan ki\u015filerin ba\u015fvuracaklar\u0131 kaynak bir kitap olarak haz\u0131rlanm\u0131\u015ft\u0131r.<\/p>\n","protected":false},"excerpt":{"rendered":"<p>Kitap, \u00fcniversitelerin psikoloji b\u00f6l\u00fcmleri hocalar\u0131 ve \u00f6\u011frencileri ile alandaki psikologlar i\u00e7in de psikopatolojiye giri\u015f a\u00e7\u0131s\u0131ndan temel bir kitap niteli\u011findedir. Ruh sa\u011fl\u0131\u011f\u0131 ile ilgili meslek mensuplar\u0131 d\u0131\u015f\u0131nda<span class=\"excerpt-hellip\"> [\u2026]<\/span><\/p>\n","protected":false},"featured_media":0,"template":"","meta":{"_monsterinsights_skip_tracking":false,"_monsterinsights_sitenote_active":false,"_monsterinsights_sitenote_note":"","_monsterinsights_sitenote_category":0},"product_brand":[],"product_cat":[20502,12357],"product_tag":[],"class_list":{"0":"post-716012","1":"product","2":"type-product","3":"status-publish","5":"product_cat-basvuru-kitaplari-psikoloji","6":"product_cat-psikoloji","7":"pa_cilt-ciltsiz","8":"pa_tur-kitap","9":"pa_yayinevi-psikonet-yayinlari","10":"pa_yazar-ismet-kirpinar","12":"first","13":"instock","14":"sale","15":"shipping-taxable","16":"purchasable","17":"product-type-simple"},"_links":{"self":[{"href":"https:\/\/roveyayinevi.com.tr\/index.php\/wp-json\/wp\/v2\/product\/716012","targetHints":{"allow":["GET"]}}],"collection":[{"href":"https:\/\/roveyayinevi.com.tr\/index.php\/wp-json\/wp\/v2\/product"}],"about":[{"href":"https:\/\/roveyayinevi.com.tr\/index.php\/wp-json\/wp\/v2\/types\/product"}],"wp:attachment":[{"href":"https:\/\/roveyayinevi.com.tr\/index.php\/wp-json\/wp\/v2\/media?parent=716012"}],"wp:term":[{"taxonomy":"product_brand","embeddable":true,"href":"https:\/\/roveyayinevi.com.tr\/index.php\/wp-json\/wp\/v2\/product_brand?post=716012"},{"taxonomy":"product_cat","embeddable":true,"href":"https:\/\/roveyayinevi.com.tr\/index.php\/wp-json\/wp\/v2\/product_cat?post=716012"},{"taxonomy":"product_tag","embeddable":true,"href":"https:\/\/roveyayinevi.com.tr\/index.php\/wp-json\/wp\/v2\/product_tag?post=716012"}],"curies":[{"name":"wp","href":"https:\/\/api.w.org\/{rel}","templated":true}]}}