{"id":716011,"date":"2025-08-27T17:37:14","date_gmt":"2025-08-27T14:37:14","guid":{"rendered":"https:\/\/roveyayinevi.com.tr\/index.php\/urun\/dunyayi-degistiren-dusunurler-3\/"},"modified":"2026-04-16T02:24:29","modified_gmt":"2026-04-15T23:24:29","slug":"dunyayi-degistiren-dusunurler-3","status":"publish","type":"product","link":"https:\/\/roveyayinevi.com.tr\/index.php\/urun\/dunyayi-degistiren-dusunurler-3\/","title":{"rendered":"D\u00fcnyay\u0131 De\u011fi\u015ftiren D\u00fc\u015f\u00fcn\u00fcrler &#8211; 3"},"content":{"rendered":"<p>Birinci ve ikinci ciltte Hint Vedalar\u0131\u2019ndan Kadim \u00c7in\u2019e, Antik Yunan, Roma ve R\u00f6nesans Avrupa\u2019s\u0131na kadar getirdi\u011fimiz se\u00e7ki, \u00fc\u00e7\u00fcnc\u00fc ciltle s\u00fcrd\u00fcr\u00fcl\u00fcyor. Kadim \u00e7a\u011flarda ba\u015flayan felsefi aray\u0131\u015f; yani maddenin \u00f6z\u00fcn\u00fcn ve hareketinin yasalar\u0131n\u0131n ne oldu\u011fu tart\u0131\u015fmas\u0131yla ba\u015flayan s\u00fcre\u00e7, art\u0131k, insan\u0131n ve toplumlar\u0131n do\u011fas\u0131n\u0131n ve de\u011fi\u015fiminin sosyal yasalar\u0131n\u0131n saptanmas\u0131yla ta\u00e7lan\u0131yordu. Ayd\u0131nlanma \u00c7a\u011f\u0131 ve \u00f6zellikle de Frans\u0131z materyalizmiyle tarih sahnesine \u00e7\u0131kan bald\u0131r\u0131 \u00e7\u0131plaklar, o g\u00fcne kadar tarihte e\u015fi g\u00f6r\u00fclmemi\u015f radikal d\u00fc\u015f\u00fcnce ve eylemlerle d\u00fcnyay\u0131 yeni bir \u00e7a\u011f\u0131n e\u015fi\u011fine getiriyordu. Amerikan Ba\u011f\u0131ms\u0131zl\u0131k Sava\u015f\u0131 ve Frans\u0131z Devrimi\u2019yle birlikte hem burjuvazinin iktidar\u0131 mutlakla\u015f\u0131yor hem de sanayile\u015fme hamlesiyle modern kapitalizm \u00e7a\u011f\u0131 ba\u015fl\u0131yordu. Di\u011fer ciltlerde oldu\u011fu gibi bu eserde de Sad\u0131k Usta, 18. y\u00fczy\u0131ldan ba\u015flayarak, 19. y\u00fczy\u0131l\u0131n ba\u015flar\u0131na kadar uzanan s\u00fcre\u00e7te, d\u00fcnyan\u0131n de\u011fi\u015fimine \u00f6nemli katk\u0131da bulunan d\u00fc\u015f\u00fcn\u00fcrlerin fikirlerini ve ya\u015famlar\u0131n\u0131 inceliyor. \u00dc\u00e7\u00fcnc\u00fc cildin kapsam\u0131ndaki d\u00fc\u015f\u00fcn\u00fcrler, metinler ve olaylar \u015f\u00f6yle: Diderot, d\u2019Alembert, Voltaire, La Mettrie, Rousseau, Helvetius, d\u2019Holbach, Thomas Jefferson, Thomas Paine, Robespierre, Saint-Just, Amerikan Ba\u011f\u0131ms\u0131zl\u0131k Beyannamesi, Frans\u0131z Devrimi Anayasa Taslaklar\u0131.<\/p>\n","protected":false},"excerpt":{"rendered":"<p>Birinci ve ikinci ciltte Hint Vedalar\u0131\u2019ndan Kadim \u00c7in\u2019e, Antik Yunan, Roma ve R\u00f6nesans Avrupa\u2019s\u0131na kadar getirdi\u011fimiz se\u00e7ki, \u00fc\u00e7\u00fcnc\u00fc ciltle s\u00fcrd\u00fcr\u00fcl\u00fcyor. Kadim \u00e7a\u011flarda ba\u015flayan felsefi aray\u0131\u015f; yani<span class=\"excerpt-hellip\"> [\u2026]<\/span><\/p>\n","protected":false},"featured_media":0,"template":"","meta":{"_monsterinsights_skip_tracking":false,"_monsterinsights_sitenote_active":false,"_monsterinsights_sitenote_note":"","_monsterinsights_sitenote_category":0},"product_brand":[],"product_cat":[16038,12388],"product_tag":[],"class_list":{"0":"post-716011","1":"product","2":"type-product","3":"status-publish","5":"product_cat-arastirma-inceleme-referans-felsefe","6":"product_cat-felsefe","7":"pa_cilt-ciltsiz","8":"pa_tur-kitap","9":"pa_yayinevi-kafka-yayinevi","10":"pa_yazar-sadik-usta","12":"first","13":"instock","14":"sale","15":"shipping-taxable","16":"purchasable","17":"product-type-simple"},"_links":{"self":[{"href":"https:\/\/roveyayinevi.com.tr\/index.php\/wp-json\/wp\/v2\/product\/716011","targetHints":{"allow":["GET"]}}],"collection":[{"href":"https:\/\/roveyayinevi.com.tr\/index.php\/wp-json\/wp\/v2\/product"}],"about":[{"href":"https:\/\/roveyayinevi.com.tr\/index.php\/wp-json\/wp\/v2\/types\/product"}],"wp:attachment":[{"href":"https:\/\/roveyayinevi.com.tr\/index.php\/wp-json\/wp\/v2\/media?parent=716011"}],"wp:term":[{"taxonomy":"product_brand","embeddable":true,"href":"https:\/\/roveyayinevi.com.tr\/index.php\/wp-json\/wp\/v2\/product_brand?post=716011"},{"taxonomy":"product_cat","embeddable":true,"href":"https:\/\/roveyayinevi.com.tr\/index.php\/wp-json\/wp\/v2\/product_cat?post=716011"},{"taxonomy":"product_tag","embeddable":true,"href":"https:\/\/roveyayinevi.com.tr\/index.php\/wp-json\/wp\/v2\/product_tag?post=716011"}],"curies":[{"name":"wp","href":"https:\/\/api.w.org\/{rel}","templated":true}]}}