{"id":716010,"date":"2025-08-27T17:37:14","date_gmt":"2025-08-27T14:37:14","guid":{"rendered":"https:\/\/roveyayinevi.com.tr\/index.php\/urun\/4-sinif-tum-dersler-yapraktestler\/"},"modified":"2026-04-16T02:24:29","modified_gmt":"2026-04-15T23:24:29","slug":"4-sinif-tum-dersler-yapraktestler","status":"publish","type":"product","link":"https:\/\/roveyayinevi.com.tr\/index.php\/urun\/4-sinif-tum-dersler-yapraktestler\/","title":{"rendered":"4.S\u0131n\u0131f T\u00fcm Dersler YaprakTestler"},"content":{"rendered":"<p>MEB\u2019in 4. s\u0131n\u0131f kazan\u0131mlar\u0131n\u0131n t\u00fcm\u00fcne y\u00f6nelik haz\u0131rlanm\u0131\u015ft\u0131r. 4. S\u0131n\u0131f m\u00fcfredat\u0131n\u0131n b\u00fct\u00fcn bran\u015flar\u0131n\u0131 (T\u00fcrk\u00e7e-Matematik-Fen Bilimleri-Sosyal Bilgiler- \u0130ngilizce) kapsar. Testler kolaydan zora do\u011fru, MEB \u00f6\u011fretim program\u0131na bire bir uyumlu yeni nesil sorulardan haz\u0131rlanm\u0131\u015ft\u0131r. Sorular\u0131n haz\u0131rlanmas\u0131nda de\u011ferler e\u011fitimine yer verilmi\u015ftir.  \u00d6\u011frencilerin yaparak, ya\u015fayarak, uygulamal\u0131 bir \u015fekilde \u00f6\u011frenmesini sa\u011flamak i\u00e7in zengin g\u00f6rsel \u00f6\u011feler kullan\u0131lm\u0131\u015ft\u0131r<\/p>\n","protected":false},"excerpt":{"rendered":"<p>MEB\u2019in 4. s\u0131n\u0131f kazan\u0131mlar\u0131n\u0131n t\u00fcm\u00fcne y\u00f6nelik haz\u0131rlanm\u0131\u015ft\u0131r. 4. S\u0131n\u0131f m\u00fcfredat\u0131n\u0131n b\u00fct\u00fcn bran\u015flar\u0131n\u0131 (T\u00fcrk\u00e7e-Matematik-Fen Bilimleri-Sosyal Bilgiler- \u0130ngilizce) kapsar. Testler kolaydan zora do\u011fru, MEB \u00f6\u011fretim program\u0131na bire bir<span class=\"excerpt-hellip\"> [\u2026]<\/span><\/p>\n","protected":false},"featured_media":0,"template":"","meta":{"_monsterinsights_skip_tracking":false,"_monsterinsights_sitenote_active":false,"_monsterinsights_sitenote_note":"","_monsterinsights_sitenote_category":0},"product_brand":[],"product_cat":[58712,12566,45576,42911,13473],"product_tag":[],"class_list":{"0":"post-716010","1":"product","2":"type-product","3":"status-publish","5":"product_cat-4-sinif-yaprak-testler","6":"product_cat-egitim","7":"product_cat-ilkogretim-4-sinif","8":"product_cat-ilkogretim-yardimci-kitaplar","9":"product_cat-sinavlara-hazirlik-okula-yardimci-kaynaklar","10":"pa_cilt-ciltsiz","11":"pa_tur-kitap10","12":"pa_yayinevi-evrensel-iletisim-yayinlari","13":"pa_yazar-evrensel-kolektif","15":"first","16":"instock","17":"sale","18":"shipping-taxable","19":"purchasable","20":"product-type-simple"},"_links":{"self":[{"href":"https:\/\/roveyayinevi.com.tr\/index.php\/wp-json\/wp\/v2\/product\/716010","targetHints":{"allow":["GET"]}}],"collection":[{"href":"https:\/\/roveyayinevi.com.tr\/index.php\/wp-json\/wp\/v2\/product"}],"about":[{"href":"https:\/\/roveyayinevi.com.tr\/index.php\/wp-json\/wp\/v2\/types\/product"}],"wp:attachment":[{"href":"https:\/\/roveyayinevi.com.tr\/index.php\/wp-json\/wp\/v2\/media?parent=716010"}],"wp:term":[{"taxonomy":"product_brand","embeddable":true,"href":"https:\/\/roveyayinevi.com.tr\/index.php\/wp-json\/wp\/v2\/product_brand?post=716010"},{"taxonomy":"product_cat","embeddable":true,"href":"https:\/\/roveyayinevi.com.tr\/index.php\/wp-json\/wp\/v2\/product_cat?post=716010"},{"taxonomy":"product_tag","embeddable":true,"href":"https:\/\/roveyayinevi.com.tr\/index.php\/wp-json\/wp\/v2\/product_tag?post=716010"}],"curies":[{"name":"wp","href":"https:\/\/api.w.org\/{rel}","templated":true}]}}