{"id":716009,"date":"2025-08-27T17:37:13","date_gmt":"2025-08-27T14:37:13","guid":{"rendered":"https:\/\/roveyayinevi.com.tr\/index.php\/urun\/sureya-gibi\/"},"modified":"2026-04-16T02:24:29","modified_gmt":"2026-04-15T23:24:29","slug":"sureya-gibi","status":"publish","type":"product","link":"https:\/\/roveyayinevi.com.tr\/index.php\/urun\/sureya-gibi\/","title":{"rendered":"S\u00fcreya Gibi"},"content":{"rendered":"<p>Siz bu yaz\u0131y\u0131 okurken benden \u00e7ok uzaklarda olacaks\u0131n\u0131z. En az S\u00fcreya kadar\u2026   Yollar\u0131m\u0131z elbette kesi\u015fecek. Bakars\u0131n\u0131z bu bir kitap olur, bir \u015fark\u0131 olur. Belki de elinizde tutuyorsunuzdur bu sebepleri, hem de \u015fu an. Bu k\u0131v\u0131lc\u0131mlar \u00e7\u0131km\u0131yor bo\u015f yere.<\/p>\n","protected":false},"excerpt":{"rendered":"<p>Siz bu yaz\u0131y\u0131 okurken benden \u00e7ok uzaklarda olacaks\u0131n\u0131z. En az S\u00fcreya kadar\u2026 Yollar\u0131m\u0131z elbette kesi\u015fecek. Bakars\u0131n\u0131z bu bir kitap olur, bir \u015fark\u0131 olur. Belki de elinizde<span class=\"excerpt-hellip\"> [\u2026]<\/span><\/p>\n","protected":false},"featured_media":0,"template":"","meta":{"_monsterinsights_skip_tracking":false,"_monsterinsights_sitenote_active":false,"_monsterinsights_sitenote_note":"","_monsterinsights_sitenote_category":0},"product_brand":[],"product_cat":[12777,12291],"product_tag":[],"class_list":{"0":"post-716009","1":"product","2":"type-product","3":"status-publish","5":"product_cat-deneme","6":"product_cat-edebiyat","7":"pa_cilt-ciltsiz","8":"pa_tur-kitap","9":"pa_yayinevi-dokuz-yayinlari","10":"pa_yazar-ridvan-keskin","12":"first","13":"instock","14":"sale","15":"shipping-taxable","16":"purchasable","17":"product-type-simple"},"_links":{"self":[{"href":"https:\/\/roveyayinevi.com.tr\/index.php\/wp-json\/wp\/v2\/product\/716009","targetHints":{"allow":["GET"]}}],"collection":[{"href":"https:\/\/roveyayinevi.com.tr\/index.php\/wp-json\/wp\/v2\/product"}],"about":[{"href":"https:\/\/roveyayinevi.com.tr\/index.php\/wp-json\/wp\/v2\/types\/product"}],"wp:attachment":[{"href":"https:\/\/roveyayinevi.com.tr\/index.php\/wp-json\/wp\/v2\/media?parent=716009"}],"wp:term":[{"taxonomy":"product_brand","embeddable":true,"href":"https:\/\/roveyayinevi.com.tr\/index.php\/wp-json\/wp\/v2\/product_brand?post=716009"},{"taxonomy":"product_cat","embeddable":true,"href":"https:\/\/roveyayinevi.com.tr\/index.php\/wp-json\/wp\/v2\/product_cat?post=716009"},{"taxonomy":"product_tag","embeddable":true,"href":"https:\/\/roveyayinevi.com.tr\/index.php\/wp-json\/wp\/v2\/product_tag?post=716009"}],"curies":[{"name":"wp","href":"https:\/\/api.w.org\/{rel}","templated":true}]}}