{"id":716008,"date":"2025-08-27T17:37:12","date_gmt":"2025-08-27T14:37:12","guid":{"rendered":"https:\/\/roveyayinevi.com.tr\/index.php\/urun\/komik-hayvan-isimleri-bakanligi\/"},"modified":"2026-04-16T02:24:29","modified_gmt":"2026-04-15T23:24:29","slug":"komik-hayvan-isimleri-bakanligi","status":"publish","type":"product","link":"https:\/\/roveyayinevi.com.tr\/index.php\/urun\/komik-hayvan-isimleri-bakanligi\/","title":{"rendered":"Komik Hayvan \u0130simleri Bakanl\u0131\u011f\u0131"},"content":{"rendered":"<p>Sahanda Yumurta Denizanas\u0131, Diken S\u0131rtl\u0131 Maymun Surat Bal\u0131\u011f\u0131, Pembe Peri Armadillo. \u0130nanmayacaks\u0131n ama bu hayvanlar\u0131n hepsi ger\u00e7ekten var! Komik Hayvan \u0130simleri Bakanl\u0131\u011f\u0131\u2019na ho\u015f geldin! Buradaki hayvanlar\u0131n bir ortak noktas\u0131 var, hepsi isimlerini de\u011fi\u015ftirmek istiyor. B\u00fcy\u00fcleyici hayvanlar ve onlar\u0131n bitmeyen kahkahalar\u0131yla dolu, \u00e7\u0131lg\u0131ncas\u0131na e\u011flenceli bir kitap bu. Peki ya sen, hayat\u0131nda hi\u00e7 P\u00fcsk\u00fcll\u00fc Hal\u0131 K\u00f6pekbal\u0131\u011f\u0131 g\u00f6rd\u00fcn m\u00fc? Not: H\u00e2l\u00e2 bu isimlere inanam\u0131yorsan, kitab\u0131n son sayfas\u0131na bir g\u00f6z at. <\/p>\n","protected":false},"excerpt":{"rendered":"<p>Sahanda Yumurta Denizanas\u0131, Diken S\u0131rtl\u0131 Maymun Surat Bal\u0131\u011f\u0131, Pembe Peri Armadillo. \u0130nanmayacaks\u0131n ama bu hayvanlar\u0131n hepsi ger\u00e7ekten var! Komik Hayvan \u0130simleri Bakanl\u0131\u011f\u0131\u2019na ho\u015f geldin! Buradaki hayvanlar\u0131n<span class=\"excerpt-hellip\"> [\u2026]<\/span><\/p>\n","protected":false},"featured_media":0,"template":"","meta":{"_monsterinsights_skip_tracking":false,"_monsterinsights_sitenote_active":false,"_monsterinsights_sitenote_note":"","_monsterinsights_sitenote_category":0},"product_brand":[],"product_cat":[12913,12274],"product_tag":[],"class_list":{"0":"post-716008","1":"product","2":"type-product","3":"status-publish","5":"product_cat-3-6-yas-kitaplari","6":"product_cat-cocuk-ve-genclik-kitaplari","7":"pa_cilt-ciltsiz","8":"pa_tur-kitap","9":"pa_yayinevi-domingo-yayinevi","10":"pa_yazar-kes-gray-nikki-dyson","12":"first","13":"instock","14":"sale","15":"shipping-taxable","16":"purchasable","17":"product-type-simple"},"_links":{"self":[{"href":"https:\/\/roveyayinevi.com.tr\/index.php\/wp-json\/wp\/v2\/product\/716008","targetHints":{"allow":["GET"]}}],"collection":[{"href":"https:\/\/roveyayinevi.com.tr\/index.php\/wp-json\/wp\/v2\/product"}],"about":[{"href":"https:\/\/roveyayinevi.com.tr\/index.php\/wp-json\/wp\/v2\/types\/product"}],"wp:attachment":[{"href":"https:\/\/roveyayinevi.com.tr\/index.php\/wp-json\/wp\/v2\/media?parent=716008"}],"wp:term":[{"taxonomy":"product_brand","embeddable":true,"href":"https:\/\/roveyayinevi.com.tr\/index.php\/wp-json\/wp\/v2\/product_brand?post=716008"},{"taxonomy":"product_cat","embeddable":true,"href":"https:\/\/roveyayinevi.com.tr\/index.php\/wp-json\/wp\/v2\/product_cat?post=716008"},{"taxonomy":"product_tag","embeddable":true,"href":"https:\/\/roveyayinevi.com.tr\/index.php\/wp-json\/wp\/v2\/product_tag?post=716008"}],"curies":[{"name":"wp","href":"https:\/\/api.w.org\/{rel}","templated":true}]}}