{"id":716007,"date":"2025-08-27T17:37:11","date_gmt":"2025-08-27T14:37:11","guid":{"rendered":"https:\/\/roveyayinevi.com.tr\/index.php\/urun\/kuma-3\/"},"modified":"2026-04-16T02:24:29","modified_gmt":"2026-04-15T23:24:29","slug":"kuma-3","status":"publish","type":"product","link":"https:\/\/roveyayinevi.com.tr\/index.php\/urun\/kuma-3\/","title":{"rendered":"Kuma 3"},"content":{"rendered":"<p>Ka\u00e7\u0131p gitmenin imk\u00e2ns\u0131z oldu\u011fu bir hayata tutunmaya \u00e7al\u0131\u015fan iki KADIN! \u0130ki kad\u0131n\u0131 ayakta tutmaya \u00e7al\u0131\u015fan y\u0131k\u0131lm\u0131\u015f bir ADAM!   Adam ilk kad\u0131na elini uzatt\u0131. \u0130kinci kad\u0131n\u0131 arkas\u0131nda b\u0131rakt\u0131. Ezo teslimiyet i\u00e7inde f\u0131s\u0131ldad\u0131: Benim kaderimde sadece ikimiz vard\u0131k. <\/p>\n","protected":false},"excerpt":{"rendered":"<p>Ka\u00e7\u0131p gitmenin imk\u00e2ns\u0131z oldu\u011fu bir hayata tutunmaya \u00e7al\u0131\u015fan iki KADIN! \u0130ki kad\u0131n\u0131 ayakta tutmaya \u00e7al\u0131\u015fan y\u0131k\u0131lm\u0131\u015f bir ADAM! Adam ilk kad\u0131na elini uzatt\u0131. \u0130kinci kad\u0131n\u0131 arkas\u0131nda<span class=\"excerpt-hellip\"> [\u2026]<\/span><\/p>\n","protected":false},"featured_media":0,"template":"","meta":{"_monsterinsights_skip_tracking":false,"_monsterinsights_sitenote_active":false,"_monsterinsights_sitenote_note":"","_monsterinsights_sitenote_category":0},"product_brand":[],"product_cat":[12291,12711],"product_tag":[],"class_list":{"0":"post-716007","1":"product","2":"type-product","3":"status-publish","5":"product_cat-edebiyat","6":"product_cat-roman-oyku","7":"pa_cilt-ciltsiz","8":"pa_tur-kitap","9":"pa_yayinevi-dokuz-yayinlari","10":"pa_yazar-sehnaz-gulsen","12":"first","13":"instock","14":"sale","15":"shipping-taxable","16":"purchasable","17":"product-type-simple"},"_links":{"self":[{"href":"https:\/\/roveyayinevi.com.tr\/index.php\/wp-json\/wp\/v2\/product\/716007","targetHints":{"allow":["GET"]}}],"collection":[{"href":"https:\/\/roveyayinevi.com.tr\/index.php\/wp-json\/wp\/v2\/product"}],"about":[{"href":"https:\/\/roveyayinevi.com.tr\/index.php\/wp-json\/wp\/v2\/types\/product"}],"wp:attachment":[{"href":"https:\/\/roveyayinevi.com.tr\/index.php\/wp-json\/wp\/v2\/media?parent=716007"}],"wp:term":[{"taxonomy":"product_brand","embeddable":true,"href":"https:\/\/roveyayinevi.com.tr\/index.php\/wp-json\/wp\/v2\/product_brand?post=716007"},{"taxonomy":"product_cat","embeddable":true,"href":"https:\/\/roveyayinevi.com.tr\/index.php\/wp-json\/wp\/v2\/product_cat?post=716007"},{"taxonomy":"product_tag","embeddable":true,"href":"https:\/\/roveyayinevi.com.tr\/index.php\/wp-json\/wp\/v2\/product_tag?post=716007"}],"curies":[{"name":"wp","href":"https:\/\/api.w.org\/{rel}","templated":true}]}}