{"id":716006,"date":"2025-08-27T17:37:11","date_gmt":"2025-08-27T14:37:11","guid":{"rendered":"https:\/\/roveyayinevi.com.tr\/index.php\/urun\/gece-dersleri\/"},"modified":"2026-04-16T02:24:29","modified_gmt":"2026-04-15T23:24:29","slug":"gece-dersleri","status":"publish","type":"product","link":"https:\/\/roveyayinevi.com.tr\/index.php\/urun\/gece-dersleri\/","title":{"rendered":"Gece Dersleri"},"content":{"rendered":"<p>Ama sen, kendine ait bir hayat par\u00e7as\u0131n\u0131 ele ge\u00e7irme hayaline \u00e7arp\u0131ld\u0131n ve g\u00f6zleri k\u00f6p\u00fckler i\u00e7inde y\u00fczen karanl\u0131k perileriyle d\u00fc\u015f\u00fcp kalkmaya ba\u015flad\u0131n. On sekiz ya\u015f\u0131ndaki G\u00fclfidan, \u201cSekreter R\u00fczg\u00e2r\u201d kod ad\u0131yla solcu bir \u00f6rg\u00fcte kat\u0131lm\u0131\u015ft\u0131r. Ancak ayk\u0131r\u0131 ki\u015fili\u011fini bast\u0131r\u0131p uyum sa\u011flamakta g\u00fc\u00e7l\u00fck \u00e7eker. \u00d6rg\u00fct liderlerinden biriyle evlenen G\u00fclfidan, t\u00fcm \u00fcyelerin kar\u015f\u0131 \u00e7\u0131kmas\u0131na ra\u011fmen \u00e7ocu\u011funu do\u011furur. Gelgelelim \u00f6rg\u00fctte kalmak i\u00e7in kendine uygulad\u0131\u011f\u0131 bask\u0131, ruhunda derin yaralar a\u00e7ar. 12 Eyl\u00fcl Darbesi\u2019yle \u00f6rg\u00fct \u00fcyelerinin gizlenmesine tan\u0131k olan G\u00fclfidan zamanla kendisinin de hem \u00f6rg\u00fctten hem kendinden gizledi\u011fi bir ya\u015fam\u0131 oldu\u011funu fark edecektir. Bu gizli hayata son vermek i\u00e7inse elinde tek bir silah vard\u0131r: yazmak\u2026 \u0130lk kez 1986 y\u0131l\u0131nda yay\u0131mlanan, yazar\u0131n\u0131n \u201ck\u0131sac\u0131k bir roman\u0131n uzun \u015fiiri\u201d olarak tan\u0131mlad\u0131\u011f\u0131 Gece Dersleri, par\u00e7al\u0131 ve bo\u015fluklu yap\u0131s\u0131yla benzersiz bir \u00fcslup denemesi olarak kar\u015f\u0131lanm\u0131\u015ft\u0131. <\/p>\n","protected":false},"excerpt":{"rendered":"<p>Ama sen, kendine ait bir hayat par\u00e7as\u0131n\u0131 ele ge\u00e7irme hayaline \u00e7arp\u0131ld\u0131n ve g\u00f6zleri k\u00f6p\u00fckler i\u00e7inde y\u00fczen karanl\u0131k perileriyle d\u00fc\u015f\u00fcp kalkmaya ba\u015flad\u0131n. On sekiz ya\u015f\u0131ndaki G\u00fclfidan, \u201cSekreter<span class=\"excerpt-hellip\"> [\u2026]<\/span><\/p>\n","protected":false},"featured_media":0,"template":"","meta":{"_monsterinsights_skip_tracking":false,"_monsterinsights_sitenote_active":false,"_monsterinsights_sitenote_note":"","_monsterinsights_sitenote_category":0},"product_brand":[],"product_cat":[12291,12711],"product_tag":[],"class_list":{"0":"post-716006","1":"product","2":"type-product","3":"status-publish","5":"product_cat-edebiyat","6":"product_cat-roman-oyku","7":"pa_cilt-ciltsiz","8":"pa_tur-kitap","9":"pa_yayinevi-can-yayinlari","10":"pa_yazar-latife-tekin","12":"first","13":"instock","14":"sale","15":"shipping-taxable","16":"purchasable","17":"product-type-simple"},"_links":{"self":[{"href":"https:\/\/roveyayinevi.com.tr\/index.php\/wp-json\/wp\/v2\/product\/716006","targetHints":{"allow":["GET"]}}],"collection":[{"href":"https:\/\/roveyayinevi.com.tr\/index.php\/wp-json\/wp\/v2\/product"}],"about":[{"href":"https:\/\/roveyayinevi.com.tr\/index.php\/wp-json\/wp\/v2\/types\/product"}],"wp:attachment":[{"href":"https:\/\/roveyayinevi.com.tr\/index.php\/wp-json\/wp\/v2\/media?parent=716006"}],"wp:term":[{"taxonomy":"product_brand","embeddable":true,"href":"https:\/\/roveyayinevi.com.tr\/index.php\/wp-json\/wp\/v2\/product_brand?post=716006"},{"taxonomy":"product_cat","embeddable":true,"href":"https:\/\/roveyayinevi.com.tr\/index.php\/wp-json\/wp\/v2\/product_cat?post=716006"},{"taxonomy":"product_tag","embeddable":true,"href":"https:\/\/roveyayinevi.com.tr\/index.php\/wp-json\/wp\/v2\/product_tag?post=716006"}],"curies":[{"name":"wp","href":"https:\/\/api.w.org\/{rel}","templated":true}]}}