{"id":716002,"date":"2025-08-27T17:37:08","date_gmt":"2025-08-27T14:37:08","guid":{"rendered":"https:\/\/roveyayinevi.com.tr\/index.php\/urun\/finansal-muhasebe\/"},"modified":"2025-09-29T00:44:41","modified_gmt":"2025-09-28T21:44:41","slug":"finansal-muhasebe","status":"publish","type":"product","link":"https:\/\/roveyayinevi.com.tr\/index.php\/urun\/finansal-muhasebe\/","title":{"rendered":"Finansal Muhasebe"},"content":{"rendered":"<p>Muhasebe Biliminin Temelleri \u0130\u015fletme ve Muhasebe ile \u0130lgili Genel Bilgiler Muhasebe Kay\u0131t Tekni\u011fi Muhasebe D\u00fczeninin Olu\u015fturulmas\u0131 Muhasebenin Temel Konular\u0131 Muhasebe S\u00fcreci Tek D\u00fczen Muhasebe Sistemine Y\u00f6nelik Yasal D\u00fczenlemeler Tek D\u00fczen Muhasebe Sistemi Uygulamas\u0131 D\u00f6nen Varl\u0131klar Duran Varl\u0131klar K\u0131sa Vadeli Yabanc\u0131 Kaynaklar Uzun Vadeli Yabanc\u0131 Kaynaklar \u00d6zkaynaklar Gelir Tablosu Hesaplar\u0131 Maliyet Hesaplar\u0131 Naz\u0131m Hesaplar <\/p>\n","protected":false},"excerpt":{"rendered":"<p>Muhasebe Biliminin Temelleri \u0130\u015fletme ve Muhasebe ile \u0130lgili Genel Bilgiler Muhasebe Kay\u0131t Tekni\u011fi Muhasebe D\u00fczeninin Olu\u015fturulmas\u0131 Muhasebenin Temel Konular\u0131 Muhasebe S\u00fcreci Tek D\u00fczen Muhasebe Sistemine Y\u00f6nelik<span class=\"excerpt-hellip\"> [\u2026]<\/span><\/p>\n","protected":false},"featured_media":0,"template":"","meta":{"_monsterinsights_skip_tracking":false,"_monsterinsights_sitenote_active":false,"_monsterinsights_sitenote_note":"","_monsterinsights_sitenote_category":0},"product_brand":[],"product_cat":[13043,14381],"product_tag":[],"class_list":{"0":"post-716002","1":"product","2":"type-product","3":"status-publish","5":"product_cat-ekonomi","6":"product_cat-isletme-muhasebe-maliye","7":"pa_cilt-ciltsiz","8":"pa_tur-kitap","9":"pa_yayinevi-gazi-kitabevi","10":"pa_yazar-sinan-aslan","12":"first","13":"instock","14":"sale","15":"shipping-taxable","16":"purchasable","17":"product-type-simple"},"_links":{"self":[{"href":"https:\/\/roveyayinevi.com.tr\/index.php\/wp-json\/wp\/v2\/product\/716002","targetHints":{"allow":["GET"]}}],"collection":[{"href":"https:\/\/roveyayinevi.com.tr\/index.php\/wp-json\/wp\/v2\/product"}],"about":[{"href":"https:\/\/roveyayinevi.com.tr\/index.php\/wp-json\/wp\/v2\/types\/product"}],"wp:attachment":[{"href":"https:\/\/roveyayinevi.com.tr\/index.php\/wp-json\/wp\/v2\/media?parent=716002"}],"wp:term":[{"taxonomy":"product_brand","embeddable":true,"href":"https:\/\/roveyayinevi.com.tr\/index.php\/wp-json\/wp\/v2\/product_brand?post=716002"},{"taxonomy":"product_cat","embeddable":true,"href":"https:\/\/roveyayinevi.com.tr\/index.php\/wp-json\/wp\/v2\/product_cat?post=716002"},{"taxonomy":"product_tag","embeddable":true,"href":"https:\/\/roveyayinevi.com.tr\/index.php\/wp-json\/wp\/v2\/product_tag?post=716002"}],"curies":[{"name":"wp","href":"https:\/\/api.w.org\/{rel}","templated":true}]}}