{"id":715999,"date":"2025-08-27T17:37:06","date_gmt":"2025-08-27T14:37:06","guid":{"rendered":"https:\/\/roveyayinevi.com.tr\/index.php\/urun\/argosta-bir-krallik\/"},"modified":"2026-04-16T02:24:29","modified_gmt":"2026-04-15T23:24:29","slug":"argosta-bir-krallik","status":"publish","type":"product","link":"https:\/\/roveyayinevi.com.tr\/index.php\/urun\/argosta-bir-krallik\/","title":{"rendered":"Argos\u2019ta Bir Krall\u0131k"},"content":{"rendered":"<p>\u201cEsk \u00c7a\u011fda Bir Devrin Anatomisi\u2026\u201d Bu tiyatro eserinde, kahramanlar, olaylar ve mekanlar ge\u00e7mi\u015fle \u015fimdiki zaman aras\u0131nda yeniden kurgulan\u0131yor. Anlat\u0131mda \u201cg\u00fcleriz a\u011flanacak halimize\u201d tad\u0131nda bir ger\u00e7ek\u00e7ilik ve mizah birlikteli\u011fi g\u00f6ze \u00e7arp\u0131yor.Eserin di\u011fer bir \u00f6zelli\u011fi ise kahramanlar\u0131n\u0131n bize tan\u0131d\u0131k gelmesi; vatanda\u015flar, vekiller, gazeteciler, y\u00f6neticiler sanki bizden, sanki bizim aram\u0131zda\u2026 Yazar, politik olaylar\u0131 ve muhataplar\u0131n\u0131n tav\u0131rlar\u0131n\u0131 \u201claf\u0131 doland\u0131rmadan\u201d anlatmay\u0131 ye\u011flemi\u015f.\u0130nsan davran\u0131\u015flar\u0131ndaki \u00e7\u0131karc\u0131l\u0131\u011f\u0131 , f\u0131rsat\u00e7\u0131l\u0131\u011f\u0131 ortaya koyarken, erdemli bir duru\u015f sergilenmemesi halinde her devirde ya\u015fanabilecek sorunlar\u0131n da alt\u0131n\u0131 \u00e7izmi\u015f.Kitapta; insane haklar\u0131, \u00f6zg\u00fcrl\u00fck ve laiklik gibi demokrasinin temel unsurlar\u0131 \u00fczerine y\u00fcr\u00fct\u00fclen varl\u0131k m\u00fccadelesi \u201cd\u00fcn\u00fcn d\u00fcnyas\u0131nda\u201d ama \u201cbu g\u00fcn\u00fcn de\u011ferleriyle, umut ve korkular\u0131yla\u201d ele al\u0131nm\u0131\u015f. Eserin b\u00fcy\u00fck bir b\u00f6l\u00fcm\u00fcnde toplumsal, ilerlemeci de\u011ferlerin i\u00e7inin bo\u015falt\u0131lmas\u0131na kar\u015f\u0131 ele\u015ftirel bir duru\u015f \u00f6n planda tutulmu\u015f.<\/p>\n","protected":false},"excerpt":{"rendered":"<p>\u201cEsk \u00c7a\u011fda Bir Devrin Anatomisi\u2026\u201d Bu tiyatro eserinde, kahramanlar, olaylar ve mekanlar ge\u00e7mi\u015fle \u015fimdiki zaman aras\u0131nda yeniden kurgulan\u0131yor. Anlat\u0131mda \u201cg\u00fcleriz a\u011flanacak halimize\u201d tad\u0131nda bir ger\u00e7ek\u00e7ilik ve<span class=\"excerpt-hellip\"> [\u2026]<\/span><\/p>\n","protected":false},"featured_media":0,"template":"","meta":{"_monsterinsights_skip_tracking":false,"_monsterinsights_sitenote_active":false,"_monsterinsights_sitenote_note":"","_monsterinsights_sitenote_category":0},"product_brand":[],"product_cat":[12409,12408],"product_tag":[],"class_list":{"0":"post-715999","1":"product","2":"type-product","3":"status-publish","5":"product_cat-fotograf-sinema-tiyatro","6":"product_cat-sanat","7":"pa_cilt-ciltsiz","8":"pa_tur-kitap","9":"pa_yayinevi-karinca-yayinlari","10":"pa_yazar-nur-gurkan","12":"first","13":"instock","14":"sale","15":"shipping-taxable","16":"purchasable","17":"product-type-simple"},"_links":{"self":[{"href":"https:\/\/roveyayinevi.com.tr\/index.php\/wp-json\/wp\/v2\/product\/715999","targetHints":{"allow":["GET"]}}],"collection":[{"href":"https:\/\/roveyayinevi.com.tr\/index.php\/wp-json\/wp\/v2\/product"}],"about":[{"href":"https:\/\/roveyayinevi.com.tr\/index.php\/wp-json\/wp\/v2\/types\/product"}],"wp:attachment":[{"href":"https:\/\/roveyayinevi.com.tr\/index.php\/wp-json\/wp\/v2\/media?parent=715999"}],"wp:term":[{"taxonomy":"product_brand","embeddable":true,"href":"https:\/\/roveyayinevi.com.tr\/index.php\/wp-json\/wp\/v2\/product_brand?post=715999"},{"taxonomy":"product_cat","embeddable":true,"href":"https:\/\/roveyayinevi.com.tr\/index.php\/wp-json\/wp\/v2\/product_cat?post=715999"},{"taxonomy":"product_tag","embeddable":true,"href":"https:\/\/roveyayinevi.com.tr\/index.php\/wp-json\/wp\/v2\/product_tag?post=715999"}],"curies":[{"name":"wp","href":"https:\/\/api.w.org\/{rel}","templated":true}]}}