{"id":715998,"date":"2025-08-27T17:37:05","date_gmt":"2025-08-27T14:37:05","guid":{"rendered":"https:\/\/roveyayinevi.com.tr\/index.php\/urun\/modern-sanattan-sonra-1945-2017\/"},"modified":"2026-03-12T02:32:43","modified_gmt":"2026-03-11T23:32:43","slug":"modern-sanattan-sonra-1945-2017","status":"publish","type":"product","link":"https:\/\/roveyayinevi.com.tr\/index.php\/urun\/modern-sanattan-sonra-1945-2017\/","title":{"rendered":"Modern Sanattan Sonra 1945 &#8211; 2017"},"content":{"rendered":"<p>Modern Sanattan Sonra 1945-2017, yirminci y\u00fczy\u0131l\u0131n ikinci yar\u0131s\u0131na damgas\u0131n\u0131 vuran \u201cayk\u0131r\u0131 sanat\u201d anlay\u0131\u015f\u0131n\u0131 t\u00fcm y\u00f6nleriyle ele al\u0131yor. Sanatta gelenekten kopu\u015fun g\u00fcn\u00fcm\u00fczde vard\u0131\u011f\u0131 noktay\u0131 Amerika Birle\u015fik Devletleri ve Avrupa sanat\u0131 aras\u0131ndaki ili\u015fkiler ba\u011flam\u0131nda de\u011ferlendiren yazar David Hopkins, ge\u00e7mi\u015fte ileri s\u00fcr\u00fclen sanat kuramlar\u0131yla g\u00fcncel kuramlar\u0131 da \u00f6zenle irdeliyor. Kitapta, Jackson Pollock, Robert Rauschenberg, Andy Warhol, Joseph Beuys, Louise Bourgeois, Cindy Sherman, Shirin Neshat gibi g\u00fcncel sanatta \u00f6ne \u00e7\u0131kan sanat\u00e7\u0131lar\u0131n yan\u0131 s\u0131ra s\u0131kl\u0131kla kavramsal sanatla \u00f6zde\u015fle\u015ftirilen Jeff Koons, Tracey Emin, Matthew Barney, Damien Hirst gibi ses getiren sanat\u00e7\u0131lar\u0131n yap\u0131tlar\u0131na ayr\u0131ca yer veriliyor. Soyut D\u0131\u015favurumculuk, Minimalizm, Kavramsal Sanat, Performans Sanat\u0131 dahil t\u00fcm avangard ve g\u00fcncel sanat e\u011filimlerinden bahsedilen kitapta, sosyolojik ve siyasi olaylar\u0131n sanat d\u00fcnyas\u0131ndaki etkileri anlat\u0131l\u0131yor. Modern Sanattan Sonra 1945-2017, \u00e7a\u011fda\u015f sanat d\u00fcnyas\u0131n\u0131n bazen ak\u0131llara durgunluk veren bazen de kendine b\u0131rakan g\u00fcncel yap\u0131s\u0131 \u00fcretilen yap\u0131tlar ve ard\u0131ndaki d\u00fc\u015f\u00fcnsel zemin hakk\u0131nda bilgi sahibi olmak isteyen t\u00fcm okurlar i\u00e7in b\u00fct\u00fcnc\u00fcl, dinamik, tatmin edici bir okuma ser\u00fcveni sunuyor. <\/p>\n","protected":false},"excerpt":{"rendered":"<p>Modern Sanattan Sonra 1945-2017, yirminci y\u00fczy\u0131l\u0131n ikinci yar\u0131s\u0131na damgas\u0131n\u0131 vuran \u201cayk\u0131r\u0131 sanat\u201d anlay\u0131\u015f\u0131n\u0131 t\u00fcm y\u00f6nleriyle ele al\u0131yor. Sanatta gelenekten kopu\u015fun g\u00fcn\u00fcm\u00fczde vard\u0131\u011f\u0131 noktay\u0131 Amerika Birle\u015fik Devletleri<span class=\"excerpt-hellip\"> [\u2026]<\/span><\/p>\n","protected":false},"featured_media":0,"template":"","meta":{"_monsterinsights_skip_tracking":false,"_monsterinsights_sitenote_active":false,"_monsterinsights_sitenote_note":"","_monsterinsights_sitenote_category":0},"product_brand":[],"product_cat":[13548,12408],"product_tag":[],"class_list":{"0":"post-715998","1":"product","2":"type-product","3":"status-publish","5":"product_cat-kuram","6":"product_cat-sanat","7":"pa_cilt-ciltsiz","8":"pa_tur-kitap","9":"pa_yayinevi-hayalperest-yayinlari","10":"pa_yazar-david-hopkins","12":"first","13":"instock","14":"sale","15":"shipping-taxable","16":"purchasable","17":"product-type-simple"},"_links":{"self":[{"href":"https:\/\/roveyayinevi.com.tr\/index.php\/wp-json\/wp\/v2\/product\/715998","targetHints":{"allow":["GET"]}}],"collection":[{"href":"https:\/\/roveyayinevi.com.tr\/index.php\/wp-json\/wp\/v2\/product"}],"about":[{"href":"https:\/\/roveyayinevi.com.tr\/index.php\/wp-json\/wp\/v2\/types\/product"}],"wp:attachment":[{"href":"https:\/\/roveyayinevi.com.tr\/index.php\/wp-json\/wp\/v2\/media?parent=715998"}],"wp:term":[{"taxonomy":"product_brand","embeddable":true,"href":"https:\/\/roveyayinevi.com.tr\/index.php\/wp-json\/wp\/v2\/product_brand?post=715998"},{"taxonomy":"product_cat","embeddable":true,"href":"https:\/\/roveyayinevi.com.tr\/index.php\/wp-json\/wp\/v2\/product_cat?post=715998"},{"taxonomy":"product_tag","embeddable":true,"href":"https:\/\/roveyayinevi.com.tr\/index.php\/wp-json\/wp\/v2\/product_tag?post=715998"}],"curies":[{"name":"wp","href":"https:\/\/api.w.org\/{rel}","templated":true}]}}