{"id":715997,"date":"2025-08-27T17:37:05","date_gmt":"2025-08-27T14:37:05","guid":{"rendered":"https:\/\/roveyayinevi.com.tr\/index.php\/urun\/cagdas-sanati-anlamak\/"},"modified":"2025-09-23T17:57:56","modified_gmt":"2025-09-23T14:57:56","slug":"cagdas-sanati-anlamak","status":"publish","type":"product","link":"https:\/\/roveyayinevi.com.tr\/index.php\/urun\/cagdas-sanati-anlamak\/","title":{"rendered":"\u00c7a\u011fda\u015f Sanat\u0131 Anlamak"},"content":{"rendered":"<p>21.y\u00fczy\u0131l sanat\u0131yla kar\u015f\u0131la\u015fanlar\u0131n akl\u0131na gelen \u201cBu sanat m\u0131?\u201d sorusu, pek \u00e7ok kuramc\u0131y\u0131, sanat tarih\u00e7isini ve yazar\u0131 bu konu \u00fczerinde daha fazla yazmaya y\u00f6neltiyor. Sanat\u0131 sanat k\u0131lan de\u011ferlerin k\u00f6kten de\u011fi\u015fti\u011fi 2o.y\u00fczy\u0131l, \u00e7a\u011fda\u015f sanat\u0131 \u015fekillendirirken en \u00e7ok \u015fa\u015f\u0131rtmay\u0131 ve sansasyon yaratmay\u0131 m\u0131 hedefledi? \u00dcretilen yap\u0131tlar aras\u0131nda d\u00f6neme damgas\u0131n\u0131 vuranlar olacak m\u0131 yoksa hepsi sabun k\u00f6p\u00fc\u011f\u00fc gibi yok olup gidecek mi? S\u0131radan bir duvarda bile kar\u015f\u0131la\u015f\u0131labilen yap\u0131tlar\u0131n, \u00f6rne\u011fin formaldehit dolu bir tank i\u00e7inde sergilenen inek ve buza\u011f\u0131 bedenlerinin sanat olarak kabul edilmesini kim sa\u011fl\u0131yor? \u00c7a\u011fda\u015f sanat s\u00f6z konusu oldu\u011funda galeriler, m\u00fczeler, sanat enstit\u00fcleri nas\u0131l bir g\u00f6rev \u00fcstleniyor? Ya bienaller, trienaller, sanat fuarlar\u0131 ve sergiler; sanat\u0131n izleyiciyle bulu\u015fmas\u0131nda sahip olduklar\u0131 rol \u00f6nceki y\u00fczy\u0131llara g\u00f6re nas\u0131l de\u011fi\u015fti? Bu ve benzeri pek \u00e7ok soruya a\u00e7\u0131kl\u0131k getiren \u00c7a\u011fda\u015f Sanat\u0131 Anlamak, \u00e7a\u011fda\u015f sanat\u0131 bir ba\u011flama oturtmakla ba\u015fl\u0131yor. Yerle\u015ftirmeden arazi sanat\u0131na, interaktif projelerden dijital medya kullan\u0131m\u0131na kadar \u00e7a\u011fda\u015f sanat\u0131n \u00fcretiminde tercih edilen farkl\u0131 y\u00f6ntemlerin ele al\u0131nd\u0131\u011f\u0131 kitapta \u00f6nemli sanat\u00e7\u0131lara, farkl\u0131 temalara ve ayk\u0131r\u0131 \u00f6rneklere de de\u011finiliyor.\u00c7a\u011fda\u015f Sanat\u0131 Anlamak, \u00e7a\u011fda\u015f sanatla aras\u0131nda mesafe oldu\u011funu d\u00fc\u015f\u00fcnen, \u00e7a\u011fda\u015f sanat\u0131 anlamak isteyen ve bir R\u00f6nesans eseriyle g\u00fcn\u00fcm\u00fczde \u00fcretilen bir \u00e7al\u0131\u015fmaya bakmak aras\u0131ndaki fark\u0131 merak eden okurlar i\u00e7in faydal\u0131 bir k\u0131lavuz niteli\u011fi ta\u015f\u0131yor .<\/p>\n","protected":false},"excerpt":{"rendered":"<p>21.y\u00fczy\u0131l sanat\u0131yla kar\u015f\u0131la\u015fanlar\u0131n akl\u0131na gelen \u201cBu sanat m\u0131?\u201d sorusu, pek \u00e7ok kuramc\u0131y\u0131, sanat tarih\u00e7isini ve yazar\u0131 bu konu \u00fczerinde daha fazla yazmaya y\u00f6neltiyor. Sanat\u0131 sanat k\u0131lan<span class=\"excerpt-hellip\"> [\u2026]<\/span><\/p>\n","protected":false},"featured_media":0,"template":"","meta":{"_monsterinsights_skip_tracking":false,"_monsterinsights_sitenote_active":false,"_monsterinsights_sitenote_note":"","_monsterinsights_sitenote_category":0},"product_brand":[],"product_cat":[13548,12408],"product_tag":[],"class_list":{"0":"post-715997","1":"product","2":"type-product","3":"status-publish","5":"product_cat-kuram","6":"product_cat-sanat","7":"pa_cilt-ciltsiz","8":"pa_tur-kitap","9":"pa_yayinevi-hayalperest-yayinlari","10":"pa_yazar-graham-whitham-grant-pooke","12":"first","13":"instock","14":"sale","15":"shipping-taxable","16":"purchasable","17":"product-type-simple"},"_links":{"self":[{"href":"https:\/\/roveyayinevi.com.tr\/index.php\/wp-json\/wp\/v2\/product\/715997","targetHints":{"allow":["GET"]}}],"collection":[{"href":"https:\/\/roveyayinevi.com.tr\/index.php\/wp-json\/wp\/v2\/product"}],"about":[{"href":"https:\/\/roveyayinevi.com.tr\/index.php\/wp-json\/wp\/v2\/types\/product"}],"wp:attachment":[{"href":"https:\/\/roveyayinevi.com.tr\/index.php\/wp-json\/wp\/v2\/media?parent=715997"}],"wp:term":[{"taxonomy":"product_brand","embeddable":true,"href":"https:\/\/roveyayinevi.com.tr\/index.php\/wp-json\/wp\/v2\/product_brand?post=715997"},{"taxonomy":"product_cat","embeddable":true,"href":"https:\/\/roveyayinevi.com.tr\/index.php\/wp-json\/wp\/v2\/product_cat?post=715997"},{"taxonomy":"product_tag","embeddable":true,"href":"https:\/\/roveyayinevi.com.tr\/index.php\/wp-json\/wp\/v2\/product_tag?post=715997"}],"curies":[{"name":"wp","href":"https:\/\/api.w.org\/{rel}","templated":true}]}}