{"id":715996,"date":"2025-08-27T17:37:04","date_gmt":"2025-08-27T14:37:04","guid":{"rendered":"https:\/\/roveyayinevi.com.tr\/index.php\/urun\/sanati-anlamak\/"},"modified":"2026-03-12T02:32:43","modified_gmt":"2026-03-11T23:32:43","slug":"sanati-anlamak","status":"publish","type":"product","link":"https:\/\/roveyayinevi.com.tr\/index.php\/urun\/sanati-anlamak\/","title":{"rendered":"Sanat\u0131 Anlamak"},"content":{"rendered":"<p>Sanat\u0131 alman\u0131n ilk yolu sanat tarihi hakk\u0131nda bilgi sahibi olmaktan ge\u00e7iyor. Sanatla ilgilenenlerin bir eserle ilgili d\u00fc\u015f\u00fcncelerini berrakla\u015ft\u0131rmalar\u0131 konusunda sanat tarihi engin bilgiler sunuyor. Sanat\u0131 Anlamak, binlerce y\u0131ll\u0131k sanat tarihi kar\u015f\u0131s\u0131nda i\u015fe nereden ba\u015flayaca\u011f\u0131n\u0131 d\u00fc\u015f\u00fcnen sanatseverlere sade, anlaml\u0131 ve tatmin edici ipu\u00e7lar\u0131 veriyor. \u201cSanat nedir?\u201d sorusuna yan\u0131t arayanlar\u0131n g\u00fcncel sanat\u0131n karma\u015f\u0131k d\u00fcnyas\u0131nda yolunu kaybetmeden ilerlemesine yard\u0131mc\u0131 olan kitap, i\u00e7erdi\u011fi g\u00f6rsellerle olduk\u00e7a anla\u015f\u0131l\u0131r bir yol haritas\u0131 sunuyor.Estetik de\u011fer yarg\u0131lar\u0131n\u0131n zaman i\u00e7indeki de\u011fi\u015fimi, bir resmin \u00f6tesinde bakmak, g\u00fcn\u00fcm\u00fcz sanat\u0131n\u0131 de\u011ferlendirme y\u00f6ntemleri, m\u00fczelerin ve galerilerin sanat d\u00fcnyas\u0131ndaki rol\u00fc, sanat tarihinin nas\u0131l s\u0131n\u0131fland\u0131r\u0131ld\u0131\u011f\u0131 gibi hususlarda \u00f6nemli bilgiler i\u00e7eren Sanat\u0131 Anlamak, sanatseverlerin s\u0131k s\u0131k ba\u015fvurabilece\u011fi yararl\u0131 bir kaynak niteli\u011fi ta\u015f\u0131yor. <\/p>\n","protected":false},"excerpt":{"rendered":"<p>Sanat\u0131 alman\u0131n ilk yolu sanat tarihi hakk\u0131nda bilgi sahibi olmaktan ge\u00e7iyor. Sanatla ilgilenenlerin bir eserle ilgili d\u00fc\u015f\u00fcncelerini berrakla\u015ft\u0131rmalar\u0131 konusunda sanat tarihi engin bilgiler sunuyor. Sanat\u0131 Anlamak,<span class=\"excerpt-hellip\"> [\u2026]<\/span><\/p>\n","protected":false},"featured_media":0,"template":"","meta":{"_monsterinsights_skip_tracking":false,"_monsterinsights_sitenote_active":false,"_monsterinsights_sitenote_note":"","_monsterinsights_sitenote_category":0},"product_brand":[],"product_cat":[13548,12408],"product_tag":[],"class_list":{"0":"post-715996","1":"product","2":"type-product","3":"status-publish","5":"product_cat-kuram","6":"product_cat-sanat","7":"pa_cilt-ciltsiz","8":"pa_tur-kitap","9":"pa_yayinevi-hayalperest-yayinlari","10":"pa_yazar-graham-whitham-grant-pooke","12":"first","13":"instock","14":"sale","15":"shipping-taxable","16":"purchasable","17":"product-type-simple"},"_links":{"self":[{"href":"https:\/\/roveyayinevi.com.tr\/index.php\/wp-json\/wp\/v2\/product\/715996","targetHints":{"allow":["GET"]}}],"collection":[{"href":"https:\/\/roveyayinevi.com.tr\/index.php\/wp-json\/wp\/v2\/product"}],"about":[{"href":"https:\/\/roveyayinevi.com.tr\/index.php\/wp-json\/wp\/v2\/types\/product"}],"wp:attachment":[{"href":"https:\/\/roveyayinevi.com.tr\/index.php\/wp-json\/wp\/v2\/media?parent=715996"}],"wp:term":[{"taxonomy":"product_brand","embeddable":true,"href":"https:\/\/roveyayinevi.com.tr\/index.php\/wp-json\/wp\/v2\/product_brand?post=715996"},{"taxonomy":"product_cat","embeddable":true,"href":"https:\/\/roveyayinevi.com.tr\/index.php\/wp-json\/wp\/v2\/product_cat?post=715996"},{"taxonomy":"product_tag","embeddable":true,"href":"https:\/\/roveyayinevi.com.tr\/index.php\/wp-json\/wp\/v2\/product_tag?post=715996"}],"curies":[{"name":"wp","href":"https:\/\/api.w.org\/{rel}","templated":true}]}}