{"id":715994,"date":"2025-08-27T17:37:03","date_gmt":"2025-08-27T14:37:03","guid":{"rendered":"https:\/\/roveyayinevi.com.tr\/index.php\/urun\/cilgin-hayvanlar-ciltli\/"},"modified":"2026-04-16T02:24:29","modified_gmt":"2026-04-15T23:24:29","slug":"cilgin-hayvanlar-ciltli","status":"publish","type":"product","link":"https:\/\/roveyayinevi.com.tr\/index.php\/urun\/cilgin-hayvanlar-ciltli\/","title":{"rendered":"\u00c7\u0131lg\u0131n Hayvanlar (Ciltli)"},"content":{"rendered":"<p>\u00c7ok heyecanl\u0131, \u00e7\u0131lg\u0131n m\u0131 \u00e7\u0131lg\u0131n bilgilerden yepyeni bir kitap \u00c7\u0131lg\u0131n Hayvanlar!Denizanalar\u0131n\u0131n beyni yok biliyor musunuz?Sivrisinekler  \u0131s\u0131rmaz, derimizi keserler.Birbirinin yavrusunu ka\u00e7\u0131ran hayvanlar\u0131 duydunuz mu? (Mafya Hayvanlar)G\u00fcnde 14 saat yemek yiyen hayvan sizce hangisi?Ar\u0131lar g\u00f6zleri a\u00e7\u0131k uyuyorlar. (\u0130nanm\u0131yorum.)Hayvanlar \u00e2leminin en sayg\u0131s\u0131z  hayvanlar\u0131: Lamalar.Ku\u015flara  neden hi\u00e7 y\u0131ld\u0131r\u0131m \u00e7arpmaz?Ayaklar\u0131yla tat alan hayvan hangisidir?Tam 3000 di\u015fi olan bir hayvan g\u00f6rseniz ne yapars\u0131n\u0131z?(Ben ka\u00e7ar\u0131m.)Hangi hayvan\u0131n kan\u0131 mavidir ? (Yok can\u0131m!)Develer navigasyon mu kullan\u0131yor? (\u015eaka m\u0131 bu?)Filler hi\u00e7 unutmazlar, haberiniz olsun? (H\u0131mmm!)Halterci kar\u0131ncalar\u0131  duydunuz mu?En \u00e7ok grip olan hayvan hangisidir? Hayvanlar hakk\u0131nda y\u00fczlerce ilgin\u00e7 bilgi bu kitapta!\u00c7\u0131lg\u0131n Hayvanlara Bay\u0131lacaks\u0131n\u0131z?G\u00fclmeye ve \u00d6\u011frenmeye Haz\u0131r Olun.<\/p>\n","protected":false},"excerpt":{"rendered":"<p>\u00c7ok heyecanl\u0131, \u00e7\u0131lg\u0131n m\u0131 \u00e7\u0131lg\u0131n bilgilerden yepyeni bir kitap \u00c7\u0131lg\u0131n Hayvanlar!Denizanalar\u0131n\u0131n beyni yok biliyor musunuz?Sivrisinekler \u0131s\u0131rmaz, derimizi keserler.Birbirinin yavrusunu ka\u00e7\u0131ran hayvanlar\u0131 duydunuz mu? (Mafya Hayvanlar)G\u00fcnde 14<span class=\"excerpt-hellip\"> [\u2026]<\/span><\/p>\n","protected":false},"featured_media":0,"template":"","meta":{"_monsterinsights_skip_tracking":false,"_monsterinsights_sitenote_active":false,"_monsterinsights_sitenote_note":"","_monsterinsights_sitenote_category":0},"product_brand":[],"product_cat":[13829,12274],"product_tag":[],"class_list":{"0":"post-715994","1":"product","2":"type-product","3":"status-publish","5":"product_cat-bilimsel-kitaplar","6":"product_cat-cocuk-ve-genclik-kitaplari","7":"pa_cilt-ciltli","8":"pa_tur-kitap","9":"pa_yayinevi-nesil-genc","10":"pa_yazar-yusuf-asal","12":"first","13":"instock","14":"sale","15":"shipping-taxable","16":"purchasable","17":"product-type-simple"},"_links":{"self":[{"href":"https:\/\/roveyayinevi.com.tr\/index.php\/wp-json\/wp\/v2\/product\/715994","targetHints":{"allow":["GET"]}}],"collection":[{"href":"https:\/\/roveyayinevi.com.tr\/index.php\/wp-json\/wp\/v2\/product"}],"about":[{"href":"https:\/\/roveyayinevi.com.tr\/index.php\/wp-json\/wp\/v2\/types\/product"}],"wp:attachment":[{"href":"https:\/\/roveyayinevi.com.tr\/index.php\/wp-json\/wp\/v2\/media?parent=715994"}],"wp:term":[{"taxonomy":"product_brand","embeddable":true,"href":"https:\/\/roveyayinevi.com.tr\/index.php\/wp-json\/wp\/v2\/product_brand?post=715994"},{"taxonomy":"product_cat","embeddable":true,"href":"https:\/\/roveyayinevi.com.tr\/index.php\/wp-json\/wp\/v2\/product_cat?post=715994"},{"taxonomy":"product_tag","embeddable":true,"href":"https:\/\/roveyayinevi.com.tr\/index.php\/wp-json\/wp\/v2\/product_tag?post=715994"}],"curies":[{"name":"wp","href":"https:\/\/api.w.org\/{rel}","templated":true}]}}