{"id":715991,"date":"2025-08-27T17:37:01","date_gmt":"2025-08-27T14:37:01","guid":{"rendered":"https:\/\/roveyayinevi.com.tr\/index.php\/urun\/tanri-dagi-ogullari\/"},"modified":"2026-04-16T02:24:28","modified_gmt":"2026-04-15T23:24:28","slug":"tanri-dagi-ogullari","status":"publish","type":"product","link":"https:\/\/roveyayinevi.com.tr\/index.php\/urun\/tanri-dagi-ogullari\/","title":{"rendered":"Tanr\u0131 Da\u011f\u0131 O\u011fullar\u0131"},"content":{"rendered":"<p>\u201c&#8230;y\u0131ld\u0131zlar\u0131n uzak yans\u0131malar\u0131n\u0131n g\u00f6\u011f\u00fcn \u00f6n\u00fcnde her zamankinden daha belirgin k\u0131pra\u015ft\u0131\u011f\u0131 ve d\u00fc\u015f\u00fcncelerin at ko\u015fturdu\u011fu ayazl\u0131 gecelerde mola verip g\u00fcnd\u00fczleri yol ald\u0131lar. Bozk\u0131r\u0131 kucaklayan, at s\u0131rt\u0131nda h\u0131r\u00e7\u0131n h\u0131r\u00e7\u0131n gezen bir sevincin \u00f6zlemiydi y\u00fcreklerinde. Babalar\u0131n\u0131n ve eski atalar\u0131n\u0131n bilgeli\u011finden sa\u00e7\u0131lan t\u00f6relerin kokusuydu onlar\u0131 \u00e7eken. \u0130nsan ruhunun ve bilincinin y\u00fcceli\u011fi kar\u015f\u0131s\u0131nda yerin en dibinden kopup gelen b\u00fct\u00fcn iblisler \u00e7aresiz kalacakt\u0131\u2026\u201d \u00c7a\u011flar \u00f6ncesi Orta Asya k\u00fclt\u00fcr\u00fcn\u00fcn ve T\u00fcrk mitolojisinin b\u00fct\u00fcn unsurlar\u0131&#8230; Bilgelik, ak\u0131l, cesaret ve sezgiyle donat\u0131lm\u0131\u015f muhte\u015fem kurgu&#8230; Zihninizin en ince k\u0131vr\u0131mlar\u0131nda soluksuz yol alan, sars\u0131c\u0131 macera&#8230;  Olabildi\u011fince fantastik ve olabilece\u011fi kadar ger\u00e7ek&#8230; Bir roman&#8230; Dilinin inceli\u011fi ve sadeli\u011fiyle, co\u015fkulu anlat\u0131m\u0131yla tam bir T\u00fcrk\u00e7e ziyafeti&#8230; Tanr\u0131 Da\u011f\u0131 O\u011fullar\u0131, tarihin en uzak ge\u00e7mi\u015finden gelip modern d\u00fcnyadaki insan davran\u0131\u015flar\u0131n\u0131n s\u00fcrekli sorgulanan d\u00f6ng\u00fcs\u00fcn\u00fc g\u00f6zler \u00f6n\u00fcne seriyor. Bu romanda b\u00fcy\u00fcl\u00fc ve \u015fiirsel bir d\u00fcnyan\u0131n i\u00e7inde kayboldu\u011funuz anda kendinizi bulacaks\u0131n\u0131z!<\/p>\n","protected":false},"excerpt":{"rendered":"<p>\u201c&#8230;y\u0131ld\u0131zlar\u0131n uzak yans\u0131malar\u0131n\u0131n g\u00f6\u011f\u00fcn \u00f6n\u00fcnde her zamankinden daha belirgin k\u0131pra\u015ft\u0131\u011f\u0131 ve d\u00fc\u015f\u00fcncelerin at ko\u015fturdu\u011fu ayazl\u0131 gecelerde mola verip g\u00fcnd\u00fczleri yol ald\u0131lar. Bozk\u0131r\u0131 kucaklayan, at s\u0131rt\u0131nda h\u0131r\u00e7\u0131n<span class=\"excerpt-hellip\"> [\u2026]<\/span><\/p>\n","protected":false},"featured_media":0,"template":"","meta":{"_monsterinsights_skip_tracking":false,"_monsterinsights_sitenote_active":false,"_monsterinsights_sitenote_note":"","_monsterinsights_sitenote_category":0},"product_brand":[],"product_cat":[12291,12745],"product_tag":[],"class_list":{"0":"post-715991","1":"product","2":"type-product","3":"status-publish","5":"product_cat-edebiyat","6":"product_cat-tarihi-roman","7":"pa_cilt-ciltsiz","8":"pa_tur-kitap","9":"pa_yayinevi-nesil-yayinlari","10":"pa_yazar-mustafa-cevik","12":"first","13":"instock","14":"sale","15":"shipping-taxable","16":"purchasable","17":"product-type-simple"},"_links":{"self":[{"href":"https:\/\/roveyayinevi.com.tr\/index.php\/wp-json\/wp\/v2\/product\/715991","targetHints":{"allow":["GET"]}}],"collection":[{"href":"https:\/\/roveyayinevi.com.tr\/index.php\/wp-json\/wp\/v2\/product"}],"about":[{"href":"https:\/\/roveyayinevi.com.tr\/index.php\/wp-json\/wp\/v2\/types\/product"}],"wp:attachment":[{"href":"https:\/\/roveyayinevi.com.tr\/index.php\/wp-json\/wp\/v2\/media?parent=715991"}],"wp:term":[{"taxonomy":"product_brand","embeddable":true,"href":"https:\/\/roveyayinevi.com.tr\/index.php\/wp-json\/wp\/v2\/product_brand?post=715991"},{"taxonomy":"product_cat","embeddable":true,"href":"https:\/\/roveyayinevi.com.tr\/index.php\/wp-json\/wp\/v2\/product_cat?post=715991"},{"taxonomy":"product_tag","embeddable":true,"href":"https:\/\/roveyayinevi.com.tr\/index.php\/wp-json\/wp\/v2\/product_tag?post=715991"}],"curies":[{"name":"wp","href":"https:\/\/api.w.org\/{rel}","templated":true}]}}