{"id":715990,"date":"2025-08-27T17:37:00","date_gmt":"2025-08-27T14:37:00","guid":{"rendered":"https:\/\/roveyayinevi.com.tr\/index.php\/urun\/cesaret\/"},"modified":"2026-04-05T02:29:04","modified_gmt":"2026-04-04T23:29:04","slug":"cesaret","status":"publish","type":"product","link":"https:\/\/roveyayinevi.com.tr\/index.php\/urun\/cesaret\/","title":{"rendered":"Cesaret"},"content":{"rendered":"<p>Biz, T\u00fcrk Di\u015fhekimleri Birli\u011fi olarak bu kurumsalla\u015ft\u0131r\u0131lm\u0131\u015f korkuyu amat\u00f6r cesaret yensin istedik hep. Cesaretin \u201cC\u201d si d\u00fc\u015ft\u00fc\u011f\u00fcnde \u201cesaret\u201din kald\u0131\u011f\u0131n\u0131 g\u00f6rd\u00fck, o \u201cC\u201d d\u00fc\u015fmesin istedik. Biz o \u201cC\u201d den vazge\u00e7meyenlerin vazge\u00e7enlere bir el vermesini hayal ettik. Korku denen bula\u015f\u0131c\u0131 hastal\u0131\u011f\u0131 cesaret a\u015f\u0131s\u0131 ile tedavi edebilmeyi umut ettik.Bir ses bekledik.\u0130\u015fte o sesler bu kitapta.<\/p>\n","protected":false},"excerpt":{"rendered":"<p>Biz, T\u00fcrk Di\u015fhekimleri Birli\u011fi olarak bu kurumsalla\u015ft\u0131r\u0131lm\u0131\u015f korkuyu amat\u00f6r cesaret yensin istedik hep. Cesaretin \u201cC\u201d si d\u00fc\u015ft\u00fc\u011f\u00fcnde \u201cesaret\u201din kald\u0131\u011f\u0131n\u0131 g\u00f6rd\u00fck, o \u201cC\u201d d\u00fc\u015fmesin istedik. Biz o<span class=\"excerpt-hellip\"> [\u2026]<\/span><\/p>\n","protected":false},"featured_media":0,"template":"","meta":{"_monsterinsights_skip_tracking":false,"_monsterinsights_sitenote_active":false,"_monsterinsights_sitenote_note":"","_monsterinsights_sitenote_category":0},"product_brand":[],"product_cat":[12291,12711],"product_tag":[],"class_list":{"0":"post-715990","1":"product","2":"type-product","3":"status-publish","5":"product_cat-edebiyat","6":"product_cat-roman-oyku","7":"pa_cilt-ciltsiz","8":"pa_tur-kitap","9":"pa_yayinevi-bencekitap","10":"pa_yazar-kollektif","12":"first","13":"instock","14":"sale","15":"shipping-taxable","16":"purchasable","17":"product-type-simple"},"_links":{"self":[{"href":"https:\/\/roveyayinevi.com.tr\/index.php\/wp-json\/wp\/v2\/product\/715990","targetHints":{"allow":["GET"]}}],"collection":[{"href":"https:\/\/roveyayinevi.com.tr\/index.php\/wp-json\/wp\/v2\/product"}],"about":[{"href":"https:\/\/roveyayinevi.com.tr\/index.php\/wp-json\/wp\/v2\/types\/product"}],"wp:attachment":[{"href":"https:\/\/roveyayinevi.com.tr\/index.php\/wp-json\/wp\/v2\/media?parent=715990"}],"wp:term":[{"taxonomy":"product_brand","embeddable":true,"href":"https:\/\/roveyayinevi.com.tr\/index.php\/wp-json\/wp\/v2\/product_brand?post=715990"},{"taxonomy":"product_cat","embeddable":true,"href":"https:\/\/roveyayinevi.com.tr\/index.php\/wp-json\/wp\/v2\/product_cat?post=715990"},{"taxonomy":"product_tag","embeddable":true,"href":"https:\/\/roveyayinevi.com.tr\/index.php\/wp-json\/wp\/v2\/product_tag?post=715990"}],"curies":[{"name":"wp","href":"https:\/\/api.w.org\/{rel}","templated":true}]}}