{"id":715989,"date":"2025-08-27T17:37:00","date_gmt":"2025-08-27T14:37:00","guid":{"rendered":"https:\/\/roveyayinevi.com.tr\/index.php\/urun\/aykiri-cinsellikler\/"},"modified":"2026-04-16T02:24:28","modified_gmt":"2026-04-15T23:24:28","slug":"aykiri-cinsellikler","status":"publish","type":"product","link":"https:\/\/roveyayinevi.com.tr\/index.php\/urun\/aykiri-cinsellikler\/","title":{"rendered":"Ayk\u0131r\u0131 Cinsellikler"},"content":{"rendered":"<p>Erken d\u00f6nem T\u00fcrk\u00e7e edebiyatta heteroseks\u00fcel rejime diren\u00e7 g\u00f6sterdi\u011fi \u00fczere \u201carzu\u201d \u00fczerine yazma fikri, birka\u00e7 y\u0131l \u00f6nce yerli edebiyatta LGBT\u0130 \u00fczerine bir ara\u015ft\u0131rma yapma karar\u0131n\u0131 verdi\u011fimde birdenbire ortaya \u00e7\u0131kt\u0131. Ara\u015ft\u0131rma i\u00e7in yola \u00e7\u0131karken ilk etapta fig\u00fcrleri, yazarlar\u0131, karakterleri LGBT\u0130 olarak t\u00fcrle\u015ftirme hatas\u0131na d\u00fc\u015fm\u00fc\u015ft\u00fcm. Bu tip bir t\u00fcrle\u015ftirme prati\u011finin me\u015fru olabilmesi i\u00e7in ele ald\u0131\u011f\u0131m d\u00f6nemin LGBT\u0130 diye adland\u0131r\u0131labilecek bir politikle\u015fmeyi sa\u011flam\u0131\u015f oldu\u011funu da ispatlayabilmem gerekiyordu. H\u00e2lbuki ara\u015ft\u0131rman\u0131n ilerleyen safhalar\u0131, arzu ve beden eksenli bir okuman\u0131n bu tip bir t\u00fcrle\u015ftirmeyi a\u015fman\u0131n bir zorunluluk oldu\u011funu g\u00f6sterdi. Guy Hocquenghem\u2019in \u00fcnl\u00fc s\u00f6z\u00fcn\u00fcn de akla getirdi\u011fi \u00fczere: \u201c \u2018homoseks\u00fcel arzu\u2019 ifadesi anlams\u0131zd\u0131r. Arzu homoseks\u00fcellik ve heteroseks\u00fcellik alt ba\u015fl\u0131klar\u0131na ayr\u0131lmaz.\u201d Bu kitap, \u201cheteroseks\u00fcel arzu\u201d gibi bir alt ba\u015fl\u0131\u011f\u0131n oldu\u011funu varsayan bir anlay\u0131\u015fla yaz\u0131lmad\u0131\u011f\u0131 i\u00e7in genel olarak \u201colma\u201d ve \u201csahip olma\u201d eksenindeki b\u00fct\u00fcn enerjilere normatiften sapma \u00f6l\u00e7\u00fcs\u00fcnde m\u00fcmk\u00fcn oldu\u011funca yer verdi, bu i\u015fleyi\u015fleri heteroseks\u00fcelli\u011fin de yer ald\u0131\u011f\u0131 bir arzu skalas\u0131ndaki \u00e7e\u015fit gibi ele almad\u0131. Bu bak\u0131mdan kitap, \u201cnormal\u201d cinselli\u011fi d\u0131\u015far\u0131da b\u0131rakan bir b\u00fct\u00fcn olarak arzuya ve bedene dair olmaya \u00e7al\u0131\u015ft\u0131, denilebilir. Bu konuya ilgi duymaya ba\u015flamam, bir bak\u0131ma, \u00e7ok da tesad\u00fcf eseri denemez, \u00e7\u00fcnk\u00fc \u00e7\u0131k\u0131\u015f noktam Memduh \u015eevket Esendal \u00fczerine \u00e7al\u0131\u015f\u0131rken toplumsal cinsiyet \u00fczerine yazmakt\u0131 ve toplumsal cinsiyet \u00fczerine d\u00fc\u015f\u00fcn\u00fc\u015f kad\u0131n-erkek molar toplan\u0131\u015f\u0131ndan \u00e7ok, bu toplan\u0131\u015fa direnmeyi beraberinde getirdi\u011finden gelece\u011fim nokta bir zorunluluktu. Bu kitap, benim i\u00e7in uzun oldu\u011fu kadar, \u00f6\u011fretici bir s\u00fcrecin \u00fcr\u00fcn\u00fcd\u00fcr&#8230; K\u0131van\u00e7 Tanr\u0131yar<\/p>\n","protected":false},"excerpt":{"rendered":"<p>Erken d\u00f6nem T\u00fcrk\u00e7e edebiyatta heteroseks\u00fcel rejime diren\u00e7 g\u00f6sterdi\u011fi \u00fczere \u201carzu\u201d \u00fczerine yazma fikri, birka\u00e7 y\u0131l \u00f6nce yerli edebiyatta LGBT\u0130 \u00fczerine bir ara\u015ft\u0131rma yapma karar\u0131n\u0131 verdi\u011fimde birdenbire<span class=\"excerpt-hellip\"> [\u2026]<\/span><\/p>\n","protected":false},"featured_media":0,"template":"","meta":{"_monsterinsights_skip_tracking":false,"_monsterinsights_sitenote_active":false,"_monsterinsights_sitenote_note":"","_monsterinsights_sitenote_category":0},"product_brand":[],"product_cat":[12291,12610],"product_tag":[],"class_list":{"0":"post-715989","1":"product","2":"type-product","3":"status-publish","5":"product_cat-edebiyat","6":"product_cat-elestiri-inceleme-kuram","7":"pa_cilt-ciltsiz","8":"pa_tur-kitap","9":"pa_yayinevi-ayrinti-yayinlari","10":"pa_yazar-kivanc-tanriyar","12":"first","13":"instock","14":"sale","15":"shipping-taxable","16":"purchasable","17":"product-type-simple"},"_links":{"self":[{"href":"https:\/\/roveyayinevi.com.tr\/index.php\/wp-json\/wp\/v2\/product\/715989","targetHints":{"allow":["GET"]}}],"collection":[{"href":"https:\/\/roveyayinevi.com.tr\/index.php\/wp-json\/wp\/v2\/product"}],"about":[{"href":"https:\/\/roveyayinevi.com.tr\/index.php\/wp-json\/wp\/v2\/types\/product"}],"wp:attachment":[{"href":"https:\/\/roveyayinevi.com.tr\/index.php\/wp-json\/wp\/v2\/media?parent=715989"}],"wp:term":[{"taxonomy":"product_brand","embeddable":true,"href":"https:\/\/roveyayinevi.com.tr\/index.php\/wp-json\/wp\/v2\/product_brand?post=715989"},{"taxonomy":"product_cat","embeddable":true,"href":"https:\/\/roveyayinevi.com.tr\/index.php\/wp-json\/wp\/v2\/product_cat?post=715989"},{"taxonomy":"product_tag","embeddable":true,"href":"https:\/\/roveyayinevi.com.tr\/index.php\/wp-json\/wp\/v2\/product_tag?post=715989"}],"curies":[{"name":"wp","href":"https:\/\/api.w.org\/{rel}","templated":true}]}}