{"id":715988,"date":"2025-08-27T17:36:59","date_gmt":"2025-08-27T14:36:59","guid":{"rendered":"https:\/\/roveyayinevi.com.tr\/index.php\/urun\/adsiz-kahramanlar\/"},"modified":"2026-04-16T02:24:28","modified_gmt":"2026-04-15T23:24:28","slug":"adsiz-kahramanlar","status":"publish","type":"product","link":"https:\/\/roveyayinevi.com.tr\/index.php\/urun\/adsiz-kahramanlar\/","title":{"rendered":"Ads\u0131z Kahramanlar"},"content":{"rendered":"<p>ODT\u00dc\u2019ye giri\u015finden itibaren kendisini \u00f6\u011frenci hareketlerinin i\u00e7inde bulan G\u00fclay \u00dcn\u00fcvar (\u00d6zde\u015f), hem ODT\u00dc SFK (Sosyalist Fikir Kul\u00fcb\u00fc) \u00fcyesi hem de T\u0130P (T\u00fcrkiye \u0130\u015f\u00e7i Partisi) \u00fcyesi olur. T\u0130P\u2019te uzun s\u00fcre kalmaz ama SFK \u00fcyeli\u011fi gen\u00e7lik ya\u015fam\u0131n\u0131n yo\u011fun bir d\u00f6nemini kapsar. ODT\u00dc\u2019de SFK\u2019ya gelir sa\u011flamak amac\u0131yla yap\u0131lan \u00e7al\u0131\u015fmalara kat\u0131l\u0131r. Bu s\u00fcre i\u00e7inde SFK \u00fcyesi M\u00fcfit \u00d6zde\u015f ile evlenir ama sonra ayr\u0131l\u0131r. H\u00fcseyin \u0130nan, Sinan Cemgil, Yusuf Aslan, Taylan \u00d6zg\u00fcr, Alpaslan \u00d6zdo\u011fan, Kadir Manga ve Tuncer S\u00fcmer\u2019le birlikte THKO\u2019nun (T\u00fcrkiye Halk Kurtulu\u015f Ordusu) kurulu\u015f \u00e7al\u0131\u015fmalar\u0131na kat\u0131l\u0131r ve ilk kurucular\u0131 aras\u0131nda yer al\u0131r. Uzun y\u0131llar \u0130sve\u00e7\u2019te (Stockholm) ya\u015fayan G\u00fclay \u00dcn\u00fcvar (\u00d6zde\u015f) T\u00fcrkiye\u2019ye gelip yerle\u015ftikten yakla\u015f\u0131k iki y\u0131l sonra bildi\u011fimiz amans\u0131z hastal\u0131\u011fa yakalan\u0131r. \u00d6zellikle hastal\u0131\u011f\u0131n\u0131n ortaya \u00e7\u0131kmas\u0131ndan sonra, hem karde\u015flerine hem arkada\u015flar\u0131na hem de Tuncer S\u00fcmer\u2019e, elindeki dok\u00fcmanlar\u0131n kitapla\u015ft\u0131r\u0131lmas\u0131n\u0131 istedi\u011fini a\u00e7\u0131k\u00e7a s\u00f6yler. Bu g\u00f6revi yak\u0131n dostu Tuncer S\u00fcmer\u2019in yapmas\u0131n\u0131 ister ve o da T\u00fcrkan Sabuncu\u2019nun da katk\u0131lar\u0131yla bu iste\u011fi yerine getirir.Bu kitap bu vasiyetin yerine getirilmesi ve T\u00fcrkiye Devrimci Hareketi\u2019nin \u00f6nemli bir kad\u0131n militan\u0131n\u0131n an\u0131lar\u0131n\u0131n aktar\u0131lmas\u0131d\u0131r.<\/p>\n","protected":false},"excerpt":{"rendered":"<p>ODT\u00dc\u2019ye giri\u015finden itibaren kendisini \u00f6\u011frenci hareketlerinin i\u00e7inde bulan G\u00fclay \u00dcn\u00fcvar (\u00d6zde\u015f), hem ODT\u00dc SFK (Sosyalist Fikir Kul\u00fcb\u00fc) \u00fcyesi hem de T\u0130P (T\u00fcrkiye \u0130\u015f\u00e7i Partisi) \u00fcyesi olur.<span class=\"excerpt-hellip\"> [\u2026]<\/span><\/p>\n","protected":false},"featured_media":0,"template":"","meta":{"_monsterinsights_skip_tracking":false,"_monsterinsights_sitenote_active":false,"_monsterinsights_sitenote_note":"","_monsterinsights_sitenote_category":0},"product_brand":[],"product_cat":[12304,14128],"product_tag":[],"class_list":{"0":"post-715988","1":"product","2":"type-product","3":"status-publish","5":"product_cat-tarih","6":"product_cat-yakin-tarih","7":"pa_cilt-ciltsiz","8":"pa_tur-kitap","9":"pa_yayinevi-ayrinti-yayinlari","10":"pa_yazar-ahmet-tuncer-sumer","12":"first","13":"instock","14":"sale","15":"shipping-taxable","16":"purchasable","17":"product-type-simple"},"_links":{"self":[{"href":"https:\/\/roveyayinevi.com.tr\/index.php\/wp-json\/wp\/v2\/product\/715988","targetHints":{"allow":["GET"]}}],"collection":[{"href":"https:\/\/roveyayinevi.com.tr\/index.php\/wp-json\/wp\/v2\/product"}],"about":[{"href":"https:\/\/roveyayinevi.com.tr\/index.php\/wp-json\/wp\/v2\/types\/product"}],"wp:attachment":[{"href":"https:\/\/roveyayinevi.com.tr\/index.php\/wp-json\/wp\/v2\/media?parent=715988"}],"wp:term":[{"taxonomy":"product_brand","embeddable":true,"href":"https:\/\/roveyayinevi.com.tr\/index.php\/wp-json\/wp\/v2\/product_brand?post=715988"},{"taxonomy":"product_cat","embeddable":true,"href":"https:\/\/roveyayinevi.com.tr\/index.php\/wp-json\/wp\/v2\/product_cat?post=715988"},{"taxonomy":"product_tag","embeddable":true,"href":"https:\/\/roveyayinevi.com.tr\/index.php\/wp-json\/wp\/v2\/product_tag?post=715988"}],"curies":[{"name":"wp","href":"https:\/\/api.w.org\/{rel}","templated":true}]}}