{"id":715987,"date":"2025-08-27T17:36:58","date_gmt":"2025-08-27T14:36:58","guid":{"rendered":"https:\/\/roveyayinevi.com.tr\/index.php\/urun\/avrupa-bitmemis-bir-mecera\/"},"modified":"2026-04-16T02:24:28","modified_gmt":"2026-04-15T23:24:28","slug":"avrupa-bitmemis-bir-mecera","status":"publish","type":"product","link":"https:\/\/roveyayinevi.com.tr\/index.php\/urun\/avrupa-bitmemis-bir-mecera\/","title":{"rendered":"Avrupa &#8211; Bitmemi\u015f Bir Mecera"},"content":{"rendered":"<p>Zeus bir bo\u011fa k\u0131l\u0131\u011f\u0131na girip Prenses Europa\u2019y\u0131 [Avrupa] ka\u00e7\u0131r\u0131nca, Sur [Tyre] Kral\u0131 Agenor \u00fc\u00e7 o\u011flunu kaybolan k\u0131z\u0131n\u0131 bulmak i\u00e7in g\u00f6nderir. \u0130\u00e7lerinden Cadmon, Rodos\u2019a do\u011fru yola \u00e7\u0131kar, Trakya\u2019da karaya \u00e7\u0131kar ve daha sonra talihsiz k\u0131z karde\u015finin ismini alacak topraklar\u0131 ke\u015ffetmeye ba\u015flar. Delphi\u2019de k\u00e2hine karde\u015finin yerini sorar. O anda Pythia hep yapt\u0131\u011f\u0131 gibi ka\u00e7amakl\u0131 konu\u015fmaya ba\u015flar ama Cadmon\u2019a pratik bir tavsiyede bulunma l\u00fctfu g\u00f6sterir: \u201cOnu bulamayacaks\u0131n. En iyisi bir inek edin kendine, onu takip et ve hep ileriye it. Dinlenmesine izin verme. Yorgunluktan d\u00fc\u015f\u00fcp \u00f6ld\u00fc\u011f\u00fc yere bir kent in\u015fa et.\u201d Hik\u00e2yeye g\u00f6re Thebes bu \u015fekilde in\u015fa edilmi\u015ftir. B\u00f6ylece i\u015f i\u015ften ge\u00e7tikten sonra hepimizin g\u00f6zlemledi\u011fi gibi, Avrupal\u0131lar\u0131n hukuk fikrini \u00f6rerken kulland\u0131klar\u0131 iplik i\u015flevi g\u00f6ren Euripides ve Sofokles\u2019e hizmet etmi\u015f, Oedipus\u2019un Avrupal\u0131lar\u0131n karakteri, \u0131st\u0131raplar\u0131 ve ya\u015fam dramlar\u0131na \u00e7er\u00e7eve olmas\u0131n\u0131 sa\u011flayacak hareketlerde bulunmas\u0131na imk\u00e2n vermi\u015f olaylar zinciri ba\u015flam\u0131\u015ft\u0131r. Denis de Rougemont\u2019un, Cadmon\u2019a verilen \u00f6\u011f\u00fctten \u00e7\u0131kard\u0131\u011f\u0131 yorum: Avrupa\u2019y\u0131 aramak onu yaratmakt\u0131r! \u201cAvrupa sonsuzluk aray\u0131\u015f\u0131yla var olur ve i\u015fte bu sebeple ona macera demekteyim.\u201dZygmunt BaumanUsta ve bilge sosyolog Bauman, kaybolan ama her defas\u0131ndan yeniden bulunup yarat\u0131lan \u201cAvrupa\u201d maceras\u0131n\u0131 masaya yat\u0131r\u0131yor bu kitab\u0131nda: Devrimlerle, g\u00f6\u00e7lerle, ekonomik krizlerle sars\u0131lan, suret de\u011fi\u015ftiren Avrupa\u2019n\u0131n d\u00fcn\u00fcne ve bug\u00fcn\u00fcne \u0131\u015f\u0131k tutuyor; ucu a\u00e7\u0131k gelecek olas\u0131l\u0131klar\u0131na da i\u015faret ederek&#8230; <\/p>\n","protected":false},"excerpt":{"rendered":"<p>Zeus bir bo\u011fa k\u0131l\u0131\u011f\u0131na girip Prenses Europa\u2019y\u0131 [Avrupa] ka\u00e7\u0131r\u0131nca, Sur [Tyre] Kral\u0131 Agenor \u00fc\u00e7 o\u011flunu kaybolan k\u0131z\u0131n\u0131 bulmak i\u00e7in g\u00f6nderir. \u0130\u00e7lerinden Cadmon, Rodos\u2019a do\u011fru yola \u00e7\u0131kar,<span class=\"excerpt-hellip\"> [\u2026]<\/span><\/p>\n","protected":false},"featured_media":0,"template":"","meta":{"_monsterinsights_skip_tracking":false,"_monsterinsights_sitenote_active":false,"_monsterinsights_sitenote_note":"","_monsterinsights_sitenote_category":0},"product_brand":[],"product_cat":[12291,12610],"product_tag":[],"class_list":{"0":"post-715987","1":"product","2":"type-product","3":"status-publish","5":"product_cat-edebiyat","6":"product_cat-elestiri-inceleme-kuram","7":"pa_cilt-ciltsiz","8":"pa_tur-kitap","9":"pa_yayinevi-ayrinti-yayinlari","10":"pa_yazar-zygmunt-bauman","12":"first","13":"instock","14":"sale","15":"shipping-taxable","16":"purchasable","17":"product-type-simple"},"_links":{"self":[{"href":"https:\/\/roveyayinevi.com.tr\/index.php\/wp-json\/wp\/v2\/product\/715987","targetHints":{"allow":["GET"]}}],"collection":[{"href":"https:\/\/roveyayinevi.com.tr\/index.php\/wp-json\/wp\/v2\/product"}],"about":[{"href":"https:\/\/roveyayinevi.com.tr\/index.php\/wp-json\/wp\/v2\/types\/product"}],"wp:attachment":[{"href":"https:\/\/roveyayinevi.com.tr\/index.php\/wp-json\/wp\/v2\/media?parent=715987"}],"wp:term":[{"taxonomy":"product_brand","embeddable":true,"href":"https:\/\/roveyayinevi.com.tr\/index.php\/wp-json\/wp\/v2\/product_brand?post=715987"},{"taxonomy":"product_cat","embeddable":true,"href":"https:\/\/roveyayinevi.com.tr\/index.php\/wp-json\/wp\/v2\/product_cat?post=715987"},{"taxonomy":"product_tag","embeddable":true,"href":"https:\/\/roveyayinevi.com.tr\/index.php\/wp-json\/wp\/v2\/product_tag?post=715987"}],"curies":[{"name":"wp","href":"https:\/\/api.w.org\/{rel}","templated":true}]}}