{"id":715986,"date":"2025-08-27T17:36:58","date_gmt":"2025-08-27T14:36:58","guid":{"rendered":"https:\/\/roveyayinevi.com.tr\/index.php\/urun\/filistin-cephesi-son-hacli-seferi\/"},"modified":"2026-04-16T02:24:28","modified_gmt":"2026-04-15T23:24:28","slug":"filistin-cephesi-son-hacli-seferi","status":"publish","type":"product","link":"https:\/\/roveyayinevi.com.tr\/index.php\/urun\/filistin-cephesi-son-hacli-seferi\/","title":{"rendered":"Filistin Cephesi Son Ha\u00e7l\u0131 Seferi"},"content":{"rendered":"<p>Birinci D\u00fcnya Sava\u015f\u0131\u2019nda Osmanl\u0131 ordusunun tam d\u00f6rt y\u0131l s\u00fcren m\u00fccadele neticesinde takatinin t\u00fckendi\u011fi ve son muharebesini yapt\u0131\u011f\u0131 Filistin Cephesi\u2019nin kar\u015f\u0131 taraftan nas\u0131l g\u00f6r\u00fcnd\u00fc\u011f\u00fcn\u00fc anlatan bir kitap \u201cSon Ha\u00e7l\u0131 Seferi (The Last Crusade)\u201d.Osmanl\u0131 ordusunun S\u00fcvey\u015f Kanal\u0131 taarruzlar\u0131n\u0131n \u0130ngilizler taraf\u0131ndaki yans\u0131mas\u0131 neydi?\u0130ngilizlerin Kanal\u2019\u0131 savunma stratejisi nas\u0131l de\u011fi\u015fti?\u0130ngiliz ordusu i\u00e7in Gazze ni\u00e7in \u00f6nemli bir hedefti?Arap isyan\u0131nda \u0130ngilizlerin etkisi ve Lawrence\u2019\u0131n rol\u00fc neydi?Kud\u00fcs\u2019\u00fcn ele ge\u00e7irilmesi i\u00e7in giri\u015filen harekat \u201cSon Ha\u00e7l\u0131 Seferi\u201d olarak m\u0131 g\u00f6r\u00fcld\u00fc?Osmanl\u0131 ordusunun Filistin cephesinde \u00e7\u00f6kmesinin sebepleri nelerdi?Bu sorular\u0131 cevab\u0131, \u0130ngiliz tarih\u00e7i Antony Bruce\u2019\u0131n olduk\u00e7a objektif bir bi\u00e7imde kaleme ald\u0131\u011f\u0131 kitapta.<\/p>\n","protected":false},"excerpt":{"rendered":"<p>Birinci D\u00fcnya Sava\u015f\u0131\u2019nda Osmanl\u0131 ordusunun tam d\u00f6rt y\u0131l s\u00fcren m\u00fccadele neticesinde takatinin t\u00fckendi\u011fi ve son muharebesini yapt\u0131\u011f\u0131 Filistin Cephesi\u2019nin kar\u015f\u0131 taraftan nas\u0131l g\u00f6r\u00fcnd\u00fc\u011f\u00fcn\u00fc anlatan bir kitap<span class=\"excerpt-hellip\"> [\u2026]<\/span><\/p>\n","protected":false},"featured_media":0,"template":"","meta":{"_monsterinsights_skip_tracking":false,"_monsterinsights_sitenote_active":false,"_monsterinsights_sitenote_note":"","_monsterinsights_sitenote_category":0},"product_brand":[],"product_cat":[13517,12304],"product_tag":[],"class_list":{"0":"post-715986","1":"product","2":"type-product","3":"status-publish","5":"product_cat-osmanli-tarihi","6":"product_cat-tarih","7":"pa_cilt-ciltsiz","8":"pa_tur-kitap","9":"pa_yayinevi-yeditepe-yayinevi","10":"pa_yazar-anthony-bruce","12":"first","13":"instock","14":"sale","15":"shipping-taxable","16":"purchasable","17":"product-type-simple"},"_links":{"self":[{"href":"https:\/\/roveyayinevi.com.tr\/index.php\/wp-json\/wp\/v2\/product\/715986","targetHints":{"allow":["GET"]}}],"collection":[{"href":"https:\/\/roveyayinevi.com.tr\/index.php\/wp-json\/wp\/v2\/product"}],"about":[{"href":"https:\/\/roveyayinevi.com.tr\/index.php\/wp-json\/wp\/v2\/types\/product"}],"wp:attachment":[{"href":"https:\/\/roveyayinevi.com.tr\/index.php\/wp-json\/wp\/v2\/media?parent=715986"}],"wp:term":[{"taxonomy":"product_brand","embeddable":true,"href":"https:\/\/roveyayinevi.com.tr\/index.php\/wp-json\/wp\/v2\/product_brand?post=715986"},{"taxonomy":"product_cat","embeddable":true,"href":"https:\/\/roveyayinevi.com.tr\/index.php\/wp-json\/wp\/v2\/product_cat?post=715986"},{"taxonomy":"product_tag","embeddable":true,"href":"https:\/\/roveyayinevi.com.tr\/index.php\/wp-json\/wp\/v2\/product_tag?post=715986"}],"curies":[{"name":"wp","href":"https:\/\/api.w.org\/{rel}","templated":true}]}}