{"id":715985,"date":"2025-08-27T17:36:57","date_gmt":"2025-08-27T14:36:57","guid":{"rendered":"https:\/\/roveyayinevi.com.tr\/index.php\/urun\/leyla-ve-mecnun-makaleler\/"},"modified":"2026-04-16T02:24:28","modified_gmt":"2026-04-15T23:24:28","slug":"leyla-ve-mecnun-makaleler","status":"publish","type":"product","link":"https:\/\/roveyayinevi.com.tr\/index.php\/urun\/leyla-ve-mecnun-makaleler\/","title":{"rendered":"Leyla ve Mecnun Makaleler"},"content":{"rendered":"<p>Herkes\u00e7e bilinen iki kahramanl\u0131 a\u015fk anlat\u0131lar\u0131 aras\u0131nda Leyl\u00e2 ile Mecn\u00fbn\u2019un hik\u00e2yesi kadar \u00fcnl\u00fcs\u00fc yoktur. Y\u00fczy\u0131llard\u0131r s\u00f6ylenegelen, farkl\u0131 dillerde \u00e7e\u015fitli bi\u00e7imlerde yaz\u0131lan bu hik\u00e2yede, Mecn\u00fbn\u2019un Leyl\u00e2\u2019y\u0131 aray\u0131p gezmesi anlat\u0131n\u0131n de\u011fi\u015fmez yap\u0131s\u0131n\u0131 olu\u015fturur. G\u00f6n\u00fcl Alpay Tekin\u2019in Leyl\u00e2 ve Mecn\u00fbn hik\u00e2yesi ve mesnevileri hakk\u0131ndaki be\u015f makalesinden olu\u015fan bu kitap, kendilerinin 1960 y\u0131l\u0131nda \u0130stanbul \u00dcniversitesi\u2019nde mezuniyet tezi olarak haz\u0131rlad\u0131\u011f\u0131 \u201cHamdullah Hamdi\u2019nin Leyl\u00e2 ve Mecn\u00fbn Mesnevisi\u201d ba\u015fl\u0131kl\u0131 \u00e7al\u0131\u015fmas\u0131yla ba\u015flayan ve bug\u00fcne de\u011fin aral\u0131ks\u0131z devam eden ara\u015ft\u0131rmalar\u0131n\u0131 bir araya getirmektedir. Leyl\u00e2 ve Mecn\u00fbn hik\u00e2yesini anlatan mesneviler aras\u0131ndaki ili\u015fkiler, n\u00fcsha farklar\u0131, yazmalar\u0131n nas\u0131l incelenmesi gerekti\u011fi ve hik\u00e2yenin mitolojik k\u00f6kenleri gibi konularda ufuk a\u00e7\u0131c\u0131 ve \u00f6nc\u00fc y\u00f6ntem ve tespitler i\u00e7eren bu be\u015f makale, G\u00f6n\u00fcl Alpay Tekin\u2019in h\u00e2len haz\u0131rlamakta oldu\u011fu Leyl\u00e2 ve Mecn\u00fbn kitab\u0131n\u0131n sadece bir b\u00f6l\u00fcm\u00fcn\u00fc te\u015fkil etmektedir.<\/p>\n","protected":false},"excerpt":{"rendered":"<p>Herkes\u00e7e bilinen iki kahramanl\u0131 a\u015fk anlat\u0131lar\u0131 aras\u0131nda Leyl\u00e2 ile Mecn\u00fbn\u2019un hik\u00e2yesi kadar \u00fcnl\u00fcs\u00fc yoktur. Y\u00fczy\u0131llard\u0131r s\u00f6ylenegelen, farkl\u0131 dillerde \u00e7e\u015fitli bi\u00e7imlerde yaz\u0131lan bu hik\u00e2yede, Mecn\u00fbn\u2019un Leyl\u00e2\u2019y\u0131 aray\u0131p<span class=\"excerpt-hellip\"> [\u2026]<\/span><\/p>\n","protected":false},"featured_media":0,"template":"","meta":{"_monsterinsights_skip_tracking":false,"_monsterinsights_sitenote_active":false,"_monsterinsights_sitenote_note":"","_monsterinsights_sitenote_category":0},"product_brand":[],"product_cat":[13072,12291],"product_tag":[],"class_list":{"0":"post-715985","1":"product","2":"type-product","3":"status-publish","5":"product_cat-arastirma-inceleme-referans","6":"product_cat-edebiyat","7":"pa_cilt-ciltsiz","8":"pa_tur-kitap","9":"pa_yayinevi-yeditepe-yayinevi","10":"pa_yazar-gonul-alpay-tekin","12":"first","13":"instock","14":"sale","15":"shipping-taxable","16":"purchasable","17":"product-type-simple"},"_links":{"self":[{"href":"https:\/\/roveyayinevi.com.tr\/index.php\/wp-json\/wp\/v2\/product\/715985","targetHints":{"allow":["GET"]}}],"collection":[{"href":"https:\/\/roveyayinevi.com.tr\/index.php\/wp-json\/wp\/v2\/product"}],"about":[{"href":"https:\/\/roveyayinevi.com.tr\/index.php\/wp-json\/wp\/v2\/types\/product"}],"wp:attachment":[{"href":"https:\/\/roveyayinevi.com.tr\/index.php\/wp-json\/wp\/v2\/media?parent=715985"}],"wp:term":[{"taxonomy":"product_brand","embeddable":true,"href":"https:\/\/roveyayinevi.com.tr\/index.php\/wp-json\/wp\/v2\/product_brand?post=715985"},{"taxonomy":"product_cat","embeddable":true,"href":"https:\/\/roveyayinevi.com.tr\/index.php\/wp-json\/wp\/v2\/product_cat?post=715985"},{"taxonomy":"product_tag","embeddable":true,"href":"https:\/\/roveyayinevi.com.tr\/index.php\/wp-json\/wp\/v2\/product_tag?post=715985"}],"curies":[{"name":"wp","href":"https:\/\/api.w.org\/{rel}","templated":true}]}}