{"id":715983,"date":"2025-08-27T17:36:55","date_gmt":"2025-08-27T14:36:55","guid":{"rendered":"https:\/\/roveyayinevi.com.tr\/index.php\/urun\/anahtar-oykuler\/"},"modified":"2026-04-16T02:24:28","modified_gmt":"2026-04-15T23:24:28","slug":"anahtar-oykuler","status":"publish","type":"product","link":"https:\/\/roveyayinevi.com.tr\/index.php\/urun\/anahtar-oykuler\/","title":{"rendered":"Anahtar \u00d6yk\u00fcler"},"content":{"rendered":"<p>Tuna, bir odada g\u00f6zlerini tavana dikerek dinlenece\u011fi g\u00fcn\u00fcn hayalini kurard\u0131 hep&#8230; \u015eansa bak\u0131n! \u0130ste\u011fi masallardaki gibi \u015f\u0131ppadak ger\u00e7ek olmaz m\u0131! Tuna\u2019n\u0131n ba\u015f\u0131na ne mi geldi? Az bilinen, nerdeyse on binde bir rastlanan bir \u015fey! Tuna, ila\u00e7lar\u0131n yan etkisi denemeleri i\u00e7in kobay olmad\u0131. Uzay kamp\u0131ndaki uzun s\u00fcreli uzay g\u00f6revinin, astronotlarda yarataca\u011f\u0131 psikolojik etkileri ara\u015ft\u0131ran gruba denek olarak da girmedi. Hepsinden farkl\u0131, bamba\u015fka bir \u015fey geldi ba\u015f\u0131na.  \u0130lk iki g\u00fcn yaln\u0131zl\u0131k \u00e7ekmedi ve birileriyle konu\u015fmaya ihtiya\u00e7 bile duymad\u0131. Ama sonra&#8230; Bir de\u011fil, bir\u00e7ok g\u00fcn yaln\u0131z kalaca\u011f\u0131 fikrine al\u0131\u015fmas\u0131 zordu. Neyse ki teyzesinin kartondan yapt\u0131\u011f\u0131 bir teleskop, Tuna\u2019n\u0131n odas\u0131ndaki pencereyi kocaman bir d\u00fcnyaya a\u00e7t\u0131. Tuna&#8217;n\u0131n g\u00f6rd\u00fc\u011f\u00fc, y\u00fczlerinde reng\u00e2renk anahtar desenleri olan bir peron dolusu insand\u0131 ve o y\u00fczlerdeki anahtarlar\u0131 say\u0131yordu&#8230; Usta yazar Sevim Ak, \u00e7ocuk edebiyat\u0131 alan\u0131ndaki 30 y\u0131l\u0131 a\u015fk\u0131n deneyimi ve \u00f6zg\u00fcn anlat\u0131m\u0131yla bu roman\u0131nda, t\u00fcm okurlar\u0131n\u0131 anahtar deli\u011finden i\u00e7eri davet ediyor.<\/p>\n","protected":false},"excerpt":{"rendered":"<p>Tuna, bir odada g\u00f6zlerini tavana dikerek dinlenece\u011fi g\u00fcn\u00fcn hayalini kurard\u0131 hep&#8230; \u015eansa bak\u0131n! \u0130ste\u011fi masallardaki gibi \u015f\u0131ppadak ger\u00e7ek olmaz m\u0131! Tuna\u2019n\u0131n ba\u015f\u0131na ne mi geldi? Az<span class=\"excerpt-hellip\"> [\u2026]<\/span><\/p>\n","protected":false},"featured_media":0,"template":"","meta":{"_monsterinsights_skip_tracking":false,"_monsterinsights_sitenote_active":false,"_monsterinsights_sitenote_note":"","_monsterinsights_sitenote_category":0},"product_brand":[],"product_cat":[12274,12284],"product_tag":[],"class_list":{"0":"post-715983","1":"product","2":"type-product","3":"status-publish","5":"product_cat-cocuk-ve-genclik-kitaplari","6":"product_cat-hikayeler","7":"pa_cilt-ciltsiz","8":"pa_tur-kitap","9":"pa_yayinevi-fom-kitap","10":"pa_yazar-sevim-ak","12":"first","13":"instock","14":"sale","15":"shipping-taxable","16":"purchasable","17":"product-type-simple"},"_links":{"self":[{"href":"https:\/\/roveyayinevi.com.tr\/index.php\/wp-json\/wp\/v2\/product\/715983","targetHints":{"allow":["GET"]}}],"collection":[{"href":"https:\/\/roveyayinevi.com.tr\/index.php\/wp-json\/wp\/v2\/product"}],"about":[{"href":"https:\/\/roveyayinevi.com.tr\/index.php\/wp-json\/wp\/v2\/types\/product"}],"wp:attachment":[{"href":"https:\/\/roveyayinevi.com.tr\/index.php\/wp-json\/wp\/v2\/media?parent=715983"}],"wp:term":[{"taxonomy":"product_brand","embeddable":true,"href":"https:\/\/roveyayinevi.com.tr\/index.php\/wp-json\/wp\/v2\/product_brand?post=715983"},{"taxonomy":"product_cat","embeddable":true,"href":"https:\/\/roveyayinevi.com.tr\/index.php\/wp-json\/wp\/v2\/product_cat?post=715983"},{"taxonomy":"product_tag","embeddable":true,"href":"https:\/\/roveyayinevi.com.tr\/index.php\/wp-json\/wp\/v2\/product_tag?post=715983"}],"curies":[{"name":"wp","href":"https:\/\/api.w.org\/{rel}","templated":true}]}}