{"id":715982,"date":"2025-08-27T17:36:55","date_gmt":"2025-08-27T14:36:55","guid":{"rendered":"https:\/\/roveyayinevi.com.tr\/index.php\/urun\/kullugum-sultanligimdir\/"},"modified":"2026-04-16T02:24:28","modified_gmt":"2026-04-15T23:24:28","slug":"kullugum-sultanligimdir","status":"publish","type":"product","link":"https:\/\/roveyayinevi.com.tr\/index.php\/urun\/kullugum-sultanligimdir\/","title":{"rendered":"Kullu\u011fum Sultanl\u0131\u011f\u0131md\u0131r"},"content":{"rendered":"<p>\u201cBana yazard\u0131n, okurdum. \u0130\u00e7imde konu\u015fur gibiydin. Kalbimle i\u015fitirdim. Ruhum yat\u0131\u015f\u0131rd\u0131. B\u0131rakt\u0131n. Unuttun. Yoksun. Sesime ses vermiyorsun.Sensiz ge\u00e7en gecelerimde sorular\u0131m birikti. Kimselere soram\u0131yorum. Hemen akl\u0131ma gelenleri s\u00f6yleyeyim\u2026\u201cKainat kitab\u0131\u201d diye bir tabir kullanm\u0131\u015ft\u0131n bir ara. Akl\u0131mdan \u00e7\u0131km\u0131yor. Bende kal\u0131c\u0131 bir etki b\u0131rakt\u0131. Ne demektir bu, nas\u0131l? Bug\u00fcn yery\u00fcz\u00fcne, g\u00f6ky\u00fcz\u00fcne, denize bu g\u00f6zle bakt\u0131m. Bir kitap okur gibi okumaya \u00e7al\u0131\u015ft\u0131m. Fakat yapamad\u0131m. Bu kitap nas\u0131l okunacak?\u0130nsan\u0131 da d\u00fc\u015f\u00fcnd\u00fcm. K\u00fc\u00e7\u00fck bir canl\u0131. Ne \u00f6nemi var ki ona melekler secde ediyor, peygamberler g\u00f6nderiliyor?\u0130yi bir dindar olmak i\u00e7in d\u00fcnyay\u0131 terk etmek, i\u015fi g\u00fcc\u00fc b\u0131rakmak m\u0131 gerekiyor? Hem d\u00fcnyada ba\u015far\u0131l\u0131 olup hem de cennetlik bir kul olmak m\u00fcmk\u00fcn de\u011fil mi?Nefsim azg\u0131n, s\u00f6z dinletemiyorum ona. S\u0131n\u0131rlardan rahats\u0131z oluyor. \u2018Nefsine uyma\u2019 diyor b\u00fcy\u00fckannem. \u0130nsan onunla sava\u015fmal\u0131ym\u0131\u015f. Ne demektir nefisle sava\u015fmak? Nas\u0131l olur ki bu?Ta\u015fk\u0131nl\u0131klar\u0131m oluyor. \u2018Bu son olsun, bir daha m\u0131, asla!\u2019 diyorum, fakat dayanam\u0131yor yine gidiyorum.Bana yard\u0131m et. Kendime nas\u0131l s\u00f6z dinletece\u011fim? K\u00f6t\u00fc huylar\u0131m\u0131 nas\u0131l d\u00fczeltece\u011fim? Nereden ba\u015flamal\u0131y\u0131m?\u201d<\/p>\n","protected":false},"excerpt":{"rendered":"<p>\u201cBana yazard\u0131n, okurdum. \u0130\u00e7imde konu\u015fur gibiydin. Kalbimle i\u015fitirdim. Ruhum yat\u0131\u015f\u0131rd\u0131. B\u0131rakt\u0131n. Unuttun. Yoksun. Sesime ses vermiyorsun.Sensiz ge\u00e7en gecelerimde sorular\u0131m birikti. Kimselere soram\u0131yorum. Hemen akl\u0131ma gelenleri s\u00f6yleyeyim\u2026\u201cKainat<span class=\"excerpt-hellip\"> [\u2026]<\/span><\/p>\n","protected":false},"featured_media":0,"template":"","meta":{"_monsterinsights_skip_tracking":false,"_monsterinsights_sitenote_active":false,"_monsterinsights_sitenote_note":"","_monsterinsights_sitenote_category":0},"product_brand":[],"product_cat":[12291,12711],"product_tag":[],"class_list":{"0":"post-715982","1":"product","2":"type-product","3":"status-publish","5":"product_cat-edebiyat","6":"product_cat-roman-oyku","7":"pa_cilt-ciltsiz","8":"pa_tur-kitap","9":"pa_yayinevi-carpe-diem-kitaplari","10":"pa_yazar-omer-sevincgul","12":"first","13":"instock","14":"sale","15":"shipping-taxable","16":"purchasable","17":"product-type-simple"},"_links":{"self":[{"href":"https:\/\/roveyayinevi.com.tr\/index.php\/wp-json\/wp\/v2\/product\/715982","targetHints":{"allow":["GET"]}}],"collection":[{"href":"https:\/\/roveyayinevi.com.tr\/index.php\/wp-json\/wp\/v2\/product"}],"about":[{"href":"https:\/\/roveyayinevi.com.tr\/index.php\/wp-json\/wp\/v2\/types\/product"}],"wp:attachment":[{"href":"https:\/\/roveyayinevi.com.tr\/index.php\/wp-json\/wp\/v2\/media?parent=715982"}],"wp:term":[{"taxonomy":"product_brand","embeddable":true,"href":"https:\/\/roveyayinevi.com.tr\/index.php\/wp-json\/wp\/v2\/product_brand?post=715982"},{"taxonomy":"product_cat","embeddable":true,"href":"https:\/\/roveyayinevi.com.tr\/index.php\/wp-json\/wp\/v2\/product_cat?post=715982"},{"taxonomy":"product_tag","embeddable":true,"href":"https:\/\/roveyayinevi.com.tr\/index.php\/wp-json\/wp\/v2\/product_tag?post=715982"}],"curies":[{"name":"wp","href":"https:\/\/api.w.org\/{rel}","templated":true}]}}