{"id":715981,"date":"2025-08-27T17:36:54","date_gmt":"2025-08-27T14:36:54","guid":{"rendered":"https:\/\/roveyayinevi.com.tr\/index.php\/urun\/mutlulugun-kazanilmasi-2\/"},"modified":"2026-04-16T02:24:28","modified_gmt":"2026-04-15T23:24:28","slug":"mutlulugun-kazanilmasi-2","status":"publish","type":"product","link":"https:\/\/roveyayinevi.com.tr\/index.php\/urun\/mutlulugun-kazanilmasi-2\/","title":{"rendered":"Mutlulu\u011fun Kazan\u0131lmas\u0131"},"content":{"rendered":"<p>Az s\u00f6zle \u00e7ok manaya i\u015faret edecek \u015fekilde yaz\u0131lm\u0131\u015f bir kitap gibi insan da, bu alem kitab\u0131n\u0131n \u00f6zl\u00fc bir ifadesidir.\u201d \u0130nsan, yarat\u0131lm\u0131\u015flar\u0131n en y\u00fccesi olmas\u0131 nedeniyle b\u00fct\u00fcn mevcudat\u0131n \u00f6zelliklerini belirli yanlar\u0131yla i\u00e7inde bar\u0131nd\u0131r\u0131r. Bu sebeple de, ehl-i irfan taraf\u0131ndan\u201dk\u00fc\u00e7\u00fck kainat\u201d olarak nitelendirilir. Peki, insana bah\u015fedilmi\u015f olan bu vasf\u0131n hakk\u0131, g\u00fcn\u00fcm\u00fcz\u00fcn maddeye indirgenmi\u015f d\u00fcnyas\u0131nda nas\u0131l verilebilir?\u0130slam d\u00fcnyas\u0131n\u0131n en b\u00fcy\u00fck alimlerinden mutasavv\u0131f ve m\u00fcfessir Rag\u0131b el-\u0130sfahani Mutlulu\u011fun Kazan\u0131lmas\u0131\u2019nda, a\u00e7\u0131k ve samimi diliyle;ayetler, hadis-i \u015feriflerve b\u00fcy\u00fck zatlardan nasihatler e\u015fli\u011finde \u201cinsan\u201d\u0131 yaln\u0131zca etten kemikten cismani y\u00f6n\u00fcyle de\u011fil, manevi y\u00f6n\u00fcyle ele al\u0131yor. Mutlulu\u011fun Kazan\u0131lmas\u0131, kendine ve \u00e7evresine faydal\u0131 olabilmesi i\u00e7in bir bu\u011fday tanesi gibi \u00f6\u011f\u00fct\u00fcl\u00fcp pi\u015fmesi gereken insan\u0131n d\u00fcnyadaki bu olgunla\u015fma s\u00fcrecinde tabi olaca\u011f\u0131 evreleri, bu d\u00f6nemler sonucunda ula\u015faca\u011f\u0131 mutlulu\u011fu ve yarat\u0131l\u0131\u015f gayesine uygun bir ya\u015famla ula\u015faca\u011f\u0131 ahiret mutlulu\u011funu a\u00e7\u0131klarken bir kendini bulma ve bilme kitab\u0131 niteli\u011fini ta\u015f\u0131yor.<\/p>\n","protected":false},"excerpt":{"rendered":"<p>Az s\u00f6zle \u00e7ok manaya i\u015faret edecek \u015fekilde yaz\u0131lm\u0131\u015f bir kitap gibi insan da, bu alem kitab\u0131n\u0131n \u00f6zl\u00fc bir ifadesidir.\u201d \u0130nsan, yarat\u0131lm\u0131\u015flar\u0131n en y\u00fccesi olmas\u0131 nedeniyle b\u00fct\u00fcn<span class=\"excerpt-hellip\"> [\u2026]<\/span><\/p>\n","protected":false},"featured_media":0,"template":"","meta":{"_monsterinsights_skip_tracking":false,"_monsterinsights_sitenote_active":false,"_monsterinsights_sitenote_note":"","_monsterinsights_sitenote_category":0},"product_brand":[],"product_cat":[12718,12719,12720],"product_tag":[],"class_list":{"0":"post-715981","1":"product","2":"type-product","3":"status-publish","5":"product_cat-din","6":"product_cat-islam","7":"product_cat-tasavvuf-mezhepler-tarikatlar","8":"pa_cilt-ciltsiz","9":"pa_tur-kitap","10":"pa_yayinevi-sufi-kitap","11":"pa_yazar-ragip-el-isfehani","13":"first","14":"instock","15":"sale","16":"shipping-taxable","17":"purchasable","18":"product-type-simple"},"_links":{"self":[{"href":"https:\/\/roveyayinevi.com.tr\/index.php\/wp-json\/wp\/v2\/product\/715981","targetHints":{"allow":["GET"]}}],"collection":[{"href":"https:\/\/roveyayinevi.com.tr\/index.php\/wp-json\/wp\/v2\/product"}],"about":[{"href":"https:\/\/roveyayinevi.com.tr\/index.php\/wp-json\/wp\/v2\/types\/product"}],"wp:attachment":[{"href":"https:\/\/roveyayinevi.com.tr\/index.php\/wp-json\/wp\/v2\/media?parent=715981"}],"wp:term":[{"taxonomy":"product_brand","embeddable":true,"href":"https:\/\/roveyayinevi.com.tr\/index.php\/wp-json\/wp\/v2\/product_brand?post=715981"},{"taxonomy":"product_cat","embeddable":true,"href":"https:\/\/roveyayinevi.com.tr\/index.php\/wp-json\/wp\/v2\/product_cat?post=715981"},{"taxonomy":"product_tag","embeddable":true,"href":"https:\/\/roveyayinevi.com.tr\/index.php\/wp-json\/wp\/v2\/product_tag?post=715981"}],"curies":[{"name":"wp","href":"https:\/\/api.w.org\/{rel}","templated":true}]}}