{"id":715980,"date":"2025-08-27T17:36:53","date_gmt":"2025-08-27T14:36:53","guid":{"rendered":"https:\/\/roveyayinevi.com.tr\/index.php\/urun\/dunyadan-ve-turkiyeden-enler-ve-ilkler\/"},"modified":"2026-04-16T02:24:28","modified_gmt":"2026-04-15T23:24:28","slug":"dunyadan-ve-turkiyeden-enler-ve-ilkler","status":"publish","type":"product","link":"https:\/\/roveyayinevi.com.tr\/index.php\/urun\/dunyadan-ve-turkiyeden-enler-ve-ilkler\/","title":{"rendered":"D\u00fcnya&#8217;dan ve T\u00fcrkiye&#8217;den En&#8217;ler ve \u0130lk&#8217;ler"},"content":{"rendered":"<p>Bu kitapta, * Bir gazetenin 1645 y\u0131l\u0131ndan beri yay\u0131mland\u0131\u011f\u0131n\u0131, * Papua Yeni Gine&#8217;de 870 dilin konu\u015fuldu\u011funu, * D\u00fcnyan\u0131n en uzun web alan ad\u0131n\u0131n 58 harfli oldu\u011funu, * K\u0131rlang\u0131\u00e7lar\u0131n saatte 170 km h\u0131zla u\u00e7abildiklerini, * 500 000 dolarl\u0131k miras\u0131n sahibi kedileri, * Futbol tak\u0131m\u0131m\u0131z\u0131n d\u00fcnya rekorlar\u0131n\u0131, * En eski k\u00f6pr\u00fcn\u00fcn \u0130zmir&#8217;de oldu\u011funu, * Bir ma\u00e7ta 272 say\u0131 atan basketbolcuyu, * Sadece &#8220;bir&#8221; ki\u015finin izledi\u011fi tiyatro oyununu, * 761 y\u0131l s\u00fcren mahkemeyi, * Birbirleri ile 51 defa evlenen \u00e7ifti, * \u0130lk kuma\u015f\u0131n \u00c7atalh\u00f6y\u00fck&#8217;te bulundu\u011funu ve akl\u0131n\u0131z\u0131n alamayaca\u011f\u0131 y\u00fczlerce &#8220;en&#8221; ve &#8220;ilk&#8221;i okuyacaks\u0131n\u0131z. <\/p>\n","protected":false},"excerpt":{"rendered":"<p>Bu kitapta, * Bir gazetenin 1645 y\u0131l\u0131ndan beri yay\u0131mland\u0131\u011f\u0131n\u0131, * Papua Yeni Gine&#8217;de 870 dilin konu\u015fuldu\u011funu, * D\u00fcnyan\u0131n en uzun web alan ad\u0131n\u0131n 58 harfli oldu\u011funu,<span class=\"excerpt-hellip\"> [\u2026]<\/span><\/p>\n","protected":false},"featured_media":0,"template":"","meta":{"_monsterinsights_skip_tracking":false,"_monsterinsights_sitenote_active":false,"_monsterinsights_sitenote_note":"","_monsterinsights_sitenote_category":0},"product_brand":[],"product_cat":[12274,12284],"product_tag":[],"class_list":{"0":"post-715980","1":"product","2":"type-product","3":"status-publish","5":"product_cat-cocuk-ve-genclik-kitaplari","6":"product_cat-hikayeler","7":"pa_cilt-ciltsiz","8":"pa_tur-kitap","9":"pa_yayinevi-timas-cocuk","10":"pa_yazar-serhan-buyukkececi","12":"first","13":"instock","14":"sale","15":"shipping-taxable","16":"purchasable","17":"product-type-simple"},"_links":{"self":[{"href":"https:\/\/roveyayinevi.com.tr\/index.php\/wp-json\/wp\/v2\/product\/715980","targetHints":{"allow":["GET"]}}],"collection":[{"href":"https:\/\/roveyayinevi.com.tr\/index.php\/wp-json\/wp\/v2\/product"}],"about":[{"href":"https:\/\/roveyayinevi.com.tr\/index.php\/wp-json\/wp\/v2\/types\/product"}],"wp:attachment":[{"href":"https:\/\/roveyayinevi.com.tr\/index.php\/wp-json\/wp\/v2\/media?parent=715980"}],"wp:term":[{"taxonomy":"product_brand","embeddable":true,"href":"https:\/\/roveyayinevi.com.tr\/index.php\/wp-json\/wp\/v2\/product_brand?post=715980"},{"taxonomy":"product_cat","embeddable":true,"href":"https:\/\/roveyayinevi.com.tr\/index.php\/wp-json\/wp\/v2\/product_cat?post=715980"},{"taxonomy":"product_tag","embeddable":true,"href":"https:\/\/roveyayinevi.com.tr\/index.php\/wp-json\/wp\/v2\/product_tag?post=715980"}],"curies":[{"name":"wp","href":"https:\/\/api.w.org\/{rel}","templated":true}]}}