{"id":715978,"date":"2025-08-27T17:36:52","date_gmt":"2025-08-27T14:36:52","guid":{"rendered":"https:\/\/roveyayinevi.com.tr\/index.php\/urun\/beni-ne-renk-sevdin-anne\/"},"modified":"2026-04-16T02:24:28","modified_gmt":"2026-04-15T23:24:28","slug":"beni-ne-renk-sevdin-anne","status":"publish","type":"product","link":"https:\/\/roveyayinevi.com.tr\/index.php\/urun\/beni-ne-renk-sevdin-anne\/","title":{"rendered":"Beni Ne Renk Sevdin Anne?"},"content":{"rendered":"<p>&#8220;Sevginin b\u00fcy\u00fckl\u00fc\u011f\u00fc nas\u0131l ifade edilir?&#8221; Bu sorunun cevab\u0131n\u0131 merakl\u0131 bir \u00e7ocu\u011fun renkli d\u00fcnyas\u0131nda ke\u015ffetmeye haz\u0131r m\u0131s\u0131n\u0131z?&#8221;Beni Ne Renk Sevdin Anne? annesinin kendisine olan sevgisinin b\u00fcy\u00fckl\u00fc\u011f\u00fcn\u00fc merak eden ve bunun cevab\u0131n\u0131 renklerin b\u00fcy\u00fcl\u00fc d\u00fcnyas\u0131nda arayan merakl\u0131 bir \u00e7ocu\u011fun \u00f6yk\u00fcs\u00fc.Sevginin rengarenk oldu\u011funu ve anne sevgisinin bir \u00e7ocu\u011fun hayal d\u00fcnyas\u0131nda bamba\u015fka bir yer ald\u0131\u011f\u0131n\u0131 g\u00f6steren bu s\u0131cac\u0131k \u00f6yk\u00fcy\u00fc keyifle okuyacaks\u0131n\u0131z&#8230;<\/p>\n","protected":false},"excerpt":{"rendered":"<p>&#8220;Sevginin b\u00fcy\u00fckl\u00fc\u011f\u00fc nas\u0131l ifade edilir?&#8221; Bu sorunun cevab\u0131n\u0131 merakl\u0131 bir \u00e7ocu\u011fun renkli d\u00fcnyas\u0131nda ke\u015ffetmeye haz\u0131r m\u0131s\u0131n\u0131z?&#8221;Beni Ne Renk Sevdin Anne? annesinin kendisine olan sevgisinin b\u00fcy\u00fckl\u00fc\u011f\u00fcn\u00fc merak<span class=\"excerpt-hellip\"> [\u2026]<\/span><\/p>\n","protected":false},"featured_media":0,"template":"","meta":{"_monsterinsights_skip_tracking":false,"_monsterinsights_sitenote_active":false,"_monsterinsights_sitenote_note":"","_monsterinsights_sitenote_category":0},"product_brand":[],"product_cat":[12913,12274],"product_tag":[],"class_list":{"0":"post-715978","1":"product","2":"type-product","3":"status-publish","5":"product_cat-3-6-yas-kitaplari","6":"product_cat-cocuk-ve-genclik-kitaplari","7":"pa_cilt-ciltsiz","8":"pa_tur-kitap","9":"pa_yayinevi-timas-cocuk","10":"pa_yazar-gulsen-arslan-akca","12":"first","13":"instock","14":"sale","15":"shipping-taxable","16":"purchasable","17":"product-type-simple"},"_links":{"self":[{"href":"https:\/\/roveyayinevi.com.tr\/index.php\/wp-json\/wp\/v2\/product\/715978","targetHints":{"allow":["GET"]}}],"collection":[{"href":"https:\/\/roveyayinevi.com.tr\/index.php\/wp-json\/wp\/v2\/product"}],"about":[{"href":"https:\/\/roveyayinevi.com.tr\/index.php\/wp-json\/wp\/v2\/types\/product"}],"wp:attachment":[{"href":"https:\/\/roveyayinevi.com.tr\/index.php\/wp-json\/wp\/v2\/media?parent=715978"}],"wp:term":[{"taxonomy":"product_brand","embeddable":true,"href":"https:\/\/roveyayinevi.com.tr\/index.php\/wp-json\/wp\/v2\/product_brand?post=715978"},{"taxonomy":"product_cat","embeddable":true,"href":"https:\/\/roveyayinevi.com.tr\/index.php\/wp-json\/wp\/v2\/product_cat?post=715978"},{"taxonomy":"product_tag","embeddable":true,"href":"https:\/\/roveyayinevi.com.tr\/index.php\/wp-json\/wp\/v2\/product_tag?post=715978"}],"curies":[{"name":"wp","href":"https:\/\/api.w.org\/{rel}","templated":true}]}}