{"id":715977,"date":"2025-08-27T17:36:51","date_gmt":"2025-08-27T14:36:51","guid":{"rendered":"https:\/\/roveyayinevi.com.tr\/index.php\/urun\/enneagram-ile-kendini-kesfet\/"},"modified":"2026-04-03T02:30:33","modified_gmt":"2026-04-02T23:30:33","slug":"enneagram-ile-kendini-kesfet","status":"publish","type":"product","link":"https:\/\/roveyayinevi.com.tr\/index.php\/urun\/enneagram-ile-kendini-kesfet\/","title":{"rendered":"Enneagram \u0130le Kendini Ke\u015ffet"},"content":{"rendered":"<p>Ben kimim?En do\u011fal halimde sahip oldu\u011fum de\u011fer, erdem ve yetenekler neler?Hayal etti\u011fim de\u011fi\u015fiklikleri hayat\u0131ma nas\u0131l uygulayabilirim?Kendini tan\u0131ma modelleri aras\u0131nda belki de en kadim y\u00f6ntem olan Enneagram-9 Tip Ki\u015filik Modeli, hemen hemen her k\u00fclt\u00fcrde ki\u015filer aras\u0131 ili\u015fkileri d\u00fczenlemek ve ki\u015finin hayat\u0131n\u0131 iyile\u015ftirmek i\u00e7in kullan\u0131l\u0131yor ama yeterince bilinmiyor.\u0130smail Acarkan\u2019\u0131nEnneagram ile Kendini Ke\u015ffetkitab\u0131, ki\u015fiye kendini tan\u0131mas\u0131 i\u00e7in rehberlik ediyor. 9 farkl\u0131 ki\u015filik tipini farkl\u0131 y\u00f6nlerden ele alan Acarkan; ebeveynlerin, e\u015flerin, \u00f6\u011fretmenlerin ve y\u00f6neticilerin muhataplar\u0131yla do\u011fru ileti\u015fim kurabilmeleri i\u00e7in s\u0131rlar veriyor.Ki\u015fi neden kendini engeller?Zay\u0131f noktalar\u0131n\u0131 nas\u0131l fark eder?\u0130li\u015fkilerinden beklentileri ne y\u00f6ndedir?G\u00fc\u00e7l\u00fc oldu\u011fu taraflar\u0131 nas\u0131l kullanabilir?Zaaflar\u0131yla nas\u0131l ba\u015fa \u00e7\u0131kabilir?Bunun gibi pek \u00e7ok soruya yan\u0131t verenEnneagram ile Kendini Ke\u015ffet, yolda olanlara kendilerini tan\u0131malar\u0131 ve b\u00f6ylece i\u015fleri ray\u0131na koymalar\u0131 i\u00e7in bir f\u0131rsat sunuyor.<\/p>\n","protected":false},"excerpt":{"rendered":"<p>Ben kimim?En do\u011fal halimde sahip oldu\u011fum de\u011fer, erdem ve yetenekler neler?Hayal etti\u011fim de\u011fi\u015fiklikleri hayat\u0131ma nas\u0131l uygulayabilirim?Kendini tan\u0131ma modelleri aras\u0131nda belki de en kadim y\u00f6ntem olan Enneagram-9<span class=\"excerpt-hellip\"> [\u2026]<\/span><\/p>\n","protected":false},"featured_media":0,"template":"","meta":{"_monsterinsights_skip_tracking":false,"_monsterinsights_sitenote_active":false,"_monsterinsights_sitenote_note":"","_monsterinsights_sitenote_category":0},"product_brand":[],"product_cat":[12364,12376],"product_tag":[],"class_list":{"0":"post-715977","1":"product","2":"type-product","3":"status-publish","5":"product_cat-genel-konular","6":"product_cat-kisisel-gelisim","7":"pa_cilt-ciltsiz","8":"pa_tur-kitap","9":"pa_yayinevi-timas-yayinlari","10":"pa_yazar-ismail-acarkan","12":"first","13":"instock","14":"sale","15":"shipping-taxable","16":"purchasable","17":"product-type-simple"},"_links":{"self":[{"href":"https:\/\/roveyayinevi.com.tr\/index.php\/wp-json\/wp\/v2\/product\/715977","targetHints":{"allow":["GET"]}}],"collection":[{"href":"https:\/\/roveyayinevi.com.tr\/index.php\/wp-json\/wp\/v2\/product"}],"about":[{"href":"https:\/\/roveyayinevi.com.tr\/index.php\/wp-json\/wp\/v2\/types\/product"}],"wp:attachment":[{"href":"https:\/\/roveyayinevi.com.tr\/index.php\/wp-json\/wp\/v2\/media?parent=715977"}],"wp:term":[{"taxonomy":"product_brand","embeddable":true,"href":"https:\/\/roveyayinevi.com.tr\/index.php\/wp-json\/wp\/v2\/product_brand?post=715977"},{"taxonomy":"product_cat","embeddable":true,"href":"https:\/\/roveyayinevi.com.tr\/index.php\/wp-json\/wp\/v2\/product_cat?post=715977"},{"taxonomy":"product_tag","embeddable":true,"href":"https:\/\/roveyayinevi.com.tr\/index.php\/wp-json\/wp\/v2\/product_tag?post=715977"}],"curies":[{"name":"wp","href":"https:\/\/api.w.org\/{rel}","templated":true}]}}