{"id":715975,"date":"2025-08-27T17:36:50","date_gmt":"2025-08-27T14:36:50","guid":{"rendered":"https:\/\/roveyayinevi.com.tr\/index.php\/urun\/100-soruda-milli-mucadele\/"},"modified":"2026-04-16T02:24:28","modified_gmt":"2026-04-15T23:24:28","slug":"100-soruda-milli-mucadele","status":"publish","type":"product","link":"https:\/\/roveyayinevi.com.tr\/index.php\/urun\/100-soruda-milli-mucadele\/","title":{"rendered":"100 Soruda Milli M\u00fccadele"},"content":{"rendered":"<p>Do\u00e7. Dr. Ali Satan, Cumhuriyet tarihi ile ilgili k\u0131y\u0131da kalm\u0131\u015f bilgileri derliyor ve yeni bir tarih penceresi a\u00e7\u0131yor.100 Soruda Mill\u00ee M\u00fccadele adl\u0131 bu \u00e7al\u0131\u015fmas\u0131nda, Kurtulu\u015f Sava\u015f\u0131\u2019n\u0131n safahat\u0131n\u0131 kronolojik olarak anlat\u0131yor. T\u00fcrk tarihinin en \u00f6nemli d\u00f6n\u00fcm noktalar\u0131ndan biri olan Mill\u00ee M\u00fccadele d\u00f6nemi hakk\u0131nda piyasada mevcut hamaset dolu kitaplar\u0131n aksine akademik bilgi ve belgelere dayanarak haz\u0131rlanan bu kitap \u00f6zenle se\u00e7ilmi\u015f ve merak uyand\u0131r\u0131c\u0131 100 soru ve bunlara verilen dikkat \u00e7ekici ve doyurucu bilgileri i\u00e7eren cevaplar\u0131 ak\u0131c\u0131 bir \u00fcslupla okuyuculara aktar\u0131yor.Milli M\u00fccadele nas\u0131l ve ne zaman ba\u015flad\u0131?Mustafa Kemal Pa\u015fa\u2019n\u0131n Samsun\u2019a \u00e7\u0131kmas\u0131 Osmanl\u0131 Genelkurmay\u0131\u2019n\u0131n operasyonu muydu?Mondros\u2019ta verilen gizli mektupta neler yaz\u0131yordu?M\u00fcdafaa-i hukuk cemiyetlerini kimler kurdu?Sultan Vahdeddin ile Mustafa Kemal Pa\u015fa aras\u0131ndaki telgraf trafi\u011finin i\u00e7eri\u011fi neydi?Erzurum, Sivas Kongreleri ve Amasya G\u00f6r\u00fc\u015fmelerinin arkaplan\u0131 nedir?TBMM\u2019nin a\u00e7\u0131lmas\u0131 3. Me\u015frutiyet\u2019in ilan\u0131 m\u0131d\u0131r?Sakarya Sava\u015f\u0131 neden d\u00f6n\u00fcm noktas\u0131d\u0131r?Alevilerin, Bekta\u015filerin ve Mevlevilerin Mill\u00ee M\u00fccadele\u2019deki rol\u00fc neydi?Mudanya M\u00fctarekesi \u00f6ncesinde \u0130zmir\u2019e gelen arabulucu mason kimdi?Milli M\u00fccadele\u2019de T\u00fcrkistan ve K\u0131br\u0131s T\u00fcrklerinin katk\u0131lar\u0131 nelerdir?Milli M\u00fccadele\u2019de firar edenler olmu\u015f mudur?Ali Satan bu kitapta, Mondros Ate\u015fkes Antla\u015fmas\u0131\u2019ndan Mudanya M\u00fctarekesi\u2019ne kadar T\u00fcrkiye\u2019nin panoramas\u0131n\u0131 \u00e7\u0131kar\u0131yor.<\/p>\n","protected":false},"excerpt":{"rendered":"<p>Do\u00e7. Dr. Ali Satan, Cumhuriyet tarihi ile ilgili k\u0131y\u0131da kalm\u0131\u015f bilgileri derliyor ve yeni bir tarih penceresi a\u00e7\u0131yor.100 Soruda Mill\u00ee M\u00fccadele adl\u0131 bu \u00e7al\u0131\u015fmas\u0131nda, Kurtulu\u015f Sava\u015f\u0131\u2019n\u0131n<span class=\"excerpt-hellip\"> [\u2026]<\/span><\/p>\n","protected":false},"featured_media":0,"template":"","meta":{"_monsterinsights_skip_tracking":false,"_monsterinsights_sitenote_active":false,"_monsterinsights_sitenote_note":"","_monsterinsights_sitenote_category":0},"product_brand":[],"product_cat":[12370,12304],"product_tag":[],"class_list":{"0":"post-715975","1":"product","2":"type-product","3":"status-publish","5":"product_cat-arastirma-inceleme","6":"product_cat-tarih","7":"pa_cilt-ciltsiz","8":"pa_tur-kitap","9":"pa_yayinevi-timas-yayinlari","10":"pa_yazar-ali-satan","12":"first","13":"instock","14":"sale","15":"shipping-taxable","16":"purchasable","17":"product-type-simple"},"_links":{"self":[{"href":"https:\/\/roveyayinevi.com.tr\/index.php\/wp-json\/wp\/v2\/product\/715975","targetHints":{"allow":["GET"]}}],"collection":[{"href":"https:\/\/roveyayinevi.com.tr\/index.php\/wp-json\/wp\/v2\/product"}],"about":[{"href":"https:\/\/roveyayinevi.com.tr\/index.php\/wp-json\/wp\/v2\/types\/product"}],"wp:attachment":[{"href":"https:\/\/roveyayinevi.com.tr\/index.php\/wp-json\/wp\/v2\/media?parent=715975"}],"wp:term":[{"taxonomy":"product_brand","embeddable":true,"href":"https:\/\/roveyayinevi.com.tr\/index.php\/wp-json\/wp\/v2\/product_brand?post=715975"},{"taxonomy":"product_cat","embeddable":true,"href":"https:\/\/roveyayinevi.com.tr\/index.php\/wp-json\/wp\/v2\/product_cat?post=715975"},{"taxonomy":"product_tag","embeddable":true,"href":"https:\/\/roveyayinevi.com.tr\/index.php\/wp-json\/wp\/v2\/product_tag?post=715975"}],"curies":[{"name":"wp","href":"https:\/\/api.w.org\/{rel}","templated":true}]}}