{"id":715974,"date":"2025-08-27T17:36:49","date_gmt":"2025-08-27T14:36:49","guid":{"rendered":"https:\/\/roveyayinevi.com.tr\/index.php\/urun\/gaziler-cagi\/"},"modified":"2026-04-16T02:24:28","modified_gmt":"2026-04-15T23:24:28","slug":"gaziler-cagi","status":"publish","type":"product","link":"https:\/\/roveyayinevi.com.tr\/index.php\/urun\/gaziler-cagi\/","title":{"rendered":"Gaziler \u00c7a\u011f\u0131"},"content":{"rendered":"<p>Biz gaz\u00e2 ile yurt tutmal\u0131y\u0131z. U\u00e7lara var\u0131lmal\u0131, k\u00e2firin dibinde durulmal\u0131, daim k\u0131l\u0131\u00e7 bileyip y\u00fcreklere korku sal\u0131nmal\u0131. Ki cinin \u015feytana kar\u0131\u015ft\u0131\u011f\u0131 bu \u00e7a\u011fda bir g\u00f6rkl\u00fc \u00e7\u0131nar y\u00fcceltelim. Daha \u00e7ok denize, daha \u00e7ok \u0131rma\u011fa gidelim. Diy\u00e2r-\u0131 Rum bizim i\u00e7in yaln\u0131z yaylan\u0131p k\u0131\u015flanacak bir yer de\u011fil, as\u0131rlar\u0131n vadetti\u011fi kutlu bir yurttur.\u201d \u201cBin Y\u0131l\u0131n G\u00f6\u00e7\u00fc\u201d serisinin ilk kitab\u0131 olan Alplar \u00c7a\u011f\u0131\u2019nda, O\u011fuzlar\u0131n Orta Asya\u2019dan ba\u015flay\u0131p Anadolu kap\u0131lar\u0131na kadar uzand\u0131klar\u0131 b\u00fcy\u00fck g\u00f6\u00e7 ser\u00fcvenini anlatan Hasan Erimez, ikinci kitap olan Gaziler \u00c7a\u011f\u0131\u2019nda da ba\u015fta Kay\u0131lar olmak \u00fczere O\u011fuzlar\u0131n uzun ve kanl\u0131 ser\u00fcvenlerle Anadolu\u2019yu yurt tutmalar\u0131n\u0131 anlat\u0131yor. O\u011fuzlar\u0131n \u201cKutlu Devlet\u201di as\u0131rlar sonra nas\u0131l kuruldu? Kay\u0131lar\u0131 ve b\u00fct\u00fcn O\u011fuz boylar\u0131n\u0131 Anadolu\u2019ya iten o kutsal \u00fclk\u00fc neydi? Tarihi de\u011fi\u015ftiren Malazgirt Sava\u015f\u0131 nas\u0131l cereyan etti ve Sultan Alparslan, Anadolu\u2019nun fetih kap\u0131lar\u0131n\u0131 nas\u0131l a\u00e7t\u0131? \u0130lk ak\u0131nc\u0131 gaziler, Anadolu\u2019yu nas\u0131l fethettiler? K\u0131l\u0131\u00e7 Arslan ve T\u00fcrk gazileri, Ha\u00e7l\u0131 ordular\u0131n\u0131 Anadolu\u2019da nas\u0131l da\u011f\u0131tt\u0131lar? Ertu\u011frul Gazi, O\u011fuzlar\u0131n as\u0131rlardan beri izini s\u00fcrd\u00fc\u011f\u00fc Kutsal Ta\u015f\u0131 nerede buldu? Ve onun cihana h\u00fckmedecek bin y\u0131ll\u0131k \u00fclk\u00fcs\u00fc neydi? Hasan Erimez, bu romanda tarihi de\u011fi\u015ftiren hadiselerle beraber O\u011fuzlar\u0131n binlerce y\u0131ll\u0131k madd\u00ee ve manev\u00ee birikimlerini de harmanl\u0131yor ve okuyucular\u0131 as\u0131rlar\u0131n i\u00e7inden su gibi akacak unutulmaz bir yolculu\u011fa \u00e7\u0131kar\u0131yor.<\/p>\n","protected":false},"excerpt":{"rendered":"<p>Biz gaz\u00e2 ile yurt tutmal\u0131y\u0131z. U\u00e7lara var\u0131lmal\u0131, k\u00e2firin dibinde durulmal\u0131, daim k\u0131l\u0131\u00e7 bileyip y\u00fcreklere korku sal\u0131nmal\u0131. Ki cinin \u015feytana kar\u0131\u015ft\u0131\u011f\u0131 bu \u00e7a\u011fda bir g\u00f6rkl\u00fc \u00e7\u0131nar y\u00fcceltelim.<span class=\"excerpt-hellip\"> [\u2026]<\/span><\/p>\n","protected":false},"featured_media":0,"template":"","meta":{"_monsterinsights_skip_tracking":false,"_monsterinsights_sitenote_active":false,"_monsterinsights_sitenote_note":"","_monsterinsights_sitenote_category":0},"product_brand":[],"product_cat":[12291,12711],"product_tag":[],"class_list":{"0":"post-715974","1":"product","2":"type-product","3":"status-publish","5":"product_cat-edebiyat","6":"product_cat-roman-oyku","7":"pa_cilt-ciltsiz","8":"pa_tur-kitap","9":"pa_yayinevi-otuken-nesriyat","10":"pa_yazar-hasan-erimez","12":"first","13":"instock","14":"sale","15":"shipping-taxable","16":"purchasable","17":"product-type-simple"},"_links":{"self":[{"href":"https:\/\/roveyayinevi.com.tr\/index.php\/wp-json\/wp\/v2\/product\/715974","targetHints":{"allow":["GET"]}}],"collection":[{"href":"https:\/\/roveyayinevi.com.tr\/index.php\/wp-json\/wp\/v2\/product"}],"about":[{"href":"https:\/\/roveyayinevi.com.tr\/index.php\/wp-json\/wp\/v2\/types\/product"}],"wp:attachment":[{"href":"https:\/\/roveyayinevi.com.tr\/index.php\/wp-json\/wp\/v2\/media?parent=715974"}],"wp:term":[{"taxonomy":"product_brand","embeddable":true,"href":"https:\/\/roveyayinevi.com.tr\/index.php\/wp-json\/wp\/v2\/product_brand?post=715974"},{"taxonomy":"product_cat","embeddable":true,"href":"https:\/\/roveyayinevi.com.tr\/index.php\/wp-json\/wp\/v2\/product_cat?post=715974"},{"taxonomy":"product_tag","embeddable":true,"href":"https:\/\/roveyayinevi.com.tr\/index.php\/wp-json\/wp\/v2\/product_tag?post=715974"}],"curies":[{"name":"wp","href":"https:\/\/api.w.org\/{rel}","templated":true}]}}