{"id":715973,"date":"2025-08-27T17:36:48","date_gmt":"2025-08-27T14:36:48","guid":{"rendered":"https:\/\/roveyayinevi.com.tr\/index.php\/urun\/cingozun-esrari\/"},"modified":"2026-04-03T02:30:33","modified_gmt":"2026-04-02T23:30:33","slug":"cingozun-esrari","status":"publish","type":"product","link":"https:\/\/roveyayinevi.com.tr\/index.php\/urun\/cingozun-esrari\/","title":{"rendered":"Cing\u00f6z&#8217;\u00fcn Esrar\u0131"},"content":{"rendered":"<p>\u201cNezaketsizli\u011fime h\u00fckmetme. Seni b\u00f6yle kurbanl\u0131k koyun gibi ba\u011flamak istemezdim. Ne yapay\u0131m ki senin de bana zararlar\u0131n dokundu. B\u00fct\u00fcn te\u015fkilat\u0131m\u0131 alt\u00fcst ettin. Yetmi\u015f, seksen bin liral\u0131k e\u015fyam\u0131 ve alet edevat\u0131m\u0131 h\u00fck\u00fcmetin eline ge\u00e7irttin. B\u00fct\u00fcn esrar\u0131m meydana \u00e7\u0131kt\u0131. Server Bedi bunlar\u0131 duyarsa, belki de \u201cCing\u00f6z\u2019\u00fcn Esrar\u0131\u201d diye bir roman yazacakt\u0131r. Biliyorsun ki bu muharrir, seninle benim b\u00fct\u00fcn m\u00fccadelelerimizi, maceralar\u0131m\u0131z\u0131 balland\u0131ra balland\u0131ra yaz\u0131p kitap yap\u0131yor ve \u015fimdiye kadar on vakam\u0131z\u0131 yazd\u0131. Ben kendisine, bu son b\u00fcy\u00fck maceram\u0131z\u0131 da yazmak m\u00fcsaadesini verece\u011fim. \u0130cap ederse bir\u00e7ok noktalar\u0131n\u0131 da kendim anlataca\u011f\u0131m. Tabii, bi\u00e7are muharriri de tevkif etmeye kalkmazsan. Vars\u0131n, esrar\u0131m meydana \u00e7\u0131ks\u0131n.\u201d Bi\u00e7are muharrir tevkif edilmedi ve 10 k\u0131sa hik\u00e2yeden olu\u015fan \u201cCing\u00f6z Recai\u2019nin Harikul\u00e2de Serg\u00fcze\u015ftleri\u201d serisinden sonra, 1925 y\u0131l\u0131nda muhte\u015fem serserimizin maceralar\u0131n\u0131n anlat\u0131ld\u0131\u011f\u0131 ilk roman olarak Cing\u00f6z\u2019\u00fcn Esrar\u0131 ne\u015fredildi. Didem Ardal\u0131 B\u00fcy\u00fckarman ve S\u00fcheyla A\u011fan\u2019\u0131n titiz aktar\u0131m\u0131 ve notlar\u0131yla sunuyoruz.<\/p>\n","protected":false},"excerpt":{"rendered":"<p>\u201cNezaketsizli\u011fime h\u00fckmetme. Seni b\u00f6yle kurbanl\u0131k koyun gibi ba\u011flamak istemezdim. Ne yapay\u0131m ki senin de bana zararlar\u0131n dokundu. B\u00fct\u00fcn te\u015fkilat\u0131m\u0131 alt\u00fcst ettin. Yetmi\u015f, seksen bin liral\u0131k e\u015fyam\u0131<span class=\"excerpt-hellip\"> [\u2026]<\/span><\/p>\n","protected":false},"featured_media":0,"template":"","meta":{"_monsterinsights_skip_tracking":false,"_monsterinsights_sitenote_active":false,"_monsterinsights_sitenote_note":"","_monsterinsights_sitenote_category":0},"product_brand":[],"product_cat":[12291,12711],"product_tag":[],"class_list":{"0":"post-715973","1":"product","2":"type-product","3":"status-publish","5":"product_cat-edebiyat","6":"product_cat-roman-oyku","7":"pa_cilt-ciltsiz","8":"pa_tur-kitap","9":"pa_yayinevi-otuken-nesriyat","10":"pa_yazar-peyami-safa","12":"first","13":"instock","14":"sale","15":"shipping-taxable","16":"purchasable","17":"product-type-simple"},"_links":{"self":[{"href":"https:\/\/roveyayinevi.com.tr\/index.php\/wp-json\/wp\/v2\/product\/715973","targetHints":{"allow":["GET"]}}],"collection":[{"href":"https:\/\/roveyayinevi.com.tr\/index.php\/wp-json\/wp\/v2\/product"}],"about":[{"href":"https:\/\/roveyayinevi.com.tr\/index.php\/wp-json\/wp\/v2\/types\/product"}],"wp:attachment":[{"href":"https:\/\/roveyayinevi.com.tr\/index.php\/wp-json\/wp\/v2\/media?parent=715973"}],"wp:term":[{"taxonomy":"product_brand","embeddable":true,"href":"https:\/\/roveyayinevi.com.tr\/index.php\/wp-json\/wp\/v2\/product_brand?post=715973"},{"taxonomy":"product_cat","embeddable":true,"href":"https:\/\/roveyayinevi.com.tr\/index.php\/wp-json\/wp\/v2\/product_cat?post=715973"},{"taxonomy":"product_tag","embeddable":true,"href":"https:\/\/roveyayinevi.com.tr\/index.php\/wp-json\/wp\/v2\/product_tag?post=715973"}],"curies":[{"name":"wp","href":"https:\/\/api.w.org\/{rel}","templated":true}]}}