{"id":715972,"date":"2025-08-27T17:36:47","date_gmt":"2025-08-27T14:36:47","guid":{"rendered":"https:\/\/roveyayinevi.com.tr\/index.php\/urun\/efsunlu-koru\/"},"modified":"2026-04-16T02:24:28","modified_gmt":"2026-04-15T23:24:28","slug":"efsunlu-koru","status":"publish","type":"product","link":"https:\/\/roveyayinevi.com.tr\/index.php\/urun\/efsunlu-koru\/","title":{"rendered":"Efsunlu Koru"},"content":{"rendered":"<p>On yedi ya\u015f\u0131ndaki Alice\u2019in hayat\u0131 annesiyle birlikte yollarda ge\u00e7er ve k\u00f6t\u00fc talih pe\u015flerini b\u0131rakmaz. Alice\u2019in anneannesi ise Efsunlu Koru adl\u0131 tuhaf bir yerde ya\u015fayan, karanl\u0131k peri masallar\u0131yla tan\u0131nan bir yazard\u0131r. Anneannesinin \u00f6l\u00fcm haberinin ard\u0131ndan annesinin de ortadan kaybolmas\u0131yla Alice, hem ac\u0131 ger\u00e7eklerden hem de \u00fcrk\u00fct\u00fcc\u00fc masallardan olu\u015fan kapkaranl\u0131k bir d\u00fcnyay\u0131 kar\u015f\u0131s\u0131nda bulup as\u0131l kimli\u011fini arayaca\u011f\u0131 bir yolculu\u011fa \u00e7\u0131kar. Alice, anneannesinin fanatik hayranlar\u0131na mesafeli yakla\u015fsa da, onlardan biri olan okul arkada\u015f\u0131 Ellery Finch\u2019le bir kaderi payla\u015f\u0131r, annesine kavu\u015fmak i\u00e7in yola onunla birlikte \u00e7\u0131k\u0131p Efsunlu Koru\u2019nun gizemli diyarlar\u0131na ad\u0131m atar. Peri masallar\u0131 sadece kitap sayfalar\u0131ndan ibaret de\u011fildir\u2026 <\/p>\n","protected":false},"excerpt":{"rendered":"<p>On yedi ya\u015f\u0131ndaki Alice\u2019in hayat\u0131 annesiyle birlikte yollarda ge\u00e7er ve k\u00f6t\u00fc talih pe\u015flerini b\u0131rakmaz. Alice\u2019in anneannesi ise Efsunlu Koru adl\u0131 tuhaf bir yerde ya\u015fayan, karanl\u0131k peri<span class=\"excerpt-hellip\"> [\u2026]<\/span><\/p>\n","protected":false},"featured_media":0,"template":"","meta":{"_monsterinsights_skip_tracking":false,"_monsterinsights_sitenote_active":false,"_monsterinsights_sitenote_note":"","_monsterinsights_sitenote_category":0},"product_brand":[],"product_cat":[12291,17033],"product_tag":[],"class_list":{"0":"post-715972","1":"product","2":"type-product","3":"status-publish","5":"product_cat-edebiyat","6":"product_cat-korku-gerilim","7":"pa_cilt-ciltsiz","8":"pa_tur-kitap","9":"pa_yayinevi-cinar-yayinlari","10":"pa_yazar-melissa-albert","12":"first","13":"instock","14":"sale","15":"shipping-taxable","16":"purchasable","17":"product-type-simple"},"_links":{"self":[{"href":"https:\/\/roveyayinevi.com.tr\/index.php\/wp-json\/wp\/v2\/product\/715972","targetHints":{"allow":["GET"]}}],"collection":[{"href":"https:\/\/roveyayinevi.com.tr\/index.php\/wp-json\/wp\/v2\/product"}],"about":[{"href":"https:\/\/roveyayinevi.com.tr\/index.php\/wp-json\/wp\/v2\/types\/product"}],"wp:attachment":[{"href":"https:\/\/roveyayinevi.com.tr\/index.php\/wp-json\/wp\/v2\/media?parent=715972"}],"wp:term":[{"taxonomy":"product_brand","embeddable":true,"href":"https:\/\/roveyayinevi.com.tr\/index.php\/wp-json\/wp\/v2\/product_brand?post=715972"},{"taxonomy":"product_cat","embeddable":true,"href":"https:\/\/roveyayinevi.com.tr\/index.php\/wp-json\/wp\/v2\/product_cat?post=715972"},{"taxonomy":"product_tag","embeddable":true,"href":"https:\/\/roveyayinevi.com.tr\/index.php\/wp-json\/wp\/v2\/product_tag?post=715972"}],"curies":[{"name":"wp","href":"https:\/\/api.w.org\/{rel}","templated":true}]}}