{"id":715971,"date":"2025-08-27T17:36:47","date_gmt":"2025-08-27T14:36:47","guid":{"rendered":"https:\/\/roveyayinevi.com.tr\/index.php\/urun\/kuvayi-milliye-oykuleri\/"},"modified":"2026-04-16T02:24:28","modified_gmt":"2026-04-15T23:24:28","slug":"kuvayi-milliye-oykuleri","status":"publish","type":"product","link":"https:\/\/roveyayinevi.com.tr\/index.php\/urun\/kuvayi-milliye-oykuleri\/","title":{"rendered":"Kuvay\u0131 Milliye \u00d6yk\u00fcleri"},"content":{"rendered":"<p>\u00d6yk\u00fcc\u00fc Can \u00d6zo\u011fuz, Kuvay\u0131 Milliye \u00d6yk\u00fcleri kitab\u0131nda, T\u00fcrk milletinin ba\u011f\u0131ms\u0131zl\u0131k m\u00fccadelesinde aya\u011fa kalkm\u0131\u015f, isimleri pek bilinmeyen kahramanlar\u0131n \u00f6yk\u00fclerini destans\u0131 bir anlat\u0131mla kaleme alm\u0131\u015ft\u0131r. Yar\u0131 belgesel \u00f6yk\u00fc niteli\u011finde olan bu kitaptaki birbirine ba\u011flant\u0131l\u0131 be\u015f \u00f6yk\u00fcde; Erzurumlu Kara Fatma\u2019n\u0131n Edirne m\u00fcdafaas\u0131nda ba\u015flayan milli m\u00fccadelesini, Karadenizli vatanseverleri temsilen Arhavili Ali \u00c7avu\u015f ve silah arkada\u015flar\u0131n\u0131n kahramanl\u0131klar\u0131n\u0131, Atat\u00fcrk\u2019\u00fcn vasiyetini, Adana\u2019n\u0131n Kurtulu\u015f Destan\u0131\u2019n\u0131 yaratanlardan Esat Bey\u2019in an\u0131lar\u0131n\u0131 ve sava\u015f y\u0131llar\u0131ndan ba\u015flay\u0131p \u00e7a\u011fda\u015f e\u011fitimin temel ta\u015flar\u0131n\u0131 d\u00f6\u015feyen Kuvay\u0131 Milliye kahraman\u0131 Nafi Atuf Bey\u2019in bug\u00fcnlere b\u0131rakt\u0131\u011f\u0131 izleri bulabilirsiniz.<\/p>\n","protected":false},"excerpt":{"rendered":"<p>\u00d6yk\u00fcc\u00fc Can \u00d6zo\u011fuz, Kuvay\u0131 Milliye \u00d6yk\u00fcleri kitab\u0131nda, T\u00fcrk milletinin ba\u011f\u0131ms\u0131zl\u0131k m\u00fccadelesinde aya\u011fa kalkm\u0131\u015f, isimleri pek bilinmeyen kahramanlar\u0131n \u00f6yk\u00fclerini destans\u0131 bir anlat\u0131mla kaleme alm\u0131\u015ft\u0131r. Yar\u0131 belgesel \u00f6yk\u00fc<span class=\"excerpt-hellip\"> [\u2026]<\/span><\/p>\n","protected":false},"featured_media":0,"template":"","meta":{"_monsterinsights_skip_tracking":false,"_monsterinsights_sitenote_active":false,"_monsterinsights_sitenote_note":"","_monsterinsights_sitenote_category":0},"product_brand":[],"product_cat":[12291,12711],"product_tag":[],"class_list":{"0":"post-715971","1":"product","2":"type-product","3":"status-publish","5":"product_cat-edebiyat","6":"product_cat-roman-oyku","7":"pa_cilt-ciltsiz","8":"pa_tur-kitap","9":"pa_yayinevi-bilgi-yayinevi-cocuk","10":"pa_yazar-can-ozoguz","12":"first","13":"instock","14":"sale","15":"shipping-taxable","16":"purchasable","17":"product-type-simple"},"_links":{"self":[{"href":"https:\/\/roveyayinevi.com.tr\/index.php\/wp-json\/wp\/v2\/product\/715971","targetHints":{"allow":["GET"]}}],"collection":[{"href":"https:\/\/roveyayinevi.com.tr\/index.php\/wp-json\/wp\/v2\/product"}],"about":[{"href":"https:\/\/roveyayinevi.com.tr\/index.php\/wp-json\/wp\/v2\/types\/product"}],"wp:attachment":[{"href":"https:\/\/roveyayinevi.com.tr\/index.php\/wp-json\/wp\/v2\/media?parent=715971"}],"wp:term":[{"taxonomy":"product_brand","embeddable":true,"href":"https:\/\/roveyayinevi.com.tr\/index.php\/wp-json\/wp\/v2\/product_brand?post=715971"},{"taxonomy":"product_cat","embeddable":true,"href":"https:\/\/roveyayinevi.com.tr\/index.php\/wp-json\/wp\/v2\/product_cat?post=715971"},{"taxonomy":"product_tag","embeddable":true,"href":"https:\/\/roveyayinevi.com.tr\/index.php\/wp-json\/wp\/v2\/product_tag?post=715971"}],"curies":[{"name":"wp","href":"https:\/\/api.w.org\/{rel}","templated":true}]}}