{"id":715969,"date":"2025-08-27T17:36:45","date_gmt":"2025-08-27T14:36:45","guid":{"rendered":"https:\/\/roveyayinevi.com.tr\/index.php\/urun\/jung-secme-yazilar\/"},"modified":"2026-04-16T02:24:28","modified_gmt":"2026-04-15T23:24:28","slug":"jung-secme-yazilar","status":"publish","type":"product","link":"https:\/\/roveyayinevi.com.tr\/index.php\/urun\/jung-secme-yazilar\/","title":{"rendered":"Jung &#8211; Se\u00e7me Yaz\u0131lar"},"content":{"rendered":"<p>\u201cJung zaman zaman Blake\u2019in, Nietzsche\u2019nin ya da Kierkegaard\u2019\u0131n eri\u015fti\u011fi yere ula\u015fabiliyor\u2026 Her ger\u00e7ek peygamberin ve sanat\u00e7\u0131n\u0131n yapaca\u011f\u0131 gibi, insan\u0131n hayal g\u00fcc\u00fcn\u00fcn s\u0131n\u0131rlar\u0131n\u0131 muazzam \u00f6l\u00e7\u00fclerde geni\u015fletiyor\u2026 Ki\u015finin, Jungcu duygular\u0131 payla\u015fabilmesi, \u00f6zg\u00fcr bir zihnin neredeyse elzem becerisidir.\u201d Philip Toynbee, Observer Jung insan\u0131n en \u00f6nemli g\u00f6revinin, fethedilecek d\u0131\u015f d\u00fcnyadan ziyade kendi do\u011fas\u0131n\u0131 incelemek i\u00e7in i\u00e7ine y\u00f6nelmesi oldu\u011funu s\u00f6yler. Psikoloji literat\u00fcr\u00fcne \u201ckompleks,\u201d \u201ckolektif bilin\u00e7d\u0131\u015f\u0131,\u201d \u201cd\u0131\u015fad\u00f6n\u00fck,\u201d \u201carketip,\u201d \u201cbireyle\u015fme\u201d gibi bir\u00e7ok terim katm\u0131\u015ft\u0131r ve insanlar\u0131n hayatta bir anlam aramaya mecbur olduklar\u0131n\u0131 varolu\u015f\u00e7ulardan \u00f6nce dile getirmi\u015ftir. Elinizdeki kitap Jung\u2019un, fikirlerinin \u00f6z\u00fcn\u00fc kendi kelimeleriyle anlatt\u0131\u011f\u0131 muazzam k\u00fclliyat\u0131ndan se\u00e7ilmi\u015f kilit par\u00e7alar\u0131 okuyucuyla bulu\u015fturuyor. Anthony Storr\u2019un notlar\u0131, Jung\u2019un fikirlerinin orijinalli\u011fini, zaman i\u00e7indeki geli\u015fimini ve h\u00e2l\u00e2 devam eden ge\u00e7erlili\u011fini g\u00f6zler \u00f6n\u00fcne seriyor. Jung\u2019un engin d\u00fc\u015f\u00fcn d\u00fcnyas\u0131na dair bir \u015feyler \u00f6\u011frenmek isteyen herkes i\u00e7in vazge\u00e7ilmez bir kitap. <\/p>\n","protected":false},"excerpt":{"rendered":"<p>\u201cJung zaman zaman Blake\u2019in, Nietzsche\u2019nin ya da Kierkegaard\u2019\u0131n eri\u015fti\u011fi yere ula\u015fabiliyor\u2026 Her ger\u00e7ek peygamberin ve sanat\u00e7\u0131n\u0131n yapaca\u011f\u0131 gibi, insan\u0131n hayal g\u00fcc\u00fcn\u00fcn s\u0131n\u0131rlar\u0131n\u0131 muazzam \u00f6l\u00e7\u00fclerde geni\u015fletiyor\u2026 Ki\u015finin,<span class=\"excerpt-hellip\"> [\u2026]<\/span><\/p>\n","protected":false},"featured_media":0,"template":"","meta":{"_monsterinsights_skip_tracking":false,"_monsterinsights_sitenote_active":false,"_monsterinsights_sitenote_note":"","_monsterinsights_sitenote_category":0},"product_brand":[],"product_cat":[13072,12291],"product_tag":[],"class_list":{"0":"post-715969","1":"product","2":"type-product","3":"status-publish","5":"product_cat-arastirma-inceleme-referans","6":"product_cat-edebiyat","7":"pa_cilt-ciltsiz","8":"pa_tur-kitap","9":"pa_yayinevi-alfa-yayinlari","10":"pa_yazar-kolektif","12":"first","13":"instock","14":"sale","15":"shipping-taxable","16":"purchasable","17":"product-type-simple"},"_links":{"self":[{"href":"https:\/\/roveyayinevi.com.tr\/index.php\/wp-json\/wp\/v2\/product\/715969","targetHints":{"allow":["GET"]}}],"collection":[{"href":"https:\/\/roveyayinevi.com.tr\/index.php\/wp-json\/wp\/v2\/product"}],"about":[{"href":"https:\/\/roveyayinevi.com.tr\/index.php\/wp-json\/wp\/v2\/types\/product"}],"wp:attachment":[{"href":"https:\/\/roveyayinevi.com.tr\/index.php\/wp-json\/wp\/v2\/media?parent=715969"}],"wp:term":[{"taxonomy":"product_brand","embeddable":true,"href":"https:\/\/roveyayinevi.com.tr\/index.php\/wp-json\/wp\/v2\/product_brand?post=715969"},{"taxonomy":"product_cat","embeddable":true,"href":"https:\/\/roveyayinevi.com.tr\/index.php\/wp-json\/wp\/v2\/product_cat?post=715969"},{"taxonomy":"product_tag","embeddable":true,"href":"https:\/\/roveyayinevi.com.tr\/index.php\/wp-json\/wp\/v2\/product_tag?post=715969"}],"curies":[{"name":"wp","href":"https:\/\/api.w.org\/{rel}","templated":true}]}}