{"id":715968,"date":"2025-08-27T17:36:44","date_gmt":"2025-08-27T14:36:44","guid":{"rendered":"https:\/\/roveyayinevi.com.tr\/index.php\/urun\/modernlesen-turkiyenin-tarihi\/"},"modified":"2026-04-16T02:24:28","modified_gmt":"2026-04-15T23:24:28","slug":"modernlesen-turkiyenin-tarihi","status":"publish","type":"product","link":"https:\/\/roveyayinevi.com.tr\/index.php\/urun\/modernlesen-turkiyenin-tarihi\/","title":{"rendered":"Modernle\u015fen T\u00fcrkiyenin Tarihi"},"content":{"rendered":"<p>Erik Jan Z\u00fcrcher\u2019in 1800\u2019lerden bu yana T\u00fcrkiye tarihini \u00f6zg\u00fcn bir modernle\u015fme s\u00fcreci olarak ele alan bu kitab\u0131, Avrupa ve ABD\u2019nin belli ba\u015fl\u0131 \u00fcniversitelerinde ders kitab\u0131 olarak okutuluyor. Daha \u00f6nce T\u00fcrkiye Cumhuriyeti\u2019nin kurulu\u015f d\u00f6nemiyle ilgili \u00f6nemli ara\u015ft\u0131rmalara imza atan, Amsterdam ve Nijmegen \u00fcniversiteleri \u00f6\u011fretim \u00fcyesi olan, \u201cUluslararas\u0131 Sosyal Tarih Enstit\u00fcs\u00fc T\u00fcrkiye B\u00f6l\u00fcm\u00fc\u201d ba\u015fkanl\u0131\u011f\u0131 da yapan Prof. Z\u00fcrcher, T\u00fcrkiye\u2019deki modernle\u015fme sorunsal\u0131n\u0131n b\u00fct\u00fcn boyutlar\u0131n\u0131 bir ders kitab\u0131ndan beklenemeyecek bir vukufla, derinlikli te\u015fhislerle ve sade bir anlat\u0131mla ele al\u0131yor. Bu \u00f6rnek \u00e7al\u0131\u015fman\u0131n g\u00f6zden ge\u00e7irilmi\u015f yeni bask\u0131s\u0131nda yetkin bir tarih\u00e7inin sundu\u011fu farkl\u0131 bilgiler ve taze bir yakla\u015f\u0131mla kar\u015f\u0131la\u015facaks\u0131n\u0131z. Eser, olduk\u00e7a kapsaml\u0131 ve derinlikli, dolamba\u00e7s\u0131z anlat\u0131m\u0131yla, siyas\u00ee olaylara oldu\u011fu kadar toplumsal ve ekonomik tarihe ve d\u00fc\u015f\u00fcnce ak\u0131mlar\u0131na e\u011filiyor. WILLIAM HALE Londra \u00dcniversitesi \u015earkiyat Okulu M\u00fckemmel yaz\u0131m\u0131yla dikkati \u00e7eken bu g\u00fczel \u00e7al\u0131\u015fma, T\u00fcrkiye ara\u015ft\u0131rmalar\u0131 alan\u0131nda benzersiz bir perspektif sunuyor. D\u00f6nemi ele al\u0131\u015f\u0131 hayli canl\u0131 tart\u0131\u015fmalara yol a\u00e7acak olan bu kitap, T\u00fcrkiye tarih yaz\u0131m\u0131na uzun zamandan beri egemen olan e\u011filimlerin ciddi bi\u00e7imde d\u00fczeltilmesi ihtiyac\u0131n\u0131 da ortaya koyuyor. DONALD QUATAERT, New York State University, Binghamton<\/p>\n","protected":false},"excerpt":{"rendered":"<p>Erik Jan Z\u00fcrcher\u2019in 1800\u2019lerden bu yana T\u00fcrkiye tarihini \u00f6zg\u00fcn bir modernle\u015fme s\u00fcreci olarak ele alan bu kitab\u0131, Avrupa ve ABD\u2019nin belli ba\u015fl\u0131 \u00fcniversitelerinde ders kitab\u0131 olarak<span class=\"excerpt-hellip\"> [\u2026]<\/span><\/p>\n","protected":false},"featured_media":0,"template":"","meta":{"_monsterinsights_skip_tracking":false,"_monsterinsights_sitenote_active":false,"_monsterinsights_sitenote_note":"","_monsterinsights_sitenote_category":0},"product_brand":[],"product_cat":[13517,12304],"product_tag":[],"class_list":{"0":"post-715968","1":"product","2":"type-product","3":"status-publish","5":"product_cat-osmanli-tarihi","6":"product_cat-tarih","7":"pa_cilt-ciltsiz","8":"pa_tur-kitap","9":"pa_yayinevi-iletisim-yayinlari","10":"pa_yazar-erik-jan-zurcher","12":"first","13":"instock","14":"sale","15":"shipping-taxable","16":"purchasable","17":"product-type-simple"},"_links":{"self":[{"href":"https:\/\/roveyayinevi.com.tr\/index.php\/wp-json\/wp\/v2\/product\/715968","targetHints":{"allow":["GET"]}}],"collection":[{"href":"https:\/\/roveyayinevi.com.tr\/index.php\/wp-json\/wp\/v2\/product"}],"about":[{"href":"https:\/\/roveyayinevi.com.tr\/index.php\/wp-json\/wp\/v2\/types\/product"}],"wp:attachment":[{"href":"https:\/\/roveyayinevi.com.tr\/index.php\/wp-json\/wp\/v2\/media?parent=715968"}],"wp:term":[{"taxonomy":"product_brand","embeddable":true,"href":"https:\/\/roveyayinevi.com.tr\/index.php\/wp-json\/wp\/v2\/product_brand?post=715968"},{"taxonomy":"product_cat","embeddable":true,"href":"https:\/\/roveyayinevi.com.tr\/index.php\/wp-json\/wp\/v2\/product_cat?post=715968"},{"taxonomy":"product_tag","embeddable":true,"href":"https:\/\/roveyayinevi.com.tr\/index.php\/wp-json\/wp\/v2\/product_tag?post=715968"}],"curies":[{"name":"wp","href":"https:\/\/api.w.org\/{rel}","templated":true}]}}