{"id":715966,"date":"2025-08-27T17:36:43","date_gmt":"2025-08-27T14:36:43","guid":{"rendered":"https:\/\/roveyayinevi.com.tr\/index.php\/urun\/kafese-konan-adam-psikoloji-ve-insanin-ikilemi\/"},"modified":"2026-04-16T02:23:59","modified_gmt":"2026-04-15T23:23:59","slug":"kafese-konan-adam-psikoloji-ve-insanin-ikilemi","status":"publish","type":"product","link":"https:\/\/roveyayinevi.com.tr\/index.php\/urun\/kafese-konan-adam-psikoloji-ve-insanin-ikilemi\/","title":{"rendered":"Kafese Konan Adam &#8211; Psikoloji ve \u0130nsan\u0131n \u0130kilemi"},"content":{"rendered":"<p>\u0130yi\u201d olan\u0131n saf iyilikten ibaret oldu\u011funu sand\u0131\u011f\u0131m y\u0131llar\u0131m oldu. Kendimle bulu\u015fmay\u0131, kendimi k\u00fc\u00e7\u00fck bir tanr\u0131ya d\u00f6n\u00fc\u015ft\u00fcrmek zannetti\u011fim \u00e7ok uzun zamanlar ge\u00e7irdim. S\u0131k\u0131nt\u0131lardan tamamen uzakla\u015f\u0131nca mutlulu\u011fu ve huzuru bulaca\u011f\u0131m\u0131 s\u00f6yleyen bir batakl\u0131\u011fa d\u00fc\u015fm\u00fc\u015ft\u00fcm. \u015eeytan\u0131mla bulu\u015fmak yerine kuyru\u011fumu koparmaya \u00e7al\u0131\u015f\u0131yordum. S\u0131rf sorumlulu\u011fumu almamak i\u00e7in olmayacak i\u015fler pe\u015findeydim.\u0130nsan olman\u0131n bana hem y\u00fckledi\u011fi hem de hediye etti\u011fi trajediyi asla kucaklayam\u0131yordum. Ac\u0131lar\u0131m\u0131, yaralar\u0131m\u0131, eksiklerimi yok etmeye \u00e7al\u0131\u015ft\u0131k\u00e7a kendimi yok etmeye \u00e7al\u0131\u015f\u0131yordum. Oysa yok etmek istedi\u011fim \u00f6zg\u00fcrl\u00fc\u011f\u00fcm ve \u00f6zg\u00fcrl\u00fc\u011f\u00fcm\u00fcn bana y\u00fckleyece\u011fi sorumluluklar\u0131md\u0131. Ancak sorumlulu\u011funu ald\u0131\u011f\u0131m bir ya\u015fama deneyiminin \u00f6zg\u00fcrl\u00fckle ta\u00e7lanabilece\u011fini kanaya kanaya ve kanata kanata hissettim. Tamamlanmad\u0131m. Tamamlanmayaca\u011f\u0131m. Eksi\u011fimin taml\u0131k oldu\u011funu anlad\u0131m. Y\u00fcr\u00fcd\u00fc\u011f\u00fcm onca yolda zaman zaman karanl\u0131\u011fa ve korkuya, kimi zaman da ayd\u0131nl\u0131\u011fa ihtiyac\u0131m oldu. Rollo May, bazen ayd\u0131nlatan bazen nefis bir karanl\u0131\u011fa g\u00f6merek yoluma yolda\u015f olan imgelerden biridir benim i\u00e7in. Bu kitab\u0131 okurken de adeta kutsal diyebilece\u011fim sat\u0131rlar\u0131n aras\u0131nda dola\u015ft\u0131m. G\u00f6rkemli bir ormanda y\u00fcr\u00fcrcesine \u00fcrpererek, co\u015farak ge\u00e7tim bu kitab\u0131n i\u00e7inden.Cem Mumcu<\/p>\n","protected":false},"excerpt":{"rendered":"<p>\u0130yi\u201d olan\u0131n saf iyilikten ibaret oldu\u011funu sand\u0131\u011f\u0131m y\u0131llar\u0131m oldu. Kendimle bulu\u015fmay\u0131, kendimi k\u00fc\u00e7\u00fck bir tanr\u0131ya d\u00f6n\u00fc\u015ft\u00fcrmek zannetti\u011fim \u00e7ok uzun zamanlar ge\u00e7irdim. S\u0131k\u0131nt\u0131lardan tamamen uzakla\u015f\u0131nca mutlulu\u011fu ve<span class=\"excerpt-hellip\"> [\u2026]<\/span><\/p>\n","protected":false},"featured_media":0,"template":"","meta":{"_monsterinsights_skip_tracking":false,"_monsterinsights_sitenote_active":false,"_monsterinsights_sitenote_note":"","_monsterinsights_sitenote_category":0},"product_brand":[],"product_cat":[12755,12357],"product_tag":[],"class_list":{"0":"post-715966","1":"product","2":"type-product","3":"status-publish","5":"product_cat-gelisim-psikolojisi","6":"product_cat-psikoloji","7":"pa_cilt-ciltsiz","8":"pa_tur-kitap","9":"pa_yayinevi-okuyan-us-yayin","10":"pa_yazar-rollo-may","12":"first","13":"instock","14":"sale","15":"shipping-taxable","16":"purchasable","17":"product-type-simple"},"_links":{"self":[{"href":"https:\/\/roveyayinevi.com.tr\/index.php\/wp-json\/wp\/v2\/product\/715966","targetHints":{"allow":["GET"]}}],"collection":[{"href":"https:\/\/roveyayinevi.com.tr\/index.php\/wp-json\/wp\/v2\/product"}],"about":[{"href":"https:\/\/roveyayinevi.com.tr\/index.php\/wp-json\/wp\/v2\/types\/product"}],"wp:attachment":[{"href":"https:\/\/roveyayinevi.com.tr\/index.php\/wp-json\/wp\/v2\/media?parent=715966"}],"wp:term":[{"taxonomy":"product_brand","embeddable":true,"href":"https:\/\/roveyayinevi.com.tr\/index.php\/wp-json\/wp\/v2\/product_brand?post=715966"},{"taxonomy":"product_cat","embeddable":true,"href":"https:\/\/roveyayinevi.com.tr\/index.php\/wp-json\/wp\/v2\/product_cat?post=715966"},{"taxonomy":"product_tag","embeddable":true,"href":"https:\/\/roveyayinevi.com.tr\/index.php\/wp-json\/wp\/v2\/product_tag?post=715966"}],"curies":[{"name":"wp","href":"https:\/\/api.w.org\/{rel}","templated":true}]}}