{"id":715963,"date":"2025-08-27T17:36:41","date_gmt":"2025-08-27T14:36:41","guid":{"rendered":"https:\/\/roveyayinevi.com.tr\/index.php\/urun\/bir-dilek-tut-3\/"},"modified":"2026-04-16T02:23:59","modified_gmt":"2026-04-15T23:23:59","slug":"bir-dilek-tut-3","status":"publish","type":"product","link":"https:\/\/roveyayinevi.com.tr\/index.php\/urun\/bir-dilek-tut-3\/","title":{"rendered":"Bir Dilek Tut"},"content":{"rendered":"<p>&#8220;Sevgi, kibarl\u0131k, tolerans ve i\u00e7 huzur gibi erdemlerle ilgilenen okuyucular\u0131n bu kitapta onlara cesaret verecek \u00e7ok \u015fey bulaca\u011f\u0131na inan\u0131yorum.&#8221;Dalai Lama Bir Dilek Tutun, Herhangi Bir DilekGahl Sasson&#8217;un Kabala&#8217;ya -Kadim mistisizm \u00f6\u011fretilerine-s\u00fcr\u00fckleyici, yarat\u0131c\u0131 ve yepyeni yakla\u015f\u0131m\u0131, maddi ve manevi tatmini arayanlar i\u00e7in tam bir doyum olu\u015fturur. Onun meditasyon, r\u00fcyalar ve ger\u00e7ek ya\u015fam olaylar\u0131n\u0131 efsaneler, rit\u00fceller, ve felsefelerle ba\u011fda\u015ft\u0131rd\u0131\u011f\u0131 ve D\u00fcnya \u00e7ap\u0131nda yapt\u0131\u011f\u0131 me\u015fhur Ya\u015fam A\u011fac\u0131 e\u011fitimlerine dayanan, Bir Dilek Tut kitab\u0131, ya\u015famdaki t\u00fcm zenginliklerin ke\u015ffedildi\u011fi ve kucakland\u0131\u011f\u0131 evrensel bir yolculu\u011fa \u00e7\u0131kman\u0131z\u0131 sa\u011flar. Her inan\u00e7tan ve dini kesimden gelen okuyuculara Ya\u015fam A\u011fac\u0131n\u0131n- Evrenin Yarat\u0131lma sablonu- enerjilerinin ister maddi olsun (yeni bir araba, daha y\u00fcksek bir maa\u015f) ister ki\u015fisel geli\u015fim ve keyfi (kilo kaybetmek, daha iyi bir i\u015f imkan\u0131, e\u015finizle daha yak\u0131n bir ili\u015fki) veya hayat\u0131n\u0131z\u0131 de\u011fi\u015ftirecek derecede \u00f6nemli bir Tanr\u0131 mesaj\u0131 olsun bu dile\u011finizi ger\u00e7ekle\u015ftirmek i\u00e7in nas\u0131l kullan\u0131laca\u011f\u0131n\u0131 \u00f6\u011fretir.Gahl Sasson \u00e7ok bilge bir ki\u015fi ve g\u00fcn\u00fcm\u00fcz mistiklerindendir. Hikaye anlatma becerisi Kabalistik prensiplerin eski kadim efsanelerle oya gibi i\u015flenip dileklerinizi ger\u00e7ekle\u015ftirecek bir \u015fablon yarat\u0131r.Ariel Ford, &#8220;Mistik Ruhlar \u0130\u00e7in S\u0131cak \u00c7ikolata&#8221; Kitab\u0131n\u0131n Yazar\u0131.Gahl Sasson: Deepak Chopra&#8217;n\u0131n multi medya projesi olan MyPotential (Benim Potansiyelim) komitesinde hem astroloji hem de Kabala \u00f6\u011freterek g\u00f6rev ald\u0131. D\u00fcnyan\u0131n en b\u00fcy\u00fck Kabala dergisi olan Olam da d\u00fczenli yaz\u0131lar\u0131 \u00e7\u0131kmaktad\u0131r. Gahl, Amerika&#8217;da Ya\u015fam A\u011fac\u0131 seminerleri ve e\u011fitimleri vermektedir. Ayn\u0131 zamanda d\u00fcnyan\u0131n en \u00fcnl\u00fc astrologlar\u0131ndan biri olan Gahl Sasson T\u00fcrkiye&#8217;de OWO&#8217;da her sene astroloji seanslar\u0131 vermektedir. Detayl\u0131 bilgi i\u00e7in www.owo.com.trSteve Weinstein: Metin yazar\u0131 ve gazetecidir. Los Angeles Times gazetesinde on y\u0131ldan fazla \u00e7al\u0131sm\u0131st\u0131r ve G\u00fcney California \u00dcniversitesinde yazma sanat\u0131 dersleri vermektedir. Her iki yazar da los Angeles, California&#8217;da ya\u015famaktad\u0131rlar.<\/p>\n","protected":false},"excerpt":{"rendered":"<p>&#8220;Sevgi, kibarl\u0131k, tolerans ve i\u00e7 huzur gibi erdemlerle ilgilenen okuyucular\u0131n bu kitapta onlara cesaret verecek \u00e7ok \u015fey bulaca\u011f\u0131na inan\u0131yorum.&#8221;Dalai Lama Bir Dilek Tutun, Herhangi Bir DilekGahl<span class=\"excerpt-hellip\"> [\u2026]<\/span><\/p>\n","protected":false},"featured_media":0,"template":"","meta":{"_monsterinsights_skip_tracking":false,"_monsterinsights_sitenote_active":false,"_monsterinsights_sitenote_note":"","_monsterinsights_sitenote_category":0},"product_brand":[],"product_cat":[12364,16154],"product_tag":[],"class_list":{"0":"post-715963","1":"product","2":"type-product","3":"status-publish","5":"product_cat-genel-konular","6":"product_cat-parapsikoloji","7":"pa_cilt-ciltsiz","8":"pa_tur-kitap","9":"pa_yayinevi-butik-yayinlari","10":"pa_yazar-gahl-sasson","12":"first","13":"instock","14":"sale","15":"shipping-taxable","16":"purchasable","17":"product-type-simple"},"_links":{"self":[{"href":"https:\/\/roveyayinevi.com.tr\/index.php\/wp-json\/wp\/v2\/product\/715963","targetHints":{"allow":["GET"]}}],"collection":[{"href":"https:\/\/roveyayinevi.com.tr\/index.php\/wp-json\/wp\/v2\/product"}],"about":[{"href":"https:\/\/roveyayinevi.com.tr\/index.php\/wp-json\/wp\/v2\/types\/product"}],"wp:attachment":[{"href":"https:\/\/roveyayinevi.com.tr\/index.php\/wp-json\/wp\/v2\/media?parent=715963"}],"wp:term":[{"taxonomy":"product_brand","embeddable":true,"href":"https:\/\/roveyayinevi.com.tr\/index.php\/wp-json\/wp\/v2\/product_brand?post=715963"},{"taxonomy":"product_cat","embeddable":true,"href":"https:\/\/roveyayinevi.com.tr\/index.php\/wp-json\/wp\/v2\/product_cat?post=715963"},{"taxonomy":"product_tag","embeddable":true,"href":"https:\/\/roveyayinevi.com.tr\/index.php\/wp-json\/wp\/v2\/product_tag?post=715963"}],"curies":[{"name":"wp","href":"https:\/\/api.w.org\/{rel}","templated":true}]}}