{"id":715959,"date":"2025-08-27T17:36:39","date_gmt":"2025-08-27T14:36:39","guid":{"rendered":"https:\/\/roveyayinevi.com.tr\/index.php\/urun\/ya-evde-yoksan\/"},"modified":"2026-04-16T02:23:59","modified_gmt":"2026-04-15T23:23:59","slug":"ya-evde-yoksan","status":"publish","type":"product","link":"https:\/\/roveyayinevi.com.tr\/index.php\/urun\/ya-evde-yoksan\/","title":{"rendered":"Ya Evde Yoksan!"},"content":{"rendered":"<p>Cemal Safi deyince durmak laz\u0131m\u2026 Cemal Safi soyad\u0131 gibi saf bir \u015fiir adam\u0131, edebiyat adam\u0131 ve insan\u0131 b\u00fcy\u00fcleyen ger\u00e7ek bir s\u00f6z b\u00fcy\u00fcc\u00fcs\u00fc\u2026 \u015eiirleri bestelemek \u00e7ok zor. \u00c7\u00fcnk\u00fc o g\u00fc\u00e7l\u00fc ifadeleri bozar\u0131m diye korkuyor insan\u2026 Sevgili Cemal Safi, edebiyat\u0131m\u0131zdaki gelmi\u015f ge\u00e7mi\u015f t\u00fcm de\u011ferler aras\u0131nda en \u00f6n safta yerini alm\u0131\u015f, ya\u015fayan bir efsane\u2026                                                                                                                                                  Orhan Gencebay\u00dczerine y\u00fcklenen g\u00f6rsel \u00e7\u0131lg\u0131nl\u0131k ve g\u00fcl\u00fcn\u00e7l\u00fck i\u00e7inde kazara \u015fark\u0131n\u0131n s\u00f6zlerine kulak verirseniz fena \u015fa\u015f\u0131r\u0131rs\u0131n\u0131z, ba\u015f\u0131n\u0131z d\u00f6ner. M\u00fcthi\u015f etkili, \u015fark\u0131n\u0131n a\u011f\u0131r, ger\u00e7ek\u00e7i ve h\u00fcz\u00fcnl\u00fc s\u00f6zleri aras\u0131ndaki u\u00e7urum sarsar insan\u0131. Hala o \u015fark\u0131da tutukluyum! Kahkahalar\u0131n aras\u0131ndan y\u00fckselen o a\u011f\u0131r h\u00fcz\u00fcn bulutunda as\u0131l\u0131 kald\u0131m sanki! \u201cYa evde yoksan\u201d\u0131 evde, arabada dinledim&#8230; \u015eiir Cemal Safi\u2019nindi&#8230;                                                                                                                                                 Ha\u015fmet Babao\u011flu   Cemal Safi, \u00f6nemli ve de\u011ferli bir \u015fair. \u015eiirlerinden bestelenenlerin say\u0131s\u0131 150\u2019ye ula\u015f\u0131yor. \u00d6rne\u011fin Vurgun\u2019u bilmeyen var m\u0131? Evet&#8230; \u015eiiri \u00f6zlemi\u015fiz de\u011fil mi? Cemal Safi\u2019nin \u015fiirlerini derinden hat\u0131rl\u0131yoruz&#8230;                                                                                                                                                 Mehmet Barlas A\u015fk\u0131nla ne garip hallere d\u00fc\u015ft\u00fcm ,Her \u015feyim tamam da bir sendin noksan ,Ya\u011fmur ya\u015f demeden yollara d\u00fc\u015ft\u00fcm,\u0130\u00e7im \u00fcrperiyor ya evde yoksan!Ge\u00e7en ak\u015fam filmin m\u00fcziklerini dinlerken tak\u0131ld\u0131m kald\u0131m bu par\u00e7aya\u2026 Ah gazete sesli olsa da dinletebilsem\u2026                                                                                                                                                     Emre Ak\u00f6z Cemal Safi\u2019yi bilmeyenler i\u00e7in yaz\u0131yorum\u2026 Bana g\u00f6re ya\u015fayan en b\u00fcy\u00fck \u015fairimiz\u2026 M\u00fcthi\u015f \u015fiirleri ve ta\u015flamalar\u0131 var\u2026                                                                                                                                                     Selahattin Duman  <\/p>\n","protected":false},"excerpt":{"rendered":"<p>Cemal Safi deyince durmak laz\u0131m\u2026 Cemal Safi soyad\u0131 gibi saf bir \u015fiir adam\u0131, edebiyat adam\u0131 ve insan\u0131 b\u00fcy\u00fcleyen ger\u00e7ek bir s\u00f6z b\u00fcy\u00fcc\u00fcs\u00fc\u2026 \u015eiirleri bestelemek \u00e7ok zor.<span class=\"excerpt-hellip\"> [\u2026]<\/span><\/p>\n","protected":false},"featured_media":0,"template":"","meta":{"_monsterinsights_skip_tracking":false,"_monsterinsights_sitenote_active":false,"_monsterinsights_sitenote_note":"","_monsterinsights_sitenote_category":0},"product_brand":[],"product_cat":[12291,12509],"product_tag":[],"class_list":{"0":"post-715959","1":"product","2":"type-product","3":"status-publish","5":"product_cat-edebiyat","6":"product_cat-siir","7":"pa_cilt-ciltsiz","8":"pa_tur-kitap","9":"pa_yayinevi-beste-yayinlari","10":"pa_yazar-cemal-safi","12":"first","13":"instock","14":"sale","15":"shipping-taxable","16":"purchasable","17":"product-type-simple"},"_links":{"self":[{"href":"https:\/\/roveyayinevi.com.tr\/index.php\/wp-json\/wp\/v2\/product\/715959","targetHints":{"allow":["GET"]}}],"collection":[{"href":"https:\/\/roveyayinevi.com.tr\/index.php\/wp-json\/wp\/v2\/product"}],"about":[{"href":"https:\/\/roveyayinevi.com.tr\/index.php\/wp-json\/wp\/v2\/types\/product"}],"wp:attachment":[{"href":"https:\/\/roveyayinevi.com.tr\/index.php\/wp-json\/wp\/v2\/media?parent=715959"}],"wp:term":[{"taxonomy":"product_brand","embeddable":true,"href":"https:\/\/roveyayinevi.com.tr\/index.php\/wp-json\/wp\/v2\/product_brand?post=715959"},{"taxonomy":"product_cat","embeddable":true,"href":"https:\/\/roveyayinevi.com.tr\/index.php\/wp-json\/wp\/v2\/product_cat?post=715959"},{"taxonomy":"product_tag","embeddable":true,"href":"https:\/\/roveyayinevi.com.tr\/index.php\/wp-json\/wp\/v2\/product_tag?post=715959"}],"curies":[{"name":"wp","href":"https:\/\/api.w.org\/{rel}","templated":true}]}}