{"id":715956,"date":"2025-08-27T17:36:37","date_gmt":"2025-08-27T14:36:37","guid":{"rendered":"https:\/\/roveyayinevi.com.tr\/index.php\/urun\/asker-inonu\/"},"modified":"2026-04-16T02:23:59","modified_gmt":"2026-04-15T23:23:59","slug":"asker-inonu","status":"publish","type":"product","link":"https:\/\/roveyayinevi.com.tr\/index.php\/urun\/asker-inonu\/","title":{"rendered":"Asker \u0130n\u00f6n\u00fc"},"content":{"rendered":"<p>Mustafa Kemal, Mustafa \u0130smet\u2019in komutanl\u0131k niteliklerini \u015f\u00f6yle anlatm\u0131\u015ft\u0131,\u201cSava\u015fta bir t\u00fcmen bir k\u00f6pr\u00fcy\u00fc ge\u00e7ecektir. Ben hemen emir verir, k\u00f6pr\u00fcy\u00fc ge\u00e7irtirim. Fevzi Pa\u015fa, \u00f6nce bir tabur asker ge\u00e7irtir k\u00f6pr\u00fcden. Y\u0131k\u0131lmazsa t\u00fcmeni y\u00fcr\u00fct\u00fcr. \u0130smet Pa\u015fa\u2019ya gelince, \u00f6nce k\u00f6pr\u00fcn\u00fcn sa\u011flaml\u0131k derecesini \u00f6l\u00e7meye, ne kadar y\u00fcke dayanabilece\u011fini bulmaya \u00e7al\u0131\u015f\u0131r, sonra t\u00fcmenin a\u011f\u0131rl\u0131\u011f\u0131n\u0131 hesaplar. G\u00fcven duyarsa t\u00fcmeni k\u00f6pr\u00fcden ge\u00e7irtir. Ben zamandan kazan\u0131r, kazand\u0131\u011f\u0131m zamandan yararlanmaya \u00e7al\u0131\u015f\u0131r\u0131m. \u015eans\u0131m bana g\u00fclmezse, i\u015fim zordur. Fevzi Pa\u015fa, bir yandan zamandan kazanmak ister, bir yandan da az yitik vermenin yollar\u0131n\u0131 arar. \u0130smet Pa\u015fa ise hesap adam\u0131d\u0131r. Bir tek eri bile ileri s\u00fcrerken \u00f6l\u00e7\u00fcy\u00fc elden b\u0131rakmaz. Ama ge\u00e7 de olsa sonunda kazanmas\u0131n\u0131 bilir.\u201d <\/p>\n","protected":false},"excerpt":{"rendered":"<p>Mustafa Kemal, Mustafa \u0130smet\u2019in komutanl\u0131k niteliklerini \u015f\u00f6yle anlatm\u0131\u015ft\u0131,\u201cSava\u015fta bir t\u00fcmen bir k\u00f6pr\u00fcy\u00fc ge\u00e7ecektir. Ben hemen emir verir, k\u00f6pr\u00fcy\u00fc ge\u00e7irtirim. Fevzi Pa\u015fa, \u00f6nce bir tabur asker ge\u00e7irtir<span class=\"excerpt-hellip\"> [\u2026]<\/span><\/p>\n","protected":false},"featured_media":0,"template":"","meta":{"_monsterinsights_skip_tracking":false,"_monsterinsights_sitenote_active":false,"_monsterinsights_sitenote_note":"","_monsterinsights_sitenote_category":0},"product_brand":[],"product_cat":[12370,12304],"product_tag":[],"class_list":{"0":"post-715956","1":"product","2":"type-product","3":"status-publish","5":"product_cat-arastirma-inceleme","6":"product_cat-tarih","7":"pa_cilt-ciltsiz","8":"pa_tur-kitap","9":"pa_yayinevi-kirmizi-kedi-yayinevi","10":"pa_yazar-alev-coskun","12":"first","13":"instock","14":"sale","15":"shipping-taxable","16":"purchasable","17":"product-type-simple"},"_links":{"self":[{"href":"https:\/\/roveyayinevi.com.tr\/index.php\/wp-json\/wp\/v2\/product\/715956","targetHints":{"allow":["GET"]}}],"collection":[{"href":"https:\/\/roveyayinevi.com.tr\/index.php\/wp-json\/wp\/v2\/product"}],"about":[{"href":"https:\/\/roveyayinevi.com.tr\/index.php\/wp-json\/wp\/v2\/types\/product"}],"wp:attachment":[{"href":"https:\/\/roveyayinevi.com.tr\/index.php\/wp-json\/wp\/v2\/media?parent=715956"}],"wp:term":[{"taxonomy":"product_brand","embeddable":true,"href":"https:\/\/roveyayinevi.com.tr\/index.php\/wp-json\/wp\/v2\/product_brand?post=715956"},{"taxonomy":"product_cat","embeddable":true,"href":"https:\/\/roveyayinevi.com.tr\/index.php\/wp-json\/wp\/v2\/product_cat?post=715956"},{"taxonomy":"product_tag","embeddable":true,"href":"https:\/\/roveyayinevi.com.tr\/index.php\/wp-json\/wp\/v2\/product_tag?post=715956"}],"curies":[{"name":"wp","href":"https:\/\/api.w.org\/{rel}","templated":true}]}}