{"id":715953,"date":"2025-08-27T17:36:35","date_gmt":"2025-08-27T14:36:35","guid":{"rendered":"https:\/\/roveyayinevi.com.tr\/index.php\/urun\/karantina-ucuncu-perde\/"},"modified":"2026-04-16T02:23:59","modified_gmt":"2026-04-15T23:23:59","slug":"karantina-ucuncu-perde","status":"publish","type":"product","link":"https:\/\/roveyayinevi.com.tr\/index.php\/urun\/karantina-ucuncu-perde\/","title":{"rendered":"Karantina &#8211; \u00dc\u00e7\u00fcnc\u00fc Perde"},"content":{"rendered":"<p>\u201cVe hi\u00e7 unutma, \u0131\u015f\u0131klar sadece karanl\u0131kta yanar.\u201dSu nas\u0131l akarsa hep suya do\u011fru, ate\u015f nas\u0131l \u00e7o\u011falt\u0131rsa yaln\u0131zca ate\u015fi, r\u00fczg\u00e2r nas\u0131l bilmezse durgun esi\u015fleri, \u00f6l\u00fc her bal\u0131k nas\u0131l vurursa karaya, be\u015fi\u011finden ay\u0131r\u0131lan bebekler nas\u0131l a\u011flarsa onu alan kollar annesinden bir ba\u015fkas\u0131ysa, bir ku\u015f nas\u0131l bilmezse u\u00e7madan oradan oraya gitmeyi, hepimiz nas\u0131l do\u011fduysak \u00f6yle b\u00fcy\u00fcr ve bir g\u00fcn ne olursa olsun yuvam\u0131za d\u00f6nmek isteriz&#8230; \u201cVe hi\u00e7 unutma, \u0131\u015f\u0131klar sadece karanl\u0131kta yanar.\u201dSu nas\u0131l akarsa hep suya do\u011fru, ate\u015f nas\u0131l \u00e7o\u011falt\u0131rsa yaln\u0131zca ate\u015fi, r\u00fczg\u00e2r nas\u0131l bilmezse durgun esi\u015fleri, \u00f6l\u00fc her bal\u0131k nas\u0131l vurursa karaya, be\u015fi\u011finden ay\u0131r\u0131lan bebekler nas\u0131l a\u011flarsa onu alan kollar annesinden bir ba\u015fkas\u0131ysa, bir ku\u015f nas\u0131l bilmezse u\u00e7madan oradan oraya gitmeyi, hepimiz nas\u0131l do\u011fduysak \u00f6yle b\u00fcy\u00fcr ve bir g\u00fcn ne olursa olsun yuvam\u0131za d\u00f6nmek isteriz&#8230;<\/p>\n","protected":false},"excerpt":{"rendered":"<p>\u201cVe hi\u00e7 unutma, \u0131\u015f\u0131klar sadece karanl\u0131kta yanar.\u201dSu nas\u0131l akarsa hep suya do\u011fru, ate\u015f nas\u0131l \u00e7o\u011falt\u0131rsa yaln\u0131zca ate\u015fi, r\u00fczg\u00e2r nas\u0131l bilmezse durgun esi\u015fleri, \u00f6l\u00fc her bal\u0131k nas\u0131l<span class=\"excerpt-hellip\"> [\u2026]<\/span><\/p>\n","protected":false},"featured_media":0,"template":"","meta":{"_monsterinsights_skip_tracking":false,"_monsterinsights_sitenote_active":false,"_monsterinsights_sitenote_note":"","_monsterinsights_sitenote_category":0},"product_brand":[],"product_cat":[12291,12711],"product_tag":[],"class_list":{"0":"post-715953","1":"product","2":"type-product","3":"status-publish","5":"product_cat-edebiyat","6":"product_cat-roman-oyku","7":"pa_cilt-ciltsiz","8":"pa_tur-kitap","9":"pa_yayinevi-indigo-kitap","10":"pa_yazar-beyza-alkoc","12":"first","13":"instock","14":"sale","15":"shipping-taxable","16":"purchasable","17":"product-type-simple"},"_links":{"self":[{"href":"https:\/\/roveyayinevi.com.tr\/index.php\/wp-json\/wp\/v2\/product\/715953","targetHints":{"allow":["GET"]}}],"collection":[{"href":"https:\/\/roveyayinevi.com.tr\/index.php\/wp-json\/wp\/v2\/product"}],"about":[{"href":"https:\/\/roveyayinevi.com.tr\/index.php\/wp-json\/wp\/v2\/types\/product"}],"wp:attachment":[{"href":"https:\/\/roveyayinevi.com.tr\/index.php\/wp-json\/wp\/v2\/media?parent=715953"}],"wp:term":[{"taxonomy":"product_brand","embeddable":true,"href":"https:\/\/roveyayinevi.com.tr\/index.php\/wp-json\/wp\/v2\/product_brand?post=715953"},{"taxonomy":"product_cat","embeddable":true,"href":"https:\/\/roveyayinevi.com.tr\/index.php\/wp-json\/wp\/v2\/product_cat?post=715953"},{"taxonomy":"product_tag","embeddable":true,"href":"https:\/\/roveyayinevi.com.tr\/index.php\/wp-json\/wp\/v2\/product_tag?post=715953"}],"curies":[{"name":"wp","href":"https:\/\/api.w.org\/{rel}","templated":true}]}}