{"id":715950,"date":"2025-08-27T17:36:34","date_gmt":"2025-08-27T14:36:34","guid":{"rendered":"https:\/\/roveyayinevi.com.tr\/index.php\/urun\/kalkinma-ekonomisinde-yeni-egilimler\/"},"modified":"2026-04-16T02:23:58","modified_gmt":"2026-04-15T23:23:58","slug":"kalkinma-ekonomisinde-yeni-egilimler","status":"publish","type":"product","link":"https:\/\/roveyayinevi.com.tr\/index.php\/urun\/kalkinma-ekonomisinde-yeni-egilimler\/","title":{"rendered":"Kalk\u0131nma Ekonomisinde Yeni E\u011filimler"},"content":{"rendered":"<p>Kalk\u0131nman\u0131n \u00d6l\u00e7\u00fcm\u00fcnde Yeni E\u011filimler Tar\u0131m ve Kalk\u0131nma \u0130li\u015fkisi ve Tar\u0131msal Kalk\u0131nma Teorileri Sanayi Teknoloji, \u0130novasyon ve Kalk\u0131nma \u0130li\u015fkisinde Yeni E\u011filimler \u00c7evre ve Kalk\u0131nma \u0130li\u015fkisinde Yeni E\u011filimler Sa\u011fl\u0131k ve Kalk\u0131nma \u0130li\u015fkisinde Yeni E\u011filimler Gelir Da\u011f\u0131l\u0131m\u0131, Yoksulluk ve Kalk\u0131nma \u0130li\u015fkisinde Yeni E\u011filimler Yeni Kurumsal \u0130ktisatta Kurumlar ve Kalk\u0131nma: Tarihsel ve Teorik Bir Perspektif Bilgi Ekonomisi ve Kalk\u0131nma \u0130li\u015fkisinde Yeni E\u011filimler Sivil Toplum ve Kalk\u0131nma \u0130li\u015fkisinde Yeni E\u011filimler Enerji ve Kalk\u0131nma \u0130li\u015fkisinde Teni E\u011filimler <\/p>\n","protected":false},"excerpt":{"rendered":"<p>Kalk\u0131nman\u0131n \u00d6l\u00e7\u00fcm\u00fcnde Yeni E\u011filimler Tar\u0131m ve Kalk\u0131nma \u0130li\u015fkisi ve Tar\u0131msal Kalk\u0131nma Teorileri Sanayi Teknoloji, \u0130novasyon ve Kalk\u0131nma \u0130li\u015fkisinde Yeni E\u011filimler \u00c7evre ve Kalk\u0131nma \u0130li\u015fkisinde Yeni E\u011filimler<span class=\"excerpt-hellip\"> [\u2026]<\/span><\/p>\n","protected":false},"featured_media":0,"template":"","meta":{"_monsterinsights_skip_tracking":false,"_monsterinsights_sitenote_active":false,"_monsterinsights_sitenote_note":"","_monsterinsights_sitenote_category":0},"product_brand":[],"product_cat":[13043,14381],"product_tag":[],"class_list":{"0":"post-715950","1":"product","2":"type-product","3":"status-publish","5":"product_cat-ekonomi","6":"product_cat-isletme-muhasebe-maliye","7":"pa_cilt-ciltsiz","8":"pa_tur-kitap","9":"pa_yayinevi-gazi-kitabevi","10":"pa_yazar-zafer-kanberoglu","12":"first","13":"instock","14":"sale","15":"shipping-taxable","16":"purchasable","17":"product-type-simple"},"_links":{"self":[{"href":"https:\/\/roveyayinevi.com.tr\/index.php\/wp-json\/wp\/v2\/product\/715950","targetHints":{"allow":["GET"]}}],"collection":[{"href":"https:\/\/roveyayinevi.com.tr\/index.php\/wp-json\/wp\/v2\/product"}],"about":[{"href":"https:\/\/roveyayinevi.com.tr\/index.php\/wp-json\/wp\/v2\/types\/product"}],"wp:attachment":[{"href":"https:\/\/roveyayinevi.com.tr\/index.php\/wp-json\/wp\/v2\/media?parent=715950"}],"wp:term":[{"taxonomy":"product_brand","embeddable":true,"href":"https:\/\/roveyayinevi.com.tr\/index.php\/wp-json\/wp\/v2\/product_brand?post=715950"},{"taxonomy":"product_cat","embeddable":true,"href":"https:\/\/roveyayinevi.com.tr\/index.php\/wp-json\/wp\/v2\/product_cat?post=715950"},{"taxonomy":"product_tag","embeddable":true,"href":"https:\/\/roveyayinevi.com.tr\/index.php\/wp-json\/wp\/v2\/product_tag?post=715950"}],"curies":[{"name":"wp","href":"https:\/\/api.w.org\/{rel}","templated":true}]}}