{"id":715947,"date":"2025-08-27T17:36:32","date_gmt":"2025-08-27T14:36:32","guid":{"rendered":"https:\/\/roveyayinevi.com.tr\/index.php\/urun\/ve-tanri-turku-yaratti\/"},"modified":"2026-04-16T02:23:58","modified_gmt":"2026-04-15T23:23:58","slug":"ve-tanri-turku-yaratti","status":"publish","type":"product","link":"https:\/\/roveyayinevi.com.tr\/index.php\/urun\/ve-tanri-turku-yaratti\/","title":{"rendered":"Ve Tanr\u0131 T\u00fcrk&#8217;\u00fc Yaratt\u0131"},"content":{"rendered":"<p>Bu memleket, d\u00fcnyan\u0131n beklemedi\u011fi, asla \u00fcmit etmedi\u011fi bir m\u00fcstesna mevcudiyetin y\u00fcksek tecellisine y\u00fcksek sahne oldu. Bu sahne yedi bin senelik bir T\u00fcrk be\u015fi\u011fidir. Be\u015fik tabiat\u0131n r\u00fczg\u00e2rlar\u0131 ile salland\u0131; be\u015fi\u011fin i\u00e7indeki \u00e7ocuk tabiat\u0131n ya\u011fmurlar\u0131 ile y\u0131kand\u0131. O \u00e7ocuk tabiat\u0131n \u015fim\u015feklerinden, y\u0131ld\u0131r\u0131mlar\u0131ndan, kas\u0131rgalar\u0131ndan evvela korkar gibi oldu; sonra onlara al\u0131\u015ft\u0131, onlar\u0131 tabiat\u0131n babas\u0131 tan\u0131d\u0131, onlar\u0131n o\u011flu oldu. Bir g\u00fcn o tabiat \u00e7ocu\u011fu tabiat oldu; \u015fim\u015fek, y\u0131ld\u0131r\u0131m, g\u00fcne\u015f oldu; T\u00fcrk oldu. T\u00fcrk budur. Y\u0131ld\u0131r\u0131md\u0131r, kas\u0131rgad\u0131r, d\u00fcnyay\u0131 ayd\u0131nlatan g\u00fcne\u015ftir.<\/p>\n","protected":false},"excerpt":{"rendered":"<p>Bu memleket, d\u00fcnyan\u0131n beklemedi\u011fi, asla \u00fcmit etmedi\u011fi bir m\u00fcstesna mevcudiyetin y\u00fcksek tecellisine y\u00fcksek sahne oldu. Bu sahne yedi bin senelik bir T\u00fcrk be\u015fi\u011fidir. Be\u015fik tabiat\u0131n r\u00fczg\u00e2rlar\u0131<span class=\"excerpt-hellip\"> [\u2026]<\/span><\/p>\n","protected":false},"featured_media":0,"template":"","meta":{"_monsterinsights_skip_tracking":false,"_monsterinsights_sitenote_active":false,"_monsterinsights_sitenote_note":"","_monsterinsights_sitenote_category":0},"product_brand":[],"product_cat":[12304,13650],"product_tag":[],"class_list":{"0":"post-715947","1":"product","2":"type-product","3":"status-publish","5":"product_cat-tarih","6":"product_cat-turk-tarihi-arastirmalari","7":"pa_cilt-ciltsiz","8":"pa_tur-kitap","9":"pa_yayinevi-bilge-kultur-sanat","10":"pa_yazar-tuncer-gulensoy","12":"first","13":"instock","14":"sale","15":"shipping-taxable","16":"purchasable","17":"product-type-simple"},"_links":{"self":[{"href":"https:\/\/roveyayinevi.com.tr\/index.php\/wp-json\/wp\/v2\/product\/715947","targetHints":{"allow":["GET"]}}],"collection":[{"href":"https:\/\/roveyayinevi.com.tr\/index.php\/wp-json\/wp\/v2\/product"}],"about":[{"href":"https:\/\/roveyayinevi.com.tr\/index.php\/wp-json\/wp\/v2\/types\/product"}],"wp:attachment":[{"href":"https:\/\/roveyayinevi.com.tr\/index.php\/wp-json\/wp\/v2\/media?parent=715947"}],"wp:term":[{"taxonomy":"product_brand","embeddable":true,"href":"https:\/\/roveyayinevi.com.tr\/index.php\/wp-json\/wp\/v2\/product_brand?post=715947"},{"taxonomy":"product_cat","embeddable":true,"href":"https:\/\/roveyayinevi.com.tr\/index.php\/wp-json\/wp\/v2\/product_cat?post=715947"},{"taxonomy":"product_tag","embeddable":true,"href":"https:\/\/roveyayinevi.com.tr\/index.php\/wp-json\/wp\/v2\/product_tag?post=715947"}],"curies":[{"name":"wp","href":"https:\/\/api.w.org\/{rel}","templated":true}]}}