{"id":715946,"date":"2025-08-27T17:36:31","date_gmt":"2025-08-27T14:36:31","guid":{"rendered":"https:\/\/roveyayinevi.com.tr\/index.php\/urun\/uygur-yazitlari\/"},"modified":"2026-04-16T02:23:58","modified_gmt":"2026-04-15T23:23:58","slug":"uygur-yazitlari","status":"publish","type":"product","link":"https:\/\/roveyayinevi.com.tr\/index.php\/urun\/uygur-yazitlari\/","title":{"rendered":"Uygur Yaz\u0131tlar\u0131"},"content":{"rendered":"<p>1. ve 2. T\u00fcrk ka\u011fanl\u0131klar\u0131ndan sonra \u0130\u00e7 Asya bozk\u0131rlar\u0131nda egemenli\u011fi eline ge\u00e7iren Uygurlar da t\u0131pk\u0131 K\u00f6k T\u00fcrkler gibi kendinden sonra gelen nesillere hitaben yaz\u0131tlar b\u0131rakm\u0131\u015ft\u0131r. \u00c7in kaynaklar\u0131nda adlar\u0131; Huihe, Huihu, Weihe, Weiwu, Yuanhe, Yuange, Weiwuer gibi t\u00fcrl\u00fc bi\u00e7imlerde ge\u00e7en Uygurlar, Basm\u0131l ve Karluklarla i\u015fbirli\u011fi yaparak \u0130\u00e7 Asya bozk\u0131rlar\u0131ndaki K\u00f6k T\u00fcrklerin egemenli\u011fine son vermi\u015fti. \u00d6zellikle Moyan \u00c7or Ka\u011fan zaman\u0131nda b\u00fcy\u00fck ba\u015far\u0131lar elde eden Uygurlar, \u00c7in\u2019de ba\u015f g\u00f6steren An lushan isyan\u0131n\u0131n bast\u0131r\u0131lmas\u0131nda \u00f6nemli g\u00f6revler \u00fcstlenmi\u015f ve \u00c7in\u2019deki Tang hanedan\u0131ndan hem diplomatik hem de ekonomik anlamda \u00f6nemli ayr\u0131cal\u0131klar elde etmi\u015fti. Bu durum, Uygurlar\u0131 \u0130\u00e7 Asya bozk\u0131rlar\u0131n\u0131n en g\u00fc\u00e7l\u00fcs\u00fc durumuna getirmi\u015fti.Bu kitap, Uygurlar taraf\u0131ndan yaz\u0131lan Tes, Tariat, \u015eine Usu, 1. Karabalgasun, Hoyto-Tam\u0131r, Sevrey, Xi\u2019an (Kar\u0131 \u00c7or), Suci, 2. Karabalgasun, Arhanan ve Gurvaljin-uul yaz\u0131tlar\u0131n\u0131n\u0131n, T\u00fcrk runik harfli metnini, transkripsiyonunu ve g\u00fcn\u00fcm\u00fcz T\u00fcrk\u00e7esine aktar\u0131m\u0131n\u0131 konu edinmektedir. Bu yaz\u0131tlar \u00fczerinde \u00e7al\u0131\u015facak ara\u015ft\u0131rmac\u0131lar ve \u00f6\u011frencilere kolayl\u0131k sa\u011flamas\u0131 i\u00e7in runik metin, okuma ve anlamland\u0131rma, her sat\u0131r i\u00e7in alt alta verildi. Bu metinlerin T\u00fcrk runik harfli bi\u00e7imleri de kitab\u0131n sonuna, toplu olarak eklendi.<\/p>\n","protected":false},"excerpt":{"rendered":"<p>1. ve 2. T\u00fcrk ka\u011fanl\u0131klar\u0131ndan sonra \u0130\u00e7 Asya bozk\u0131rlar\u0131nda egemenli\u011fi eline ge\u00e7iren Uygurlar da t\u0131pk\u0131 K\u00f6k T\u00fcrkler gibi kendinden sonra gelen nesillere hitaben yaz\u0131tlar b\u0131rakm\u0131\u015ft\u0131r. \u00c7in<span class=\"excerpt-hellip\"> [\u2026]<\/span><\/p>\n","protected":false},"featured_media":0,"template":"","meta":{"_monsterinsights_skip_tracking":false,"_monsterinsights_sitenote_active":false,"_monsterinsights_sitenote_note":"","_monsterinsights_sitenote_category":0},"product_brand":[],"product_cat":[20225,12291],"product_tag":[],"class_list":{"0":"post-715946","1":"product","2":"type-product","3":"status-publish","5":"product_cat-dil-bilim","6":"product_cat-edebiyat","7":"pa_cilt-ciltsiz","8":"pa_tur-kitap","9":"pa_yayinevi-bilge-kultur-sanat","10":"pa_yazar-erhan-aydin","12":"first","13":"instock","14":"sale","15":"shipping-taxable","16":"purchasable","17":"product-type-simple"},"_links":{"self":[{"href":"https:\/\/roveyayinevi.com.tr\/index.php\/wp-json\/wp\/v2\/product\/715946","targetHints":{"allow":["GET"]}}],"collection":[{"href":"https:\/\/roveyayinevi.com.tr\/index.php\/wp-json\/wp\/v2\/product"}],"about":[{"href":"https:\/\/roveyayinevi.com.tr\/index.php\/wp-json\/wp\/v2\/types\/product"}],"wp:attachment":[{"href":"https:\/\/roveyayinevi.com.tr\/index.php\/wp-json\/wp\/v2\/media?parent=715946"}],"wp:term":[{"taxonomy":"product_brand","embeddable":true,"href":"https:\/\/roveyayinevi.com.tr\/index.php\/wp-json\/wp\/v2\/product_brand?post=715946"},{"taxonomy":"product_cat","embeddable":true,"href":"https:\/\/roveyayinevi.com.tr\/index.php\/wp-json\/wp\/v2\/product_cat?post=715946"},{"taxonomy":"product_tag","embeddable":true,"href":"https:\/\/roveyayinevi.com.tr\/index.php\/wp-json\/wp\/v2\/product_tag?post=715946"}],"curies":[{"name":"wp","href":"https:\/\/api.w.org\/{rel}","templated":true}]}}