{"id":715944,"date":"2025-08-27T17:36:30","date_gmt":"2025-08-27T14:36:30","guid":{"rendered":"https:\/\/roveyayinevi.com.tr\/index.php\/urun\/turklerin-dini-tarihi-baslangiclarindan-gunumuze\/"},"modified":"2026-04-16T02:23:58","modified_gmt":"2026-04-15T23:23:58","slug":"turklerin-dini-tarihi-baslangiclarindan-gunumuze","status":"publish","type":"product","link":"https:\/\/roveyayinevi.com.tr\/index.php\/urun\/turklerin-dini-tarihi-baslangiclarindan-gunumuze\/","title":{"rendered":"T\u00fcrklerin Dini Tarihi &#8211; Ba\u015flang\u0131\u00e7lar\u0131ndan G\u00fcn\u00fcm\u00fcze"},"content":{"rendered":"<p>K\u00fclt\u00fcr ve toplum yap\u0131m\u0131zda, modern anlamda bir din tarihi \u015fuuru ve perspektifi hen\u00fcz tam anlam\u0131 ile yer almam\u0131\u015f, do\u011fal olarak da bir din tarihi metodolojisi geli\u015fmemi\u015ftir. Dolay\u0131s\u0131yla din alan\u0131nda \u201cbe\u015fer-\u00fcst\u00fc\u201d ve \u201cilah\u00ee\u201d olan veya ba\u015fka bir deyi\u015fle \u201czaman-\u00fcst\u00fc\u201d, \u201ctarih-\u00fcst\u00fc\u201d ve \u201cevrensel\u201d olanla be\u015feri, tarihi ve k\u00fclt\u00fcrel olan\u0131 birbirine kar\u0131\u015ft\u0131rma ve hepsini ayn\u0131 kategoriye yerle\u015ftirme e\u011filimi, al\u0131\u015fkanl\u0131\u011f\u0131 ve hatta \u201chata\u201ds\u0131 da bu \u015fuur ve metodoloji noksanl\u0131\u011f\u0131ndan kaynaklanmaktad\u0131r.\u00c7ok geni\u015f bir co\u011frafyada, olduk\u00e7a de\u011fi\u015fik k\u00fclt\u00fcr ve medeniyetler, toplumlar ve d\u00fcnyan\u0131n b\u00fcy\u00fck dini sistemleri ile temasa ge\u00e7mi\u015f bulunan T\u00fcrklerin dini ya\u015fay\u0131\u015flar\u0131, son derece zengin bir tarih ve k\u00fclt\u00fcr miras\u0131na sahip bulunmaktad\u0131r. Bu zengin tarihi ve dini miras, bilimsel ve objektif bir tarihi perspektiften hareketle ele al\u0131n\u0131p de\u011ferlendirildi\u011finde, bize milli ve k\u00fclt\u00fcrel varl\u0131\u011f\u0131m\u0131z ve hayat\u0131m\u0131z\u0131n tarihi temellerini, ger\u00e7ek boyutlar\u0131 i\u00e7erisinde daha do\u011fru bir bi\u00e7imde ayd\u0131nlatma imkan\u0131 sa\u011flayaca\u011f\u0131 gibi, bug\u00fcnk\u00fc hayat\u0131m\u0131z ve k\u00fclt\u00fcr\u00fcm\u00fcze de zenginlik katacak, hatta de\u011fi\u015fen sosyo-k\u00fclt\u00fcrel \u015fartlarda bir de\u011fi\u015fim s\u00fcrecine maruz kalan buhranlara ve \u00e7at\u0131\u015fmalara sahne olan toplumumuzun k\u00fclt\u00fcrel kimli\u011finin yeniden in\u015fas\u0131na \u00f6nemli katk\u0131larda bulunacakt\u0131r.<\/p>\n","protected":false},"excerpt":{"rendered":"<p>K\u00fclt\u00fcr ve toplum yap\u0131m\u0131zda, modern anlamda bir din tarihi \u015fuuru ve perspektifi hen\u00fcz tam anlam\u0131 ile yer almam\u0131\u015f, do\u011fal olarak da bir din tarihi metodolojisi geli\u015fmemi\u015ftir.<span class=\"excerpt-hellip\"> [\u2026]<\/span><\/p>\n","protected":false},"featured_media":0,"template":"","meta":{"_monsterinsights_skip_tracking":false,"_monsterinsights_sitenote_active":false,"_monsterinsights_sitenote_note":"","_monsterinsights_sitenote_category":0},"product_brand":[],"product_cat":[12304,13650],"product_tag":[],"class_list":{"0":"post-715944","1":"product","2":"type-product","3":"status-publish","5":"product_cat-tarih","6":"product_cat-turk-tarihi-arastirmalari","7":"pa_cilt-ciltsiz","8":"pa_tur-kitap","9":"pa_yayinevi-bilge-kultur-sanat","10":"pa_yazar-harun-gungor-unver-gunay","12":"first","13":"instock","14":"sale","15":"shipping-taxable","16":"purchasable","17":"product-type-simple"},"_links":{"self":[{"href":"https:\/\/roveyayinevi.com.tr\/index.php\/wp-json\/wp\/v2\/product\/715944","targetHints":{"allow":["GET"]}}],"collection":[{"href":"https:\/\/roveyayinevi.com.tr\/index.php\/wp-json\/wp\/v2\/product"}],"about":[{"href":"https:\/\/roveyayinevi.com.tr\/index.php\/wp-json\/wp\/v2\/types\/product"}],"wp:attachment":[{"href":"https:\/\/roveyayinevi.com.tr\/index.php\/wp-json\/wp\/v2\/media?parent=715944"}],"wp:term":[{"taxonomy":"product_brand","embeddable":true,"href":"https:\/\/roveyayinevi.com.tr\/index.php\/wp-json\/wp\/v2\/product_brand?post=715944"},{"taxonomy":"product_cat","embeddable":true,"href":"https:\/\/roveyayinevi.com.tr\/index.php\/wp-json\/wp\/v2\/product_cat?post=715944"},{"taxonomy":"product_tag","embeddable":true,"href":"https:\/\/roveyayinevi.com.tr\/index.php\/wp-json\/wp\/v2\/product_tag?post=715944"}],"curies":[{"name":"wp","href":"https:\/\/api.w.org\/{rel}","templated":true}]}}