{"id":715941,"date":"2025-08-27T17:36:28","date_gmt":"2025-08-27T14:36:28","guid":{"rendered":"https:\/\/roveyayinevi.com.tr\/index.php\/urun\/turk-adinin-anlami\/"},"modified":"2026-04-16T02:23:58","modified_gmt":"2026-04-15T23:23:58","slug":"turk-adinin-anlami","status":"publish","type":"product","link":"https:\/\/roveyayinevi.com.tr\/index.php\/urun\/turk-adinin-anlami\/","title":{"rendered":"T\u00fcrk Ad\u0131n\u0131n Anlam\u0131"},"content":{"rendered":"<p>T\u00fcrk Ad\u0131n\u0131n Anlam\u0131 ad\u0131n\u0131 ta\u015f\u0131yan elinizdeki eser, temelleri yaz\u0131l\u0131 tarihin ba\u015flang\u0131\u00e7lar\u0131na kadar uzat\u0131lan bir k\u00fclt\u00fcr\u00fc, varl\u0131k sahnesine \u00e7\u0131karmay\u0131, ya\u015fatmay\u0131 ba\u015farabilmi\u015f ve gelece\u011fe ta\u015f\u0131may\u0131 ba\u015faracak olanlar\u0131n hepsinin ortak ad\u0131 olmu\u015f, olan ve olacak &#8216;T\u00fcrk&#8217; kavram\u0131n\u0131 ele almaktad\u0131r. Yazar Prof. Dr. Tuncer Baykara, tarih\u00ee, sosyolojik, psikolojik boyutlar\u0131yla \u015ferefli bir mill\u00ee kimlik g\u00f6stergesi olan &#8216;T\u00fcrk&#8217; kavram\u0131n\u0131, bu kimli\u011fe mensup olman\u0131n bilinci ve duyarl\u0131l\u0131\u011f\u0131 i\u00e7inde, \u00f6z\u00fc bilinmedi\u011fi i\u00e7in do\u011fru anla\u015f\u0131lamayan kavramlar\u0131n, ya d\u00fc\u015f\u00fcncenin zihinde de\u011fersiz, bo\u015f bir addan ibaret olaca\u011f\u0131 ya da \u00f6z\u00fcne uygun olmayan isabetsiz anlamlar y\u00fcklenerek temelsiz d\u00fc\u015f\u00fcncelere zemin olu\u015fturaca\u011f\u0131 ger\u00e7e\u011finden hareket eden bir bilim adam\u0131 titizli\u011fiyle de\u011ferlendirmektedir.<\/p>\n","protected":false},"excerpt":{"rendered":"<p>T\u00fcrk Ad\u0131n\u0131n Anlam\u0131 ad\u0131n\u0131 ta\u015f\u0131yan elinizdeki eser, temelleri yaz\u0131l\u0131 tarihin ba\u015flang\u0131\u00e7lar\u0131na kadar uzat\u0131lan bir k\u00fclt\u00fcr\u00fc, varl\u0131k sahnesine \u00e7\u0131karmay\u0131, ya\u015fatmay\u0131 ba\u015farabilmi\u015f ve gelece\u011fe ta\u015f\u0131may\u0131 ba\u015faracak olanlar\u0131n hepsinin<span class=\"excerpt-hellip\"> [\u2026]<\/span><\/p>\n","protected":false},"featured_media":0,"template":"","meta":{"_monsterinsights_skip_tracking":false,"_monsterinsights_sitenote_active":false,"_monsterinsights_sitenote_note":"","_monsterinsights_sitenote_category":0},"product_brand":[],"product_cat":[12304,13650],"product_tag":[],"class_list":{"0":"post-715941","1":"product","2":"type-product","3":"status-publish","5":"product_cat-tarih","6":"product_cat-turk-tarihi-arastirmalari","7":"pa_cilt-ciltsiz","8":"pa_tur-kitap","9":"pa_yayinevi-bilge-kultur-sanat","10":"pa_yazar-tuncer-baykara","12":"first","13":"instock","14":"sale","15":"shipping-taxable","16":"purchasable","17":"product-type-simple"},"_links":{"self":[{"href":"https:\/\/roveyayinevi.com.tr\/index.php\/wp-json\/wp\/v2\/product\/715941","targetHints":{"allow":["GET"]}}],"collection":[{"href":"https:\/\/roveyayinevi.com.tr\/index.php\/wp-json\/wp\/v2\/product"}],"about":[{"href":"https:\/\/roveyayinevi.com.tr\/index.php\/wp-json\/wp\/v2\/types\/product"}],"wp:attachment":[{"href":"https:\/\/roveyayinevi.com.tr\/index.php\/wp-json\/wp\/v2\/media?parent=715941"}],"wp:term":[{"taxonomy":"product_brand","embeddable":true,"href":"https:\/\/roveyayinevi.com.tr\/index.php\/wp-json\/wp\/v2\/product_brand?post=715941"},{"taxonomy":"product_cat","embeddable":true,"href":"https:\/\/roveyayinevi.com.tr\/index.php\/wp-json\/wp\/v2\/product_cat?post=715941"},{"taxonomy":"product_tag","embeddable":true,"href":"https:\/\/roveyayinevi.com.tr\/index.php\/wp-json\/wp\/v2\/product_tag?post=715941"}],"curies":[{"name":"wp","href":"https:\/\/api.w.org\/{rel}","templated":true}]}}