{"id":715940,"date":"2025-08-27T17:36:28","date_gmt":"2025-08-27T14:36:28","guid":{"rendered":"https:\/\/roveyayinevi.com.tr\/index.php\/urun\/terimbilimi\/"},"modified":"2026-04-16T02:23:58","modified_gmt":"2026-04-15T23:23:58","slug":"terimbilimi","status":"publish","type":"product","link":"https:\/\/roveyayinevi.com.tr\/index.php\/urun\/terimbilimi\/","title":{"rendered":"TerimBilimi"},"content":{"rendered":"<p>T\u00fcrkiye\u2019nin ilk terimbilimi kitab\u0131 olma \u00f6zelli\u011fi ile T\u00fcrk\u00e7e \u00f6rneklerle zenginle\u015ftirilmi\u015f bu kitap, yaz\u0131l\u0131\u015f\u0131 bak\u0131m\u0131ndan ister bilim kitab\u0131, ister ders kitab\u0131, ister ba\u015fvuru kayna\u011f\u0131 olarak, dilbilimciler, \u00e7eviribilimciler ve \u00e7evirmenlerin yan\u0131 s\u0131ra konu itibariyle di\u011fer b\u00fct\u00fcn bilimdallar\u0131ndan insanlar i\u00e7in de \u00f6nemli bir bilgi kayna\u011f\u0131 niteli\u011findedir.Yazar\u0131n Surrey \u00dcniversitesi \u0130ngiltere\u2019de \u00c7eviribilimi alan\u0131nda y\u00fckseklisans e\u011fitimi g\u00f6rd\u00fc\u011f\u00fc y\u0131llarda Terimbilimi derslerinde alm\u0131\u015f oldu\u011fu ders notlar\u0131ndan bilgilerle donat\u0131lm\u0131\u015f olan kitab\u0131n \u00f6\u011frencilerin ve saha uzmanlar\u0131n\u0131n yan\u0131nda genel k\u00fclt\u00fcr birikimine sahip ayd\u0131n kesime de yararl\u0131 olmas\u0131 \u00fcmidiyle.<\/p>\n","protected":false},"excerpt":{"rendered":"<p>T\u00fcrkiye\u2019nin ilk terimbilimi kitab\u0131 olma \u00f6zelli\u011fi ile T\u00fcrk\u00e7e \u00f6rneklerle zenginle\u015ftirilmi\u015f bu kitap, yaz\u0131l\u0131\u015f\u0131 bak\u0131m\u0131ndan ister bilim kitab\u0131, ister ders kitab\u0131, ister ba\u015fvuru kayna\u011f\u0131 olarak, dilbilimciler, \u00e7eviribilimciler<span class=\"excerpt-hellip\"> [\u2026]<\/span><\/p>\n","protected":false},"featured_media":0,"template":"","meta":{"_monsterinsights_skip_tracking":false,"_monsterinsights_sitenote_active":false,"_monsterinsights_sitenote_note":"","_monsterinsights_sitenote_category":0},"product_brand":[],"product_cat":[20225,12291],"product_tag":[],"class_list":{"0":"post-715940","1":"product","2":"type-product","3":"status-publish","5":"product_cat-dil-bilim","6":"product_cat-edebiyat","7":"pa_cilt-ciltsiz","8":"pa_tur-kitap","9":"pa_yayinevi-bilge-kultur-sanat","10":"pa_yazar-burcu-ilkay-karaman","12":"first","13":"instock","14":"sale","15":"shipping-taxable","16":"purchasable","17":"product-type-simple"},"_links":{"self":[{"href":"https:\/\/roveyayinevi.com.tr\/index.php\/wp-json\/wp\/v2\/product\/715940","targetHints":{"allow":["GET"]}}],"collection":[{"href":"https:\/\/roveyayinevi.com.tr\/index.php\/wp-json\/wp\/v2\/product"}],"about":[{"href":"https:\/\/roveyayinevi.com.tr\/index.php\/wp-json\/wp\/v2\/types\/product"}],"wp:attachment":[{"href":"https:\/\/roveyayinevi.com.tr\/index.php\/wp-json\/wp\/v2\/media?parent=715940"}],"wp:term":[{"taxonomy":"product_brand","embeddable":true,"href":"https:\/\/roveyayinevi.com.tr\/index.php\/wp-json\/wp\/v2\/product_brand?post=715940"},{"taxonomy":"product_cat","embeddable":true,"href":"https:\/\/roveyayinevi.com.tr\/index.php\/wp-json\/wp\/v2\/product_cat?post=715940"},{"taxonomy":"product_tag","embeddable":true,"href":"https:\/\/roveyayinevi.com.tr\/index.php\/wp-json\/wp\/v2\/product_tag?post=715940"}],"curies":[{"name":"wp","href":"https:\/\/api.w.org\/{rel}","templated":true}]}}