{"id":715939,"date":"2025-08-27T17:36:27","date_gmt":"2025-08-27T14:36:27","guid":{"rendered":"https:\/\/roveyayinevi.com.tr\/index.php\/urun\/tabsira-akif-pasanin-gurur-ve-isyan-cigligi\/"},"modified":"2026-04-16T02:23:58","modified_gmt":"2026-04-15T23:23:58","slug":"tabsira-akif-pasanin-gurur-ve-isyan-cigligi","status":"publish","type":"product","link":"https:\/\/roveyayinevi.com.tr\/index.php\/urun\/tabsira-akif-pasanin-gurur-ve-isyan-cigligi\/","title":{"rendered":"Tabs\u0131ra &#8211; Akif Pa\u015fa\u2019n\u0131n Gurur ve \u0130syan \u00c7\u0131\u011fl\u0131\u011f\u0131"},"content":{"rendered":"<p>Tabs\u0131ra, Akif Pa\u015fa\u2019n\u0131n, Hariciye N\u00e2z\u0131rl\u0131\u011f\u0131\u2019ndan azledilmesine sebep olan Churchill Vakas\u0131\u2019n\u0131n asl\u0131n\u0131 esas\u0131n\u0131 ortaya koymak \u00fczere kaleme ald\u0131\u011f\u0131 \u00fcnl\u00fc eseridir. Eser, II. Mahmud d\u00f6neminin, hem i\u00e7 siyasetini hem d\u0131\u015f siyasetini; \u00f6zellikle \u0130ngiltere ba\u015fta olmak \u00fczere Avrupa devletleriyle olan hassas ili\u015fkilerini g\u00f6zler \u00f6n\u00fcne sermektedir. Tabs\u0131ra, Fener Rum Patrikhanesi\u2019nin o y\u0131llardaki konumunu belirlemeye katk\u0131 sa\u011flayacak \u00f6nemli tan\u0131kl\u0131klar da i\u00e7ermektedir. Tabs\u0131ra, tarih\u00ee belge niteli\u011fi ta\u015f\u0131mas\u0131n\u0131n yan\u0131 s\u0131ra, bir devlet adam\u0131n\u0131n gururunu kurtarmak i\u00e7in verdi\u011fi m\u00fccadelenin de o g\u00fcne kadarki emsalsiz bir \u00f6rne\u011fi durumundad\u0131r. \u015e\u00fcphesiz eser, \u00f6znel de olsa, birincil bir kaynak olarak tarih ara\u015ft\u0131rmac\u0131lar\u0131na de\u011ferli bilgiler ve yakla\u015f\u0131mlar sa\u011flayacakt\u0131r. Ancak Tabs\u0131ra\u2019n\u0131n daha \u00f6nemli taraf\u0131, yeni edebiyata ve \u00fcsl\u00fbba do\u011fru at\u0131lm\u0131\u015f erken bir ad\u0131m olma \u00f6zelli\u011fini ta\u015f\u0131mas\u0131d\u0131r. 1836 y\u0131l\u0131nda kaleme al\u0131nm\u0131\u015f oldu\u011funu d\u00fc\u015f\u00fcnd\u00fc\u011f\u00fcm\u00fcz eser, \u00c2kif Pa\u015fa\u2019y\u0131 Tanzimat devri yazarlar\u0131n\u0131n kendilerine \u00f6rnek ald\u0131klar\u0131 bir \u201cm\u00fcn\u015f\u00ee\u201d yapm\u0131\u015ft\u0131r. Nam\u0131k Kemal, Tabs\u0131ra\u2019y\u0131 ve yazar\u0131n\u0131 \u015fu c\u00fcmlelerle \u00e2bidele\u015ftirmi\u015ftir: \u201cTabs\u0131ra\u2019n\u0131n siy\u00e2siy\u00e2t cihetleriyle edebiyat cihetlerini birbirinden ay\u0131ral\u0131m. Hey\u2019et-i mecm\u00fbas\u0131 yerine iki par\u00e7as\u0131na ba\u015fka ba\u015fka nazar edelim. Merh\u00fbmun iki cihetde de fikrimize ta\u2019l\u00eem-i hikmet edenlerin, kalemimize T\u00fcrk\u00e7e yazma\u011f\u0131 \u00f6\u011fretenlerin en b\u00fcy\u00fcklerinden ve bin\u00e2en-aleyh bug\u00fcnk\u00fc erb\u00e2b-\u0131 kalemin evliya-y\u0131 niam\u0131ndan oldu\u011funu ink\u00e2ra mec\u00e2l yokdur.\u201d<\/p>\n","protected":false},"excerpt":{"rendered":"<p>Tabs\u0131ra, Akif Pa\u015fa\u2019n\u0131n, Hariciye N\u00e2z\u0131rl\u0131\u011f\u0131\u2019ndan azledilmesine sebep olan Churchill Vakas\u0131\u2019n\u0131n asl\u0131n\u0131 esas\u0131n\u0131 ortaya koymak \u00fczere kaleme ald\u0131\u011f\u0131 \u00fcnl\u00fc eseridir. Eser, II. Mahmud d\u00f6neminin, hem i\u00e7 siyasetini<span class=\"excerpt-hellip\"> [\u2026]<\/span><\/p>\n","protected":false},"featured_media":0,"template":"","meta":{"_monsterinsights_skip_tracking":false,"_monsterinsights_sitenote_active":false,"_monsterinsights_sitenote_note":"","_monsterinsights_sitenote_category":0},"product_brand":[],"product_cat":[13946,12304],"product_tag":[],"class_list":{"0":"post-715939","1":"product","2":"type-product","3":"status-publish","5":"product_cat-biyografi-otobiyografi","6":"product_cat-tarih","7":"pa_cilt-ciltsiz","8":"pa_tur-kitap","9":"pa_yayinevi-bilge-kultur-sanat","10":"pa_yazar-ali-budak","12":"first","13":"instock","14":"sale","15":"shipping-taxable","16":"purchasable","17":"product-type-simple"},"_links":{"self":[{"href":"https:\/\/roveyayinevi.com.tr\/index.php\/wp-json\/wp\/v2\/product\/715939","targetHints":{"allow":["GET"]}}],"collection":[{"href":"https:\/\/roveyayinevi.com.tr\/index.php\/wp-json\/wp\/v2\/product"}],"about":[{"href":"https:\/\/roveyayinevi.com.tr\/index.php\/wp-json\/wp\/v2\/types\/product"}],"wp:attachment":[{"href":"https:\/\/roveyayinevi.com.tr\/index.php\/wp-json\/wp\/v2\/media?parent=715939"}],"wp:term":[{"taxonomy":"product_brand","embeddable":true,"href":"https:\/\/roveyayinevi.com.tr\/index.php\/wp-json\/wp\/v2\/product_brand?post=715939"},{"taxonomy":"product_cat","embeddable":true,"href":"https:\/\/roveyayinevi.com.tr\/index.php\/wp-json\/wp\/v2\/product_cat?post=715939"},{"taxonomy":"product_tag","embeddable":true,"href":"https:\/\/roveyayinevi.com.tr\/index.php\/wp-json\/wp\/v2\/product_tag?post=715939"}],"curies":[{"name":"wp","href":"https:\/\/api.w.org\/{rel}","templated":true}]}}