{"id":715937,"date":"2025-08-27T17:36:26","date_gmt":"2025-08-27T14:36:26","guid":{"rendered":"https:\/\/roveyayinevi.com.tr\/index.php\/urun\/sosyal-hizmet-ve-maneviyat\/"},"modified":"2026-04-16T02:23:58","modified_gmt":"2026-04-15T23:23:58","slug":"sosyal-hizmet-ve-maneviyat","status":"publish","type":"product","link":"https:\/\/roveyayinevi.com.tr\/index.php\/urun\/sosyal-hizmet-ve-maneviyat\/","title":{"rendered":"Sosyal Hizmet ve Maneviyat"},"content":{"rendered":"<p>Manev\u00ee sosyal hizmet, hizmetten yararlananlar\u0131n ruh\u00ee ve beden\u00ee, madd\u00ee ve manev\u00ee bir b\u00fct\u00fcnl\u00fck arz ettikleri hakikatini rehber edinir. Bu bak\u0131mdan sosyal hizmet, bireylerin mensup oldu\u011fu toplumun inanc\u0131na, dinine, gelenek ve g\u00f6reneklerine, k\u0131sacas\u0131 bu unsurlar\u0131 ihtiva eden k\u00fclt\u00fcr\u00fcne duyarl\u0131 olmak durumundad\u0131r. Bunun yan\u0131 s\u0131ra, bilhassa b\u0131rakt\u0131\u011f\u0131 ruh\u00ee yahut manev\u00ee tesirler a\u00e7\u0131s\u0131ndan bireyin hayat hik\u00e2yesinin nirengi noktalar\u0131n\u0131 bilmek, ona sunulacak sosyal hizmetin kalitesini ve ba\u015far\u0131s\u0131n\u0131 art\u0131racakt\u0131r. Sosyal hizmet uygulamas\u0131 hakk\u0131nda bir\u00e7ok \u00e7al\u0131\u015fmas\u0131 bulunan Ian Mathews, kitab\u0131nda bu hususlar\u0131 her bir gruba y\u00f6nelik sosyal hizmet \u00e7al\u0131\u015fmas\u0131 \u00fczerinde \u00f6rnek vakalarla ve de\u011ferlendirmelerle incelemi\u015ftir.Kitap, \u00fcniversitelerin Sosyal Hizmet B\u00f6l\u00fcm\u00fc \u00f6\u011frencileri i\u00e7in bir ders kitab\u0131 ve mezuniyetlerinden sonra sosyal hizmet uygulamalar\u0131nda onlara rehberlik edecek bir el kitab\u0131 niteli\u011findedir. Kitaptaki uygulama \u00f6rneklerinde farkl\u0131 dinlere mensup bireylere yer verilmekle birlikte, a\u011f\u0131rl\u0131kl\u0131 olarak Bat\u0131 ve Hristiyan toplumlar\u0131 nazar\u0131dikkate al\u0131nm\u0131\u015ft\u0131r. Dolay\u0131s\u0131yla kitaptaki analiz ve uygulama \u00f6rneklerinden tam ve do\u011fru bir \u015fekilde istifade etmek isteyen sosyal hizmet uzmanlar\u0131, hizmet verdikleri bireylerin ve gruplar\u0131n sosyo-k\u00fclt\u00fcrel ge\u00e7mi\u015flerine ve din\u00ee mensubiyetlerine duyarl\u0131 okuma yapmal\u0131d\u0131rlar. B\u00f6ylece mesle\u011fin evrensel ilkeleri, yerel hususiyetlerle bir b\u00fct\u00fcnl\u00fck i\u00e7erisinde yorumlanm\u0131\u015f olacakt\u0131r.Ayr\u0131ca bu kitap, Bat\u0131\u2019daki manev\u00ee sosyal hizmeti, kendi toplumumuzdaki sosyal hizmet uygulamalar\u0131yla k\u0131yaslama imk\u00e2n\u0131 sunmas\u0131 a\u00e7\u0131s\u0131ndan da istifade edilebilecek bir eserdir.<\/p>\n","protected":false},"excerpt":{"rendered":"<p>Manev\u00ee sosyal hizmet, hizmetten yararlananlar\u0131n ruh\u00ee ve beden\u00ee, madd\u00ee ve manev\u00ee bir b\u00fct\u00fcnl\u00fck arz ettikleri hakikatini rehber edinir. Bu bak\u0131mdan sosyal hizmet, bireylerin mensup oldu\u011fu toplumun<span class=\"excerpt-hellip\"> [\u2026]<\/span><\/p>\n","protected":false},"featured_media":0,"template":"","meta":{"_monsterinsights_skip_tracking":false,"_monsterinsights_sitenote_active":false,"_monsterinsights_sitenote_note":"","_monsterinsights_sitenote_category":0},"product_brand":[],"product_cat":[12364,16266],"product_tag":[],"class_list":{"0":"post-715937","1":"product","2":"type-product","3":"status-publish","5":"product_cat-genel-konular","6":"product_cat-referans-kaynak-kitap","7":"pa_cilt-ciltsiz","8":"pa_tur-kitap","9":"pa_yayinevi-bilge-kultur-sanat","10":"pa_yazar-ian-mathews","12":"first","13":"instock","14":"sale","15":"shipping-taxable","16":"purchasable","17":"product-type-simple"},"_links":{"self":[{"href":"https:\/\/roveyayinevi.com.tr\/index.php\/wp-json\/wp\/v2\/product\/715937","targetHints":{"allow":["GET"]}}],"collection":[{"href":"https:\/\/roveyayinevi.com.tr\/index.php\/wp-json\/wp\/v2\/product"}],"about":[{"href":"https:\/\/roveyayinevi.com.tr\/index.php\/wp-json\/wp\/v2\/types\/product"}],"wp:attachment":[{"href":"https:\/\/roveyayinevi.com.tr\/index.php\/wp-json\/wp\/v2\/media?parent=715937"}],"wp:term":[{"taxonomy":"product_brand","embeddable":true,"href":"https:\/\/roveyayinevi.com.tr\/index.php\/wp-json\/wp\/v2\/product_brand?post=715937"},{"taxonomy":"product_cat","embeddable":true,"href":"https:\/\/roveyayinevi.com.tr\/index.php\/wp-json\/wp\/v2\/product_cat?post=715937"},{"taxonomy":"product_tag","embeddable":true,"href":"https:\/\/roveyayinevi.com.tr\/index.php\/wp-json\/wp\/v2\/product_tag?post=715937"}],"curies":[{"name":"wp","href":"https:\/\/api.w.org\/{rel}","templated":true}]}}