{"id":715936,"date":"2025-08-27T17:36:26","date_gmt":"2025-08-27T14:36:26","guid":{"rendered":"https:\/\/roveyayinevi.com.tr\/index.php\/urun\/siyaset-bilimi-4\/"},"modified":"2026-04-16T02:23:58","modified_gmt":"2026-04-15T23:23:58","slug":"siyaset-bilimi-4","status":"publish","type":"product","link":"https:\/\/roveyayinevi.com.tr\/index.php\/urun\/siyaset-bilimi-4\/","title":{"rendered":"Siyaset Bilimi"},"content":{"rendered":"<p>Siyaset Bilimi \u00f6ncelikle siyaset bilimini tercih etmi\u015f \u00f6\u011frenciler i\u00e7in g\u00fcvenilir bir giri\u015f kitab\u0131. Ayr\u0131ca, siyasete ilgi duyan, siyasal olgu ve kavramlarla ilgili bilgilerini derinle\u015ftirmek isteyen herkesin ba\u015fvurabilece\u011fi temel bir kaynak. Siyasete a\u015fina, ancak g\u00f6zlemlerinden neden-sonu\u00e7 ili\u015fkisi \u00e7\u0131karamayan, ifadeleri bir s\u00fcre sonra tutarl\u0131l\u0131\u011f\u0131n\u0131 yitiren okurun imdad\u0131na yeti\u015fiyor. T\u00fcrk\u00e7e, \u0130ngilizce, Frans\u0131zca, \u0130talyanca ve Arap\u00e7a kaynaklar da kullan\u0131larak haz\u0131rlanan bu \u00e7al\u0131\u015fman\u0131n ana b\u00f6l\u00fcm ba\u015fl\u0131klar\u0131 \u201cSiyaset: Kavramlar ve Tan\u0131mlar\u201d, \u201cSiyaset Sosyolojisi\u201d, \u201cDevletler ve Rejimler\u201d, \u201cSiyasal D\u00fc\u015f\u00fcnce ve \u0130deolojiler\u201d ve \u201cUlus-Devlet \u00d6tesi Siyaset\u201dten olu\u015fuyor. Bu \u00e7er\u00e7evede S\u0130YASET B\u0130L\u0130M\u0130\u2019ni okurken Kutsal Kitaplar\u2019dan Konf\u00fc\u00e7yus\u2019a, Aristoteles\u2019ten Marx\u2019a, Siyasal K\u00fclt\u00fcr\u2019den Toplumsal De\u011fi\u015fme\u2019ye, Siyasal Toplumsalla\u015fma\u2019dan K\u00fclt\u00fcrel Hegemonya\u2019ya, Mutlakiyet\u00e7i Devlet Teorisi\u2019nden Britanya \u00c7o\u011fulculu\u011fu\u2019na, Milliyet\u00e7ilik Fanatizm ili\u015fkisinden Alternatif K\u00fcreselle\u015fme\u2019ye kadar siyaset ve siyaset bilimiyle ilgili bir\u00e7ok temel alanda \u00f6zl\u00fc ve temel bilgiler elde etme olana\u011f\u0131na kavu\u015fuyoruz.<\/p>\n","protected":false},"excerpt":{"rendered":"<p>Siyaset Bilimi \u00f6ncelikle siyaset bilimini tercih etmi\u015f \u00f6\u011frenciler i\u00e7in g\u00fcvenilir bir giri\u015f kitab\u0131. Ayr\u0131ca, siyasete ilgi duyan, siyasal olgu ve kavramlarla ilgili bilgilerini derinle\u015ftirmek isteyen herkesin<span class=\"excerpt-hellip\"> [\u2026]<\/span><\/p>\n","protected":false},"featured_media":0,"template":"","meta":{"_monsterinsights_skip_tracking":false,"_monsterinsights_sitenote_active":false,"_monsterinsights_sitenote_note":"","_monsterinsights_sitenote_category":0},"product_brand":[],"product_cat":[12337,14706],"product_tag":[],"class_list":{"0":"post-715936","1":"product","2":"type-product","3":"status-publish","5":"product_cat-politika-siyaset","6":"product_cat-siyaset-bilimi","7":"pa_cilt-ciltsiz","8":"pa_tur-kitap","9":"pa_yayinevi-bilge-kultur-sanat","10":"pa_yazar-cengiz-cagla","12":"first","13":"instock","14":"sale","15":"shipping-taxable","16":"purchasable","17":"product-type-simple"},"_links":{"self":[{"href":"https:\/\/roveyayinevi.com.tr\/index.php\/wp-json\/wp\/v2\/product\/715936","targetHints":{"allow":["GET"]}}],"collection":[{"href":"https:\/\/roveyayinevi.com.tr\/index.php\/wp-json\/wp\/v2\/product"}],"about":[{"href":"https:\/\/roveyayinevi.com.tr\/index.php\/wp-json\/wp\/v2\/types\/product"}],"wp:attachment":[{"href":"https:\/\/roveyayinevi.com.tr\/index.php\/wp-json\/wp\/v2\/media?parent=715936"}],"wp:term":[{"taxonomy":"product_brand","embeddable":true,"href":"https:\/\/roveyayinevi.com.tr\/index.php\/wp-json\/wp\/v2\/product_brand?post=715936"},{"taxonomy":"product_cat","embeddable":true,"href":"https:\/\/roveyayinevi.com.tr\/index.php\/wp-json\/wp\/v2\/product_cat?post=715936"},{"taxonomy":"product_tag","embeddable":true,"href":"https:\/\/roveyayinevi.com.tr\/index.php\/wp-json\/wp\/v2\/product_tag?post=715936"}],"curies":[{"name":"wp","href":"https:\/\/api.w.org\/{rel}","templated":true}]}}