{"id":715932,"date":"2025-08-27T17:36:24","date_gmt":"2025-08-27T14:36:24","guid":{"rendered":"https:\/\/roveyayinevi.com.tr\/index.php\/urun\/orhon-yazitlari\/"},"modified":"2026-04-16T02:23:58","modified_gmt":"2026-04-15T23:23:58","slug":"orhon-yazitlari","status":"publish","type":"product","link":"https:\/\/roveyayinevi.com.tr\/index.php\/urun\/orhon-yazitlari\/","title":{"rendered":"Orhon Yaz\u0131tlar\u0131"},"content":{"rendered":"<p>Do\u011fu Avrupa\u2019da ele ge\u00e7mi\u015f yaz\u0131tlar da hesaba kat\u0131ld\u0131\u011f\u0131nda, bug\u00fcn elimizde T\u00fcrk runik harfleri ile yaz\u0131lm\u0131\u015f alt\u0131 y\u00fcze yak\u0131n yaz\u0131t bulunmaktad\u0131r. Bunlar\u0131n b\u00fcy\u00fck bir b\u00f6l\u00fcm\u00fc Tuva, Hakasya ve Mo\u011folistan; geri kalanlar ise Da\u011fl\u0131k Altay, K\u0131rg\u0131zistan, Kazakistan, \u00d6zbekistan ve \u00c7in Halk Cumhuriyeti s\u0131n\u0131rlar\u0131 i\u00e7erisindedir.Elinizdeki kitapta, T\u00fcrk runik harfli eski T\u00fcrk yaz\u0131tlar\u0131n\u0131n, sat\u0131r say\u0131s\u0131 bak\u0131m\u0131ndan en hacimli, i\u00e7erik bak\u0131m\u0131ndan en de\u011ferlilerinden olan K\u00f6l Tegin, Bilge Ka\u011fan, Tonyukuk I, Tonyukuk II, Ongi ve K\u00fcli \u00c7or yaz\u0131tlar\u0131n\u0131n T\u00fcrk runik harfli metni, yaz\u0131 \u00e7evrimi (transkripsiyon) ve g\u00fcn\u00fcm\u00fcz T\u00fcrk\u00e7esine \u00e7evirisi bulunmaktad\u0131r. Metinlerin T\u00fcrk runik harfleri ile yaz\u0131m\u0131, yaz\u0131 \u00e7evrimi ve g\u00fcn\u00fcm\u00fcz T\u00fcrk\u00e7esine \u00e7evirisi alt alta verilmi\u015f; b\u00f6ylelikle bu harfleri \u00f6\u011frenmek isteyen \u00f6\u011frenciler ile ara\u015ft\u0131rmac\u0131lara kolayl\u0131k sa\u011flanm\u0131\u015ft\u0131r. Ayr\u0131ca, kitab\u0131n bu bask\u0131s\u0131nda, T\u00fcrk runik harfli metinler, kitab\u0131n sonunda derli toplu olarak bir arada verilmi\u015ftir.<\/p>\n","protected":false},"excerpt":{"rendered":"<p>Do\u011fu Avrupa\u2019da ele ge\u00e7mi\u015f yaz\u0131tlar da hesaba kat\u0131ld\u0131\u011f\u0131nda, bug\u00fcn elimizde T\u00fcrk runik harfleri ile yaz\u0131lm\u0131\u015f alt\u0131 y\u00fcze yak\u0131n yaz\u0131t bulunmaktad\u0131r. Bunlar\u0131n b\u00fcy\u00fck bir b\u00f6l\u00fcm\u00fc Tuva, Hakasya<span class=\"excerpt-hellip\"> [\u2026]<\/span><\/p>\n","protected":false},"featured_media":0,"template":"","meta":{"_monsterinsights_skip_tracking":false,"_monsterinsights_sitenote_active":false,"_monsterinsights_sitenote_note":"","_monsterinsights_sitenote_category":0},"product_brand":[],"product_cat":[12304,13650],"product_tag":[],"class_list":{"0":"post-715932","1":"product","2":"type-product","3":"status-publish","5":"product_cat-tarih","6":"product_cat-turk-tarihi-arastirmalari","7":"pa_cilt-ciltsiz","8":"pa_tur-kitap","9":"pa_yayinevi-bilge-kultur-sanat","10":"pa_yazar-erhan-aydin","12":"first","13":"instock","14":"sale","15":"shipping-taxable","16":"purchasable","17":"product-type-simple"},"_links":{"self":[{"href":"https:\/\/roveyayinevi.com.tr\/index.php\/wp-json\/wp\/v2\/product\/715932","targetHints":{"allow":["GET"]}}],"collection":[{"href":"https:\/\/roveyayinevi.com.tr\/index.php\/wp-json\/wp\/v2\/product"}],"about":[{"href":"https:\/\/roveyayinevi.com.tr\/index.php\/wp-json\/wp\/v2\/types\/product"}],"wp:attachment":[{"href":"https:\/\/roveyayinevi.com.tr\/index.php\/wp-json\/wp\/v2\/media?parent=715932"}],"wp:term":[{"taxonomy":"product_brand","embeddable":true,"href":"https:\/\/roveyayinevi.com.tr\/index.php\/wp-json\/wp\/v2\/product_brand?post=715932"},{"taxonomy":"product_cat","embeddable":true,"href":"https:\/\/roveyayinevi.com.tr\/index.php\/wp-json\/wp\/v2\/product_cat?post=715932"},{"taxonomy":"product_tag","embeddable":true,"href":"https:\/\/roveyayinevi.com.tr\/index.php\/wp-json\/wp\/v2\/product_tag?post=715932"}],"curies":[{"name":"wp","href":"https:\/\/api.w.org\/{rel}","templated":true}]}}